{"id":795,"date":"2023-10-17T18:09:27","date_gmt":"2023-10-17T18:09:27","guid":{"rendered":"http:\/\/www.nobeltarim.com\/?post_type=product&#038;p=795"},"modified":"2025-09-09T16:36:59","modified_gmt":"2025-09-09T13:36:59","slug":"zona","status":"publish","type":"product","link":"https:\/\/www.nobeltarim.com\/?product=zona","title":{"rendered":"ZONA"},"content":{"rendered":"<p><strong>ZONA<\/strong><\/p>\n<p><strong>0-50-30<\/strong><\/p>\n<p><strong>\u00a0<\/strong><\/p>\n<p><strong>Garanti Edilen \u0130\u00e7erik:<\/strong><\/p>\n<p>Suda \u00c7\u00f6z\u00fcn\u00fcr Fosfor Penta Osit (P\u2082O\u2085) %50<\/p>\n<p>Suda \u00c7\u00f6z\u00fcn\u00fcr Potasyum Oksit (K\u2082O) %30<\/p>\n<p>&nbsp;<\/p>\n<p>&nbsp;<\/p>\n","protected":false},"excerpt":{"rendered":"<p>ZONA 0-50-30 \u00a0 Garanti Edilen \u0130\u00e7erik: Suda \u00c7\u00f6z\u00fcn\u00fcr Fosfor Penta Osit (P\u2082O\u2085) %50 Suda \u00c7\u00f6z\u00fcn\u00fcr Potasyum Oksit (K\u2082O) %30 &nbsp; &nbsp;<\/p>\n","protected":false},"featured_media":607,"template":"","meta":[],"product_cat":[81],"product_tag":[],"_links":{"self":[{"href":"https:\/\/www.nobeltarim.com\/index.php?rest_route=\/wp\/v2\/product\/795"}],"collection":[{"href":"https:\/\/www.nobeltarim.com\/index.php?rest_route=\/wp\/v2\/product"}],"about":[{"href":"https:\/\/www.nobeltarim.com\/index.php?rest_route=\/wp\/v2\/types\/product"}],"wp:featuredmedia":[{"embeddable":true,"href":"https:\/\/www.nobeltarim.com\/index.php?rest_route=\/wp\/v2\/media\/607"}],"wp:attachment":[{"href":"https:\/\/www.nobeltarim.com\/index.php?rest_route=%2Fwp%2Fv2%2Fmedia&parent=795"}],"wp:term":[{"taxonomy":"product_cat","embeddable":true,"href":"https:\/\/www.nobeltarim.com\/index.php?rest_route=%2Fwp%2Fv2%2Fproduct_cat&post=795"},{"taxonomy":"product_tag","embeddable":true,"href":"https:\/\/www.nobeltarim.com\/index.php?rest_route=%2Fwp%2Fv2%2Fproduct_tag&post=795"}],"curies":[{"name":"wp","href":"https:\/\/api.w.org\/{rel}","templated":true}]}}