{"id":793,"date":"2023-10-17T18:05:30","date_gmt":"2023-10-17T18:05:30","guid":{"rendered":"http:\/\/www.nobeltarim.com\/?post_type=product&#038;p=793"},"modified":"2025-07-17T10:21:38","modified_gmt":"2025-07-17T07:21:38","slug":"fertall-mb","status":"publish","type":"product","link":"https:\/\/www.nobeltarim.com\/?product=fertall-mb","title":{"rendered":"GROW TIME FERTALL MB"},"content":{"rendered":"<p><strong>GROW TIME FERTALL MB<\/strong><\/p>\n<p><strong>\u00a0<\/strong><\/p>\n<p><strong>M\u0130KRO B\u0130TK\u0130 BES\u0130N MADDELER\u0130 KARI\u015eIMI <\/strong><\/p>\n<p><strong>Garanti Edilen \u0130\u00e7erik<\/strong><\/p>\n<p>&nbsp;<\/p>\n<p>Suda \u00c7\u00f6z\u00fcn\u00fcr Bor (B). \u00a0\u00a0\u00a0\u00a0\u00a0\u00a0\u00a0\u00a0\u00a0\u00a0\u00a0\u00a0\u00a0\u00a0\u00a0\u00a0%0.8 w\/w<\/p>\n<p>Suda \u00c7\u00f6z\u00fcn\u00fcr Bak\u0131r (Cu) \u00a0\u00a0\u00a0\u00a0\u00a0\u00a0\u00a0\u00a0\u00a0\u00a0\u00a0\u00a0%0.5 w\/w<\/p>\n<p>Suda \u00c7\u00f6z\u00fcn\u00fcr Demir (Fe). \u00a0\u00a0\u00a0\u00a0\u00a0\u00a0\u00a0\u00a0\u00a0\u00a0\u00a0%4 w\/w<\/p>\n<p>Suda \u00c7\u00f6z\u00fcn\u00fcr Mangan (Mn) .:\u00a0\u00a0\u00a0\u00a0 %1 w\/w<\/p>\n<p>Suda \u00c7\u00f6z\u00fcn\u00fcr Molibden (Mo) \u00a0\u00a0\u00a0\u00a0\u00a0%0.1 w\/w<\/p>\n<p>Suda \u00c7\u00f6z\u00fcn\u00fcr \u00c7inko (Zn). \u00a0\u00a0\u00a0\u00a0\u00a0\u00a0\u00a0\u00a0\u00a0\u00a0\u00a0%4w\/w<\/p>\n<p>&nbsp;<\/p>\n<p>&nbsp;<\/p>\n","protected":false},"excerpt":{"rendered":"<h3><strong>M\u0130KRO B\u0130TK\u0130 BES\u0130N MADDELER\u0130 KARI\u015eIMI <\/strong><\/h3>\n","protected":false},"featured_media":565,"template":"","meta":[],"product_cat":[81],"product_tag":[],"_links":{"self":[{"href":"https:\/\/www.nobeltarim.com\/index.php?rest_route=\/wp\/v2\/product\/793"}],"collection":[{"href":"https:\/\/www.nobeltarim.com\/index.php?rest_route=\/wp\/v2\/product"}],"about":[{"href":"https:\/\/www.nobeltarim.com\/index.php?rest_route=\/wp\/v2\/types\/product"}],"wp:featuredmedia":[{"embeddable":true,"href":"https:\/\/www.nobeltarim.com\/index.php?rest_route=\/wp\/v2\/media\/565"}],"wp:attachment":[{"href":"https:\/\/www.nobeltarim.com\/index.php?rest_route=%2Fwp%2Fv2%2Fmedia&parent=793"}],"wp:term":[{"taxonomy":"product_cat","embeddable":true,"href":"https:\/\/www.nobeltarim.com\/index.php?rest_route=%2Fwp%2Fv2%2Fproduct_cat&post=793"},{"taxonomy":"product_tag","embeddable":true,"href":"https:\/\/www.nobeltarim.com\/index.php?rest_route=%2Fwp%2Fv2%2Fproduct_tag&post=793"}],"curies":[{"name":"wp","href":"https:\/\/api.w.org\/{rel}","templated":true}]}}