{"id":792,"date":"2023-10-17T18:04:25","date_gmt":"2023-10-17T18:04:25","guid":{"rendered":"http:\/\/www.nobeltarim.com\/?post_type=product&#038;p=792"},"modified":"2025-07-29T14:18:59","modified_gmt":"2025-07-29T11:18:59","slug":"sequferrine","status":"publish","type":"product","link":"https:\/\/www.nobeltarim.com\/?product=sequferrine","title":{"rendered":"SEQUFERRINE"},"content":{"rendered":"<p><strong>SEQUFERRINE<\/strong><\/p>\n<p>GARANT\u0130 ED\u0130LEN ANALIZ: (% W\/W):<\/p>\n<p>Suda \u00c7\u00f6z\u00fcn\u00fcr Demir (EDDHA-Fe) :% 6<\/p>\n<p>( EDDHA-Fe %6 metalik demir)<\/p>\n<p>&nbsp;<\/p>\n<p>&nbsp;<\/p>\n<p><strong>\u00a0<\/strong><\/p>\n<p><strong>\u00a0<\/strong><\/p>\n<p><strong>\u00a0<\/strong><\/p>\n","protected":false},"excerpt":{"rendered":"<p>SEQUFERRINE GARANT\u0130 ED\u0130LEN ANALIZ: (% W\/W): Suda \u00c7\u00f6z\u00fcn\u00fcr Demir (EDDHA-Fe) :% 6 ( EDDHA-Fe %6 metalik demir) &nbsp; &nbsp; \u00a0 \u00a0 \u00a0<\/p>\n","protected":false},"featured_media":0,"template":"","meta":[],"product_cat":[81],"product_tag":[],"_links":{"self":[{"href":"https:\/\/www.nobeltarim.com\/index.php?rest_route=\/wp\/v2\/product\/792"}],"collection":[{"href":"https:\/\/www.nobeltarim.com\/index.php?rest_route=\/wp\/v2\/product"}],"about":[{"href":"https:\/\/www.nobeltarim.com\/index.php?rest_route=\/wp\/v2\/types\/product"}],"wp:attachment":[{"href":"https:\/\/www.nobeltarim.com\/index.php?rest_route=%2Fwp%2Fv2%2Fmedia&parent=792"}],"wp:term":[{"taxonomy":"product_cat","embeddable":true,"href":"https:\/\/www.nobeltarim.com\/index.php?rest_route=%2Fwp%2Fv2%2Fproduct_cat&post=792"},{"taxonomy":"product_tag","embeddable":true,"href":"https:\/\/www.nobeltarim.com\/index.php?rest_route=%2Fwp%2Fv2%2Fproduct_tag&post=792"}],"curies":[{"name":"wp","href":"https:\/\/api.w.org\/{rel}","templated":true}]}}