{"id":791,"date":"2023-10-17T18:03:28","date_gmt":"2023-10-17T18:03:28","guid":{"rendered":"http:\/\/www.nobeltarim.com\/?post_type=product&#038;p=791"},"modified":"2025-09-09T16:34:48","modified_gmt":"2025-09-09T13:34:48","slug":"ever-time","status":"publish","type":"product","link":"https:\/\/www.nobeltarim.com\/?product=ever-time","title":{"rendered":"EVER  TIME"},"content":{"rendered":"<p><strong>EVER \u00a0TIME<\/strong><\/p>\n<p><strong>Suda \u00c7\u00f6z\u00fcn\u00fcr NPK Serisi<\/strong><\/p>\n<p><strong>\u00a0<\/strong><\/p>\n<p><strong>Formulasyonlar<\/strong><\/p>\n<p><strong>\u00a0<\/strong><\/p>\n<p>20 Lbs Kraft Torba\u00a0\u00a0\u00a0\u00a0\u00a0\u00a0\u00a0\u00a0\u00a0\u00a0\u00a0\u00a0\u00a0\u00a0\u00a0 1kg Kutu<\/p>\n<p>20.20.20-ME\u00a0\u00a0\u00a0\u00a0\u00a0\u00a0\u00a0\u00a0\u00a0\u00a0\u00a0\u00a0\u00a0\u00a0\u00a0\u00a0\u00a0\u00a0\u00a0\u00a0\u00a0\u00a0\u00a0 18-18-18-ME<\/p>\n<p>5.12.40-ME\u00a0\u00a0\u00a0\u00a0\u00a0\u00a0\u00a0\u00a0\u00a0\u00a0\u00a0\u00a0\u00a0\u00a0\u00a0\u00a0\u00a0\u00a0\u00a0\u00a0\u00a0\u00a0\u00a0\u00a0\u00a0 10.10.35 ME<\/p>\n<p>10.40.10+ME\u00a0\u00a0\u00a0\u00a0\u00a0\u00a0\u00a0\u00a0\u00a0\u00a0\u00a0\u00a0\u00a0\u00a0\u00a0\u00a0\u00a0\u00a0\u00a0\u00a0\u00a0\u00a0 10.35 10-ME<\/p>\n<p>16.8.24-ME<\/p>\n<p>20.10.20+ME<\/p>\n<p>20.05.30-ME<\/p>\n<p>30.10.10 ME<\/p>\n<p>630.30+ME<\/p>\n<p>15.10.30+ME<\/p>\n<p>12.0.43+ME<\/p>\n<p>10.52.10+ME<\/p>\n<p>0.40.40+ME<\/p>\n<p>&nbsp;<\/p>\n<p>&nbsp;<\/p>\n","protected":false},"excerpt":{"rendered":"<h3><strong>Suda \u00c7\u00f6z\u00fcn\u00fcr NPK Serisi<\/strong><\/h3>\n","protected":false},"featured_media":843,"template":"","meta":[],"product_cat":[81],"product_tag":[],"_links":{"self":[{"href":"https:\/\/www.nobeltarim.com\/index.php?rest_route=\/wp\/v2\/product\/791"}],"collection":[{"href":"https:\/\/www.nobeltarim.com\/index.php?rest_route=\/wp\/v2\/product"}],"about":[{"href":"https:\/\/www.nobeltarim.com\/index.php?rest_route=\/wp\/v2\/types\/product"}],"wp:featuredmedia":[{"embeddable":true,"href":"https:\/\/www.nobeltarim.com\/index.php?rest_route=\/wp\/v2\/media\/843"}],"wp:attachment":[{"href":"https:\/\/www.nobeltarim.com\/index.php?rest_route=%2Fwp%2Fv2%2Fmedia&parent=791"}],"wp:term":[{"taxonomy":"product_cat","embeddable":true,"href":"https:\/\/www.nobeltarim.com\/index.php?rest_route=%2Fwp%2Fv2%2Fproduct_cat&post=791"},{"taxonomy":"product_tag","embeddable":true,"href":"https:\/\/www.nobeltarim.com\/index.php?rest_route=%2Fwp%2Fv2%2Fproduct_tag&post=791"}],"curies":[{"name":"wp","href":"https:\/\/api.w.org\/{rel}","templated":true}]}}