{"id":788,"date":"2023-10-17T17:57:16","date_gmt":"2023-10-17T17:57:16","guid":{"rendered":"http:\/\/www.nobeltarim.com\/?post_type=product&#038;p=788"},"modified":"2025-09-09T16:03:14","modified_gmt":"2025-09-09T13:03:14","slug":"tempus","status":"publish","type":"product","link":"https:\/\/www.nobeltarim.com\/?product=tempus","title":{"rendered":"TEMPUS"},"content":{"rendered":"<p><strong>TEMPUS<\/strong><\/p>\n<p><strong>HAYVANSAL MEN\u015eEL\u0130 AM\u0130NO AS\u0130T<\/strong><\/p>\n<p><strong>GARANT\u0130 ED\u0130LEN \u0130\u00c7ER\u0130K\u00a0\u00a0\u00a0\u00a0\u00a0\u00a0\u00a0\u00a0\u00a0\u00a0\u00a0\u00a0 \u00a0\u00a0 \u00a0\u00a0\u00a0\u00a0\u00a0\u00a0\u00a0\u00a0\u00a0\u00a0\u00a0\u00a0\u00a0\u00a0\u00a0\u00a0\u00a0\u00a0\u00a0\u00a0W\/W<\/strong><\/p>\n<p>Organik Madde\u00a0\u00a0\u00a0\u00a0\u00a0\u00a0\u00a0\u00a0\u00a0\u00a0\u00a0\u00a0\u00a0\u00a0\u00a0\u00a0\u00a0\u00a0\u00a0\u00a0\u00a0\u00a0\u00a0\u00a0\u00a0\u00a0\u00a0\u00a0\u00a0\u00a0\u00a0\u00a0\u00a0\u00a0\u00a0\u00a0\u00a0\u00a0\u00a0 \u00a0\u00a0\u00a0\u00a0\u00a0\u00a0\u00a0\u00a0\u00a0\u00a0\u00a0\u00a0\u00a0\u00a0\u00a0\u00a0\u00a0\u00a0\u00a0\u00a0\u00a0\u00a0\u00a0\u00a0%20<\/p>\n<p>Organik Karbon\u00a0\u00a0\u00a0\u00a0\u00a0\u00a0\u00a0\u00a0\u00a0\u00a0\u00a0\u00a0\u00a0\u00a0\u00a0\u00a0\u00a0\u00a0\u00a0\u00a0\u00a0\u00a0\u00a0\u00a0\u00a0\u00a0\u00a0\u00a0\u00a0\u00a0\u00a0\u00a0\u00a0\u00a0\u00a0\u00a0\u00a0\u00a0\u00a0 \u00a0\u00a0\u00a0\u00a0\u00a0\u00a0\u00a0\u00a0\u00a0\u00a0\u00a0\u00a0\u00a0\u00a0\u00a0\u00a0\u00a0\u00a0\u00a0\u00a0\u00a0\u00a0\u00a0%8<\/p>\n<p>Organik Azot\u00a0\u00a0\u00a0\u00a0\u00a0\u00a0\u00a0\u00a0\u00a0\u00a0\u00a0\u00a0\u00a0\u00a0\u00a0\u00a0\u00a0\u00a0\u00a0\u00a0\u00a0\u00a0\u00a0\u00a0\u00a0\u00a0\u00a0\u00a0\u00a0\u00a0\u00a0\u00a0\u00a0\u00a0\u00a0\u00a0\u00a0\u00a0\u00a0\u00a0\u00a0\u00a0 <strong>\u00a0\u00a0\u00a0\u00a0\u00a0\u00a0\u00a0\u00a0\u00a0\u00a0\u00a0\u00a0\u00a0\u00a0\u00a0\u00a0\u00a0\u00a0\u00a0\u00a0\u00a0\u00a0\u00a0\u00a0\u00a0<\/strong>%3<\/p>\n<p>Serbest Aminoasitler\u00a0\u00a0\u00a0\u00a0\u00a0\u00a0\u00a0\u00a0\u00a0\u00a0\u00a0\u00a0\u00a0\u00a0\u00a0\u00a0\u00a0\u00a0\u00a0\u00a0\u00a0\u00a0\u00a0\u00a0\u00a0\u00a0\u00a0\u00a0\u00a0\u00a0\u00a0 \u00a0\u00a0\u00a0\u00a0\u00a0\u00a0\u00a0\u00a0\u00a0\u00a0\u00a0\u00a0\u00a0\u00a0\u00a0\u00a0\u00a0\u00a0\u00a0\u00a0\u00a0\u00a0\u00a0\u00a0%20<\/p>\n<p>Suda \u00c7\u00f6z\u00fcn\u00fcr Potasyum Oksit (K\u2082O)\u00a0\u00a0\u00a0\u00a0 \u00a0\u00a0\u00a0\u00a0\u00a0\u00a0\u00a0\u00a0\u00a0\u00a0\u00a0\u00a0\u00a0\u00a0\u00a0\u00a0\u00a0\u00a0\u00a0\u00a0\u00a0\u00a0\u00a0\u00a0%15<\/p>\n<p>PH\u00a0\u00a0\u00a0\u00a0\u00a0\u00a0\u00a0\u00a0\u00a0 \u00a0\u00a0\u00a0\u00a0\u00a0\u00a0\u00a0\u00a0\u00a0\u00a0\u00a0\u00a0\u00a0\u00a0\u00a0\u00a0\u00a0\u00a0\u00a0\u00a0\u00a0\u00a0\u00a0\u00a0\u00a0\u00a0\u00a0\u00a0\u00a0\u00a0\u00a0\u00a0\u00a0\u00a0\u00a0\u00a0\u00a0\u00a0\u00a0\u00a0\u00a0\u00a0\u00a0\u00a0\u00a0\u00a0\u00a0\u00a0\u00a0\u00a0\u00a0\u00a0\u00a0\u00a0\u00a0\u00a0\u00a0\u00a0\u00a0\u00a0\u00a0\u00a0\u00a0\u00a0\u00a0\u00a0\u00a0\u00a0\u00a0\u00a0\u00a0\u00a0\u00a0\u00a010-12<\/p>\n<p>&nbsp;<\/p>\n<table>\n<tbody>\n<tr>\n<td colspan=\"3\" width=\"351\"><strong>UYGULAMA ALANLARI, \u015eEK\u0130LLER\u0130 VE KULLANIMLARI<\/strong><\/td>\n<\/tr>\n<tr>\n<td width=\"122\"><strong>\u00dcR\u00dcN C\u0130NS\u0130<\/strong><\/td>\n<td width=\"124\"><strong>TOPRAKTAN UYGULAMA<\/strong><\/td>\n<td width=\"105\"><strong>YAPRAKTAN UYGULAMA<\/strong><\/td>\n<\/tr>\n<tr>\n<td width=\"122\">SEBZELERDE UYGULAMA<\/td>\n<td width=\"124\">600-1000 cc\/Da<\/p>\n<p>&nbsp;<\/p>\n<p>(yeti\u015ftirme d\u00f6neminde 20 g\u00fcnde 1 uygulama)<\/td>\n<td width=\"105\">200-300 cc\/100 Lt su (Yeti\u015ftirme d\u00f6neminde her 20 g\u00fcnde bir 4 uygulama)<\/td>\n<\/tr>\n<tr>\n<td width=\"122\">MEYVELERDE UYGULAMA<\/td>\n<td width=\"124\">750-1000 cc\/Da<\/p>\n<p>(Bitki geli\u015fim d\u00f6nemi boyunca 3-4 uygulama)<\/td>\n<td width=\"105\">200-300 cc\/100 Lt su (Yeti\u015ftirme d\u00f6neminde 15-20 g\u00fcnder bir 3 uygulama)<\/td>\n<\/tr>\n<tr>\n<td width=\"122\">TAHIL, \u015eEKER PANCARI, PATATESTE UYGULAMA<\/td>\n<td width=\"124\">\u00c7\u0131k\u0131\u015f \u00f6ncesi topraktan 400-800 cc\/Da ve bitki geli\u015fim d\u00f6nemi boyunca sulama sistemleri ile 3 kez<\/p>\n<p>200-250 cc\/100 Lt su<\/td>\n<td width=\"105\">200-250 cc\/100 Lt su (Yeti\u015ftirme d\u00f6neminde 15-20 g\u00fcnder bir 3 uygulama)<\/td>\n<\/tr>\n<\/tbody>\n<\/table>\n<p>&nbsp;<\/p>\n<p>&nbsp;<\/p>\n<p>&nbsp;<\/p>\n<p><strong><em>\u00a0<\/em><\/strong><\/p>\n","protected":false},"excerpt":{"rendered":"<h3><strong>HAYVANSAL MEN\u015eEL\u0130 AM\u0130NO AS\u0130T<\/strong><\/h3>\n","protected":false},"featured_media":854,"template":"","meta":[],"product_cat":[125],"product_tag":[],"_links":{"self":[{"href":"https:\/\/www.nobeltarim.com\/index.php?rest_route=\/wp\/v2\/product\/788"}],"collection":[{"href":"https:\/\/www.nobeltarim.com\/index.php?rest_route=\/wp\/v2\/product"}],"about":[{"href":"https:\/\/www.nobeltarim.com\/index.php?rest_route=\/wp\/v2\/types\/product"}],"wp:featuredmedia":[{"embeddable":true,"href":"https:\/\/www.nobeltarim.com\/index.php?rest_route=\/wp\/v2\/media\/854"}],"wp:attachment":[{"href":"https:\/\/www.nobeltarim.com\/index.php?rest_route=%2Fwp%2Fv2%2Fmedia&parent=788"}],"wp:term":[{"taxonomy":"product_cat","embeddable":true,"href":"https:\/\/www.nobeltarim.com\/index.php?rest_route=%2Fwp%2Fv2%2Fproduct_cat&post=788"},{"taxonomy":"product_tag","embeddable":true,"href":"https:\/\/www.nobeltarim.com\/index.php?rest_route=%2Fwp%2Fv2%2Fproduct_tag&post=788"}],"curies":[{"name":"wp","href":"https:\/\/api.w.org\/{rel}","templated":true}]}}