{"id":786,"date":"2023-10-17T17:54:21","date_gmt":"2023-10-17T17:54:21","guid":{"rendered":"http:\/\/www.nobeltarim.com\/?post_type=product&#038;p=786"},"modified":"2025-09-09T16:06:27","modified_gmt":"2025-09-09T13:06:27","slug":"humicol","status":"publish","type":"product","link":"https:\/\/www.nobeltarim.com\/?product=humicol","title":{"rendered":"HUMICOL"},"content":{"rendered":"<p><strong>HUMICOL<\/strong><\/p>\n<p><strong>HUMIC ACID<\/strong><\/p>\n<p>SIVI HALDEK\u0130 H\u00dcM\u0130K AS\u0130T<\/p>\n<p>&nbsp;<\/p>\n<p><strong>Garanti Edilen \u0130\u00e7erik<\/strong><\/p>\n<p>Organik Madde:\u00a0\u00a0\u00a0\u00a0\u00a0\u00a0\u00a0\u00a0\u00a0\u00a0\u00a0\u00a0\u00a0\u00a0\u00a0\u00a0\u00a0\u00a0\u00a0\u00a0\u00a0\u00a0\u00a0\u00a0\u00a0\u00a0\u00a0\u00a0\u00a0\u00a0\u00a0\u00a0\u00a0\u00a0\u00a0\u00a0\u00a0\u00a0\u00a0\u00a0\u00a0\u00a0\u00a0\u00a0\u00a0\u00a0\u00a0\u00a0\u00a0\u00a0\u00a0\u00a0\u00a0\u00a0\u00a0\u00a0\u00a0\u00a0\u00a0\u00a0\u00a0\u00a0 %3 w\/w<\/p>\n<p>Toplam H\u00fcmik ve Fulvik Asit :\u00a0\u00a0\u00a0\u00a0\u00a0\u00a0\u00a0\u00a0\u00a0\u00a0\u00a0\u00a0\u00a0\u00a0\u00a0\u00a0\u00a0\u00a0\u00a0\u00a0\u00a0\u00a0\u00a0\u00a0\u00a0\u00a0\u00a0\u00a0\u00a0\u00a0\u00a0\u00a0\u00a0\u00a0\u00a0\u00a0\u00a0\u00a0\u00a0 %15 w\/w<\/p>\n<p>Suda \u00c7\u00f6z\u00fcn\u00fcr Potasyum Oksit (K20):\u00a0\u00a0\u00a0\u00a0\u00a0\u00a0\u00a0\u00a0\u00a0\u00a0\u00a0\u00a0\u00a0\u00a0\u00a0\u00a0\u00a0\u00a0\u00a0\u00a0\u00a0\u00a0\u00a0\u00a0\u00a0\u00a0\u00a0\u00a0\u00a0\u00a0 %5 w\/w<\/p>\n<p><strong>\u00dcretimde Kullan\u0131lan Hammaddeler:<\/strong><\/p>\n<p>Leonardite<\/p>\n<p>&nbsp;<\/p>\n<table>\n<tbody>\n<tr>\n<td colspan=\"4\" width=\"614\">\u00a0\u00a0\u00a0\u00a0\u00a0\u00a0\u00a0\u00a0\u00a0\u00a0\u00a0\u00a0\u00a0\u00a0\u00a0\u00a0\u00a0\u00a0\u00a0\u00a0\u00a0\u00a0\u00a0\u00a0\u00a0\u00a0\u00a0\u00a0\u00a0\u00a0\u00a0\u00a0\u00a0\u00a0\u00a0\u00a0\u00a0\u00a0\u00a0\u00a0\u00a0 KULLANMA \u015eEKL\u0130 VE DOZLARI<\/td>\n<\/tr>\n<tr>\n<td width=\"154\"><\/td>\n<td colspan=\"2\" width=\"251\">DOZU (dekara)<\/td>\n<td width=\"210\"><\/td>\n<\/tr>\n<tr>\n<td width=\"154\">B\u0130TK\u0130LER<\/td>\n<td width=\"128\">TOPRAKTAN UYGULAMA<\/p>\n<p>gr\/dekar<\/td>\n<td width=\"123\">YAPRAKTAN UYGULAMA<\/p>\n<p>gr\/dekar<\/td>\n<td width=\"210\">KULLANMA ZAMANI<\/td>\n<\/tr>\n<tr>\n<td width=\"154\"><strong>Tarla Bitkileri<\/strong><\/p>\n<p>Bu\u011fday, M\u0131s\u0131r, Soya, Pamuk T\u00fct\u00fcn, Ay\u00e7i\u00e7e\u011fi, Yem bitkileri<\/td>\n<td width=\"128\">800-1000<\/td>\n<td width=\"123\">80-100<\/td>\n<td width=\"210\">Ekimden evvel veya sonra tatbik<\/p>\n<p>edilen yabanc\u0131 ot ila\u00e7lar ile<\/p>\n<p>kar\u0131\u015ft\u0131r\u0131larak kullan\u0131l\u0131r.<\/td>\n<\/tr>\n<tr>\n<td width=\"154\">Fasulye, Bezelye, Biber, Patates<\/p>\n<p>Domates, Patl\u0131can vs<\/td>\n<td width=\"128\">800-1000<\/td>\n<td width=\"123\">100-200<\/td>\n<td width=\"210\">Ekimden sonra yapraklara<\/p>\n<p>p\u00fcsk\u00fcrt\u00fcl\u00fcr. Ekimden evvel topra\u011fa verilir.<\/td>\n<\/tr>\n<tr>\n<td width=\"154\">Kavun, Karpuz, Salatal\u0131k, Kabak<\/td>\n<td width=\"128\">1000-1600<\/td>\n<td width=\"123\">60-100<\/td>\n<td width=\"210\">Ekimden evvel topra\u011fa verilir.<\/p>\n<p>Ekimden sonra bitkiler 0-15 cm boyunda veya kol atmaya ba\u015flad\u0131\u011f\u0131nda yapraktan tatbik edilir<\/td>\n<\/tr>\n<tr>\n<td width=\"154\">Elma Armut \u015eeftali Kay\u0131s\u0131 gibi meyve a\u011fa\u00e7lar\u0131nda ba\u011flarda<\/td>\n<td width=\"128\">1500-2000<\/td>\n<td width=\"123\">60-100<\/td>\n<td width=\"210\">Vejetatif geli\u015fmenin ba\u015flang\u0131c\u0131nda topraktan, daha sonra yapraktan verilir.<\/td>\n<\/tr>\n<tr>\n<td width=\"154\">Narenciye<\/td>\n<td width=\"128\">1500-2000<\/td>\n<td width=\"123\">60-100<\/td>\n<td width=\"210\">\u0130lkbahar ve sonbaharda topraktan, daha sonra yapraktan verilir (\u00c7i\u00e7eklenmeden \u00f6nce)<\/td>\n<\/tr>\n<tr>\n<td width=\"154\"><strong>Seralarda<\/strong><\/p>\n<p>Sun Bitkileri<\/td>\n<td width=\"128\">1000-1500<\/td>\n<td width=\"123\">60-70<\/td>\n<td width=\"210\">Her ekim d\u00f6neminde topra\u011fa tatbik edilir. Daha sonra yapraktan verilir.<\/td>\n<\/tr>\n<tr>\n<td width=\"154\">\u00c7i\u00e7ek ve sebze fidelerinde yap\u0131lacak sulamalarda<\/td>\n<td colspan=\"3\" width=\"461\">Fideliklerin sulamas\u0131nda 100 litre suya 800-1000 gr Grow Time Humic Acid\u00a0 ilave edilir.<\/td>\n<\/tr>\n<tr>\n<td width=\"154\">Tarla bitkilerinde yap\u0131lacak sulamalarda<\/td>\n<td width=\"128\">500-800<\/td>\n<td colspan=\"2\" width=\"333\">Tarla bitkilerinde ekimden sonra bitkinin ihtiyac\u0131 olan suyun verilmesinde sulama suyuna ilave edilir<\/td>\n<\/tr>\n<tr>\n<td width=\"154\">Tohumlar\u0131n Islat\u0131lmas\u0131<\/p>\n<p>Ufak Tohumlar<\/p>\n<p>\u0130ri Tohumlar<\/td>\n<td colspan=\"3\" width=\"461\">-100 kg tohuma 1000 gr tohumlan\u0131n \u0131slatmas\u0131nda kullan\u0131lan suya<\/p>\n<p>-100 kg tohuma 500 gr tavsiye edilen miktar Grow Time Humic Acid ilave edilir.<\/td>\n<\/tr>\n<\/tbody>\n<\/table>\n<p>&nbsp;<\/p>\n","protected":false},"excerpt":{"rendered":"<p>HUMICOL HUMIC ACID SIVI HALDEK\u0130 H\u00dcM\u0130K AS\u0130T &nbsp; Garanti Edilen \u0130\u00e7erik Organik Madde:\u00a0\u00a0\u00a0\u00a0\u00a0\u00a0\u00a0\u00a0\u00a0\u00a0\u00a0\u00a0\u00a0\u00a0\u00a0\u00a0\u00a0\u00a0\u00a0\u00a0\u00a0\u00a0\u00a0\u00a0\u00a0\u00a0\u00a0\u00a0\u00a0\u00a0\u00a0\u00a0\u00a0\u00a0\u00a0\u00a0\u00a0\u00a0\u00a0\u00a0\u00a0\u00a0\u00a0\u00a0\u00a0\u00a0\u00a0\u00a0\u00a0\u00a0\u00a0\u00a0\u00a0\u00a0\u00a0\u00a0\u00a0\u00a0\u00a0\u00a0\u00a0\u00a0 %3 w\/w Toplam H\u00fcmik ve Fulvik Asit :\u00a0\u00a0\u00a0\u00a0\u00a0\u00a0\u00a0\u00a0\u00a0\u00a0\u00a0\u00a0\u00a0\u00a0\u00a0\u00a0\u00a0\u00a0\u00a0\u00a0\u00a0\u00a0\u00a0\u00a0\u00a0\u00a0\u00a0\u00a0\u00a0\u00a0\u00a0\u00a0\u00a0\u00a0\u00a0\u00a0\u00a0\u00a0\u00a0 %15 w\/w Suda \u00c7\u00f6z\u00fcn\u00fcr Potasyum Oksit (K20):\u00a0\u00a0\u00a0\u00a0\u00a0\u00a0\u00a0\u00a0\u00a0\u00a0\u00a0\u00a0\u00a0\u00a0\u00a0\u00a0\u00a0\u00a0\u00a0\u00a0\u00a0\u00a0\u00a0\u00a0\u00a0\u00a0\u00a0\u00a0\u00a0\u00a0 %5 w\/w \u00dcretimde Kullan\u0131lan Hammaddeler: Leonardite &nbsp; \u00a0\u00a0\u00a0\u00a0\u00a0\u00a0\u00a0\u00a0\u00a0\u00a0\u00a0\u00a0\u00a0\u00a0\u00a0\u00a0\u00a0\u00a0\u00a0\u00a0\u00a0\u00a0\u00a0\u00a0\u00a0\u00a0\u00a0\u00a0\u00a0\u00a0\u00a0\u00a0\u00a0\u00a0\u00a0\u00a0\u00a0\u00a0\u00a0\u00a0\u00a0 KULLANMA \u015eEKL\u0130 VE DOZLARI DOZU (dekara) B\u0130TK\u0130LER TOPRAKTAN UYGULAMA gr\/dekar YAPRAKTAN UYGULAMA gr\/dekar KULLANMA ZAMANI Tarla Bitkileri Bu\u011fday, M\u0131s\u0131r, [&#8230;]\n","protected":false},"featured_media":445,"template":"","meta":[],"product_cat":[125],"product_tag":[],"_links":{"self":[{"href":"https:\/\/www.nobeltarim.com\/index.php?rest_route=\/wp\/v2\/product\/786"}],"collection":[{"href":"https:\/\/www.nobeltarim.com\/index.php?rest_route=\/wp\/v2\/product"}],"about":[{"href":"https:\/\/www.nobeltarim.com\/index.php?rest_route=\/wp\/v2\/types\/product"}],"wp:featuredmedia":[{"embeddable":true,"href":"https:\/\/www.nobeltarim.com\/index.php?rest_route=\/wp\/v2\/media\/445"}],"wp:attachment":[{"href":"https:\/\/www.nobeltarim.com\/index.php?rest_route=%2Fwp%2Fv2%2Fmedia&parent=786"}],"wp:term":[{"taxonomy":"product_cat","embeddable":true,"href":"https:\/\/www.nobeltarim.com\/index.php?rest_route=%2Fwp%2Fv2%2Fproduct_cat&post=786"},{"taxonomy":"product_tag","embeddable":true,"href":"https:\/\/www.nobeltarim.com\/index.php?rest_route=%2Fwp%2Fv2%2Fproduct_tag&post=786"}],"curies":[{"name":"wp","href":"https:\/\/api.w.org\/{rel}","templated":true}]}}