{"id":784,"date":"2023-10-17T17:49:42","date_gmt":"2023-10-17T17:49:42","guid":{"rendered":"http:\/\/www.nobeltarim.com\/?post_type=product&#038;p=784"},"modified":"2025-09-09T16:19:51","modified_gmt":"2025-09-09T13:19:51","slug":"bia-mangan","status":"publish","type":"product","link":"https:\/\/www.nobeltarim.com\/?product=bia-mangan","title":{"rendered":"BIA MANGAN"},"content":{"rendered":"<p><strong>Garanti Edilen \u0130\u00e7erik<\/strong><\/p>\n<p>Toplam Mangan(Mn) : %17 w\/w<\/p>\n<p><strong>\u00a0<\/strong><\/p>\n<p><strong>KULLANIMI<\/strong><\/p>\n<p>Bu \u00fcr\u00fcn sadece damla sulama sistemi ile topra\u011fa uygulan\u0131r. Yaprak uygulamas\u0131 yap\u0131lmaz.<\/p>\n<p>Hi\u00e7bir g\u00fcbre ve ila\u00e7 ile kar\u0131\u015ft\u0131r\u0131lmaz.<\/p>\n<p><strong>\u00a0<\/strong><\/p>\n<p><strong>TAVS\u0130YE ED\u0130LEN B\u0130TK\u0130LER VE DOZLARI <\/strong><\/p>\n<p>T\u00fcm bitkilerde kullan\u0131m dozu topraktan dekara 300-500 gr dir.<\/p>\n","protected":false},"excerpt":{"rendered":"<p>Garanti Edilen \u0130\u00e7erik Toplam Mangan(Mn) : %17 w\/w \u00a0 KULLANIMI Bu \u00fcr\u00fcn sadece damla sulama sistemi ile topra\u011fa uygulan\u0131r. Yaprak uygulamas\u0131 yap\u0131lmaz. Hi\u00e7bir g\u00fcbre ve ila\u00e7 ile kar\u0131\u015ft\u0131r\u0131lmaz. \u00a0 TAVS\u0130YE ED\u0130LEN B\u0130TK\u0130LER VE DOZLARI T\u00fcm bitkilerde kullan\u0131m dozu topraktan dekara 300-500 gr dir.<\/p>\n","protected":false},"featured_media":589,"template":"","meta":[],"product_cat":[83],"product_tag":[],"_links":{"self":[{"href":"https:\/\/www.nobeltarim.com\/index.php?rest_route=\/wp\/v2\/product\/784"}],"collection":[{"href":"https:\/\/www.nobeltarim.com\/index.php?rest_route=\/wp\/v2\/product"}],"about":[{"href":"https:\/\/www.nobeltarim.com\/index.php?rest_route=\/wp\/v2\/types\/product"}],"wp:featuredmedia":[{"embeddable":true,"href":"https:\/\/www.nobeltarim.com\/index.php?rest_route=\/wp\/v2\/media\/589"}],"wp:attachment":[{"href":"https:\/\/www.nobeltarim.com\/index.php?rest_route=%2Fwp%2Fv2%2Fmedia&parent=784"}],"wp:term":[{"taxonomy":"product_cat","embeddable":true,"href":"https:\/\/www.nobeltarim.com\/index.php?rest_route=%2Fwp%2Fv2%2Fproduct_cat&post=784"},{"taxonomy":"product_tag","embeddable":true,"href":"https:\/\/www.nobeltarim.com\/index.php?rest_route=%2Fwp%2Fv2%2Fproduct_tag&post=784"}],"curies":[{"name":"wp","href":"https:\/\/api.w.org\/{rel}","templated":true}]}}