{"id":1038,"date":"2023-11-28T21:53:21","date_gmt":"2023-11-28T18:53:21","guid":{"rendered":"https:\/\/www.nobeltarim.com\/?post_type=product&#038;p=1038"},"modified":"2023-11-28T21:53:22","modified_gmt":"2023-11-28T18:53:22","slug":"tempus-4","status":"publish","type":"product","link":"https:\/\/www.nobeltarim.com\/?product=tempus-4&lang=fr","title":{"rendered":"TEMPUS"},"content":{"rendered":"<p><strong>TEMPUS<\/strong><\/p>\n<p><strong>20% D&#8217;ACIDES AMIN\u00c9S D&#8217;ORIGINE ANIMALE<\/strong><\/p>\n<p><strong>Analyse garantie\u00a0\u00a0\u00a0\u00a0\u00a0\u00a0\u00a0\u00a0\u00a0\u00a0\u00a0\u00a0\u00a0\u00a0\u00a0\u00a0\u00a0\u00a0\u00a0\u00a0\u00a0\u00a0\u00a0\u00a0\u00a0\u00a0\u00a0\u00a0\u00a0\u00a0\u00a0\u00a0\u00a0\u00a0\u00a0\u00a0\u00a0 p\/p<\/strong><\/p>\n<p>Mati\u00e8re organique\u00a0\u00a0\u00a0\u00a0\u00a0\u00a0\u00a0\u00a0\u00a0\u00a0\u00a0\u00a0\u00a0\u00a0\u00a0\u00a0\u00a0\u00a0\u00a0\u00a0\u00a0\u00a0\u00a0\u00a0\u00a0\u00a0\u00a0\u00a0\u00a0\u00a0\u00a0\u00a0\u00a0\u00a0\u00a0\u00a0\u00a0\u00a0\u00a0\u00a0\u00a0\u00a0\u00a0\u00a0\u00a0\u00a0\u00a0\u00a0\u00a0\u00a0\u00a0 20%<\/p>\n<p>Carbone organique (C)\u00a0\u00a0\u00a0\u00a0\u00a0\u00a0\u00a0\u00a0\u00a0\u00a0\u00a0\u00a0\u00a0\u00a0\u00a0\u00a0\u00a0\u00a0\u00a0\u00a0\u00a0\u00a0\u00a0\u00a0\u00a0\u00a0\u00a0\u00a0\u00a0\u00a0\u00a0\u00a0\u00a0\u00a0\u00a0\u00a0\u00a0\u00a0\u00a0\u00a0\u00a0\u00a0\u00a0\u00a0\u00a0 8%<\/p>\n<p>Azote organique (N)\u00a0\u00a0\u00a0\u00a0\u00a0\u00a0\u00a0\u00a0\u00a0\u00a0\u00a0\u00a0\u00a0\u00a0\u00a0\u00a0\u00a0\u00a0\u00a0\u00a0\u00a0\u00a0\u00a0\u00a0\u00a0\u00a0\u00a0\u00a0\u00a0\u00a0\u00a0\u00a0\u00a0\u00a0\u00a0\u00a0\u00a0\u00a0\u00a0\u00a0\u00a0\u00a0\u00a0\u00a0\u00a0\u00a0\u00a0\u00a0\u00a0 3%<\/p>\n<p>Acides amin\u00e9s libres\u00a0\u00a0\u00a0\u00a0\u00a0\u00a0\u00a0\u00a0\u00a0\u00a0\u00a0\u00a0\u00a0\u00a0\u00a0\u00a0\u00a0\u00a0\u00a0\u00a0\u00a0\u00a0\u00a0\u00a0\u00a0\u00a0\u00a0\u00a0\u00a0\u00a0\u00a0\u00a0\u00a0\u00a0\u00a0\u00a0\u00a0\u00a0\u00a0\u00a0\u00a0\u00a0\u00a0\u00a0\u00a0\u00a0\u00a0 20%<\/p>\n<p>Oxyde de potassium soluble dans l&#8217;eau (K\u2082O)\u00a0\u00a0\u00a0\u00a0\u00a0\u00a0\u00a0 15%<\/p>\n<p>PH\u00a0\u00a0\u00a0\u00a0\u00a0\u00a0\u00a0\u00a0\u00a0\u00a0\u00a0\u00a0\u00a0\u00a0\u00a0\u00a0\u00a0\u00a0\u00a0\u00a0\u00a0\u00a0\u00a0\u00a0\u00a0\u00a0\u00a0\u00a0\u00a0\u00a0\u00a0\u00a0\u00a0\u00a0\u00a0\u00a0\u00a0\u00a0\u00a0\u00a0\u00a0\u00a0\u00a0\u00a0\u00a0\u00a0\u00a0\u00a0\u00a0\u00a0\u00a0\u00a0\u00a0\u00a0\u00a0\u00a0\u00a0\u00a0\u00a0\u00a0\u00a0\u00a0\u00a0\u00a0\u00a0\u00a0\u00a0\u00a0\u00a0\u00a0\u00a0\u00a0\u00a0\u00a0 10-12<\/p>\n<p>&nbsp;<\/p>\n<p><strong>Caract\u00e9ristiques :<\/strong><\/p>\n<p>Tempus est un aliment organique unique pour les plantes qui contient la plus grande quantit\u00e9 (20 %) d&#8217;acides amin\u00e9s d\u2019origine animale de qualit\u00e9 et 15 % d&#8217;oxyde de potassium (K2O). Tempus peut \u00eatre utilis\u00e9 dans l&#8217;eau d&#8217;irrigation ou en application foliaire et, comme sa solubilit\u00e9 dans l&#8217;eau est tr\u00e8s \u00e9lev\u00e9e, il sera rapidement absorb\u00e9 par les plantes et transport\u00e9 de mani\u00e8re syst\u00e9mique vers toutes les parties de la plante.<\/p>\n<p><strong>Effets<\/strong><\/p>\n<p>-Permet aux plantes de poursuivre en douceur leurs activit\u00e9s m\u00e9taboliques.<\/p>\n<p>-La teneur \u00e9lev\u00e9e en acides amin\u00e9s libres (15 %) augmente la r\u00e9sistance de la plante aux conditions de stress abiotique et la rend plus r\u00e9sistante aux facteurs de stress environnementaux (temp\u00e9ratures \u00e9lev\u00e9es et basses, stress pos-plantation, salinit\u00e9, phytotoxicit\u00e9, etc.)<\/p>\n<p>Gr\u00e2ce aux acides amin\u00e9s libres et aux peptides \u00e0 cha\u00eene courte qu&#8217;il contient, en plus de la synth\u00e8se de la chlorophylle, de la fertilit\u00e9, de l&#8217;activation des enzymes et de l&#8217;effet ch\u00e9lateur, il permet de r\u00e9aliser au mieux le d\u00e9veloppement v\u00e9g\u00e9tatif et g\u00e9n\u00e9ratif de la plante. Il a un effet tr\u00e8s \u00e9lev\u00e9 sur la fertilisation et la formation des fruits.<\/p>\n<p>-Il offre une efficacit\u00e9 stable et \u00e0 long terme gr\u00e2ce \u00e0 son effet permanent dans le sol avec les peptides \u00e0 longue cha\u00eene qu&#8217;il contient.<\/p>\n<p>-Il stimule la vitalit\u00e9 microbienne dans le sol o\u00f9 il est appliqu\u00e9 et favorise la formation des conditions les plus id\u00e9ales pour la plante.<\/p>\n<p>-Gr\u00e2ce \u00e0 son faible poids mol\u00e9culaire, il permet une absorption, un transport et une utilisation tr\u00e8s rapides.<\/p>\n<p>-Assure une absorption et un transport rapides dans les cas o\u00f9 les pesticides et engrais \u00a0appliqu\u00e9s ensemble.<\/p>\n<p>-Cr\u00e9e un effet synergique avec les nutriments, c&#8217;est un ch\u00e9lateur organique de haut niveau.<\/p>\n<p>-Il augmente la qualit\u00e9 interne et externe du produit, donc la qualit\u00e9 du fruit et sa valeur commerciale<\/p>\n<p><strong>P\u00c9RIODE D&#8217;UTILISATION<\/strong><\/p>\n<p>-Au d\u00e9but de la croissance v\u00e9g\u00e9tative de la plante.<\/p>\n<p>&#8211; Pendant la floraison et la chute des p\u00e9tales.<\/p>\n<p>-Pendant la p\u00e9riode de d\u00e9veloppement des fruits.<\/p>\n<p>&#8211; En toute p\u00e9riode de stress v\u00e9g\u00e9tal.<\/p>\n<p>&nbsp;<\/p>\n<table>\n<tbody>\n<tr>\n<td colspan=\"3\" width=\"347\"><strong>DOMAINES D&#8217;APPLICATION, FORMES ET USAGES<\/strong><\/td>\n<\/tr>\n<tr>\n<td width=\"121\"><strong>TYPE DE PRODUIT<\/strong><\/td>\n<td width=\"123\"><strong>L&#8217;APPLICATION AU SOL<\/strong><\/td>\n<td width=\"104\"><strong>APPLICATION FOLIAIRE<\/strong><\/td>\n<\/tr>\n<tr>\n<td width=\"121\">APPLICATION AUX L\u00c9GUMES<\/td>\n<td width=\"123\">600-1000 cc\/Da<\/p>\n<p>&nbsp;<\/p>\n<p>(1 application en 20 jours pendant la p\u00e9riode de croissance)<\/td>\n<td width=\"104\">200-300 cc\/100 L d&#8217;eau (4 applications tous les 20 jours pendant la p\u00e9riode de croissance)<\/td>\n<\/tr>\n<tr>\n<td width=\"121\">APPLICATION AUX FRUITS<\/td>\n<td width=\"123\">750-1000 cc\/Da<\/p>\n<p>(3-4 applications pendant la p\u00e9riode de croissance de la plante)<\/td>\n<td width=\"104\">200-300 cc\/100 L d&#8217;eau (3 applications tous les 15-20 jours pendant la p\u00e9riode de croissance)<\/td>\n<\/tr>\n<tr>\n<td width=\"121\">APPLICATION AUX C\u00c9R\u00c9ALES, \u00c0 LA BETTERAVE SUCRI\u00c8RE, \u00c0 LA POMME DE TERRE<\/td>\n<td width=\"123\">400-800 cc\/Da \u00e0 partir du sol avant l&#8217;\u00e9mergence et 3 fois avec des syst\u00e8mes d&#8217;irrigation pendant la p\u00e9riode de d\u00e9veloppement de la plante<\/p>\n<p>200-250 cc\/100 L d&#8217;eau<\/td>\n<td width=\"104\">200-250 cc\/100 L d&#8217;eau (3 applications tous les 15-20 jours pendant la p\u00e9riode de croissance)<\/td>\n<\/tr>\n<\/tbody>\n<\/table>\n<p>&nbsp;<\/p>\n<p>&nbsp;<\/p>\n<p>&nbsp;<\/p>\n<p>&nbsp;<\/p>\n<p>&nbsp;<\/p>\n<p>&nbsp;<\/p>\n<p>&nbsp;<\/p>\n<p>&nbsp;<\/p>\n","protected":false},"excerpt":{"rendered":"<h3><strong>HAYVANSAL MEN\u015eEL\u0130 AM\u0130NO AS\u0130T<\/strong><\/h3>\n","protected":false},"featured_media":854,"template":"","meta":[],"product_cat":[278],"product_tag":[],"_links":{"self":[{"href":"https:\/\/www.nobeltarim.com\/index.php?rest_route=\/wp\/v2\/product\/1038"}],"collection":[{"href":"https:\/\/www.nobeltarim.com\/index.php?rest_route=\/wp\/v2\/product"}],"about":[{"href":"https:\/\/www.nobeltarim.com\/index.php?rest_route=\/wp\/v2\/types\/product"}],"wp:featuredmedia":[{"embeddable":true,"href":"https:\/\/www.nobeltarim.com\/index.php?rest_route=\/wp\/v2\/media\/854"}],"wp:attachment":[{"href":"https:\/\/www.nobeltarim.com\/index.php?rest_route=%2Fwp%2Fv2%2Fmedia&parent=1038"}],"wp:term":[{"taxonomy":"product_cat","embeddable":true,"href":"https:\/\/www.nobeltarim.com\/index.php?rest_route=%2Fwp%2Fv2%2Fproduct_cat&post=1038"},{"taxonomy":"product_tag","embeddable":true,"href":"https:\/\/www.nobeltarim.com\/index.php?rest_route=%2Fwp%2Fv2%2Fproduct_tag&post=1038"}],"curies":[{"name":"wp","href":"https:\/\/api.w.org\/{rel}","templated":true}]}}