{"id":1037,"date":"2023-11-28T21:52:38","date_gmt":"2023-11-28T18:52:38","guid":{"rendered":"https:\/\/www.nobeltarim.com\/?post_type=product&#038;p=1037"},"modified":"2023-11-28T21:52:39","modified_gmt":"2023-11-28T18:52:39","slug":"tempus-3","status":"publish","type":"product","link":"https:\/\/www.nobeltarim.com\/?product=tempus-3&lang=ar","title":{"rendered":"TEMPUS"},"content":{"rendered":"<p><strong>TEMPUS<\/strong><\/p>\n<p><strong>\u00a0<\/strong><\/p>\n<p><strong>\u0645\u062d\u062a\u0648\u0649 \u0645\u0636\u0645\u0648\u0646 \u00a0\u00a0\u00a0\u00a0\u00a0\u00a0\u00a0\u00a0\u00a0\u00a0\u00a0\u00a0\u00a0\u00a0\u00a0\u00a0\u00a0\u00a0\u00a0\u00a0\u00a0\u00a0\u00a0\u00a0\u00a0\u00a0\u00a0\u00a0\u00a0\u00a0\u00a0\u00a0\u00a0\u00a0\u00a0\u00a0\u00a0\u00a0\u00a0\u00a0\u00a0\u00a0\u00a0\u00a0\u00a0\u00a0\u00a0\u00a0\u00a0\u00a0\u00a0\u00a0\u00a0\u00a0\u00a0\u00a0\u00a0\u00a0\u00a0\u00a0\u00a0\u00a0\u00a0\u00a0\u00a0\u00a0\u00a0\u00a0\u00a0\u00a0\u00a0\u00a0\u0648\u0632\u0646\/ \u0648\u0632\u0646<\/strong><strong>\u00a0\u00a0\u00a0 <\/strong><\/p>\n<p>\u0627\u0644\u0645\u0648\u0627\u062f \u0627\u0644\u0639\u0636\u0648\u064a\u0629\u00a0\u00a0\u00a0\u00a0\u00a0\u00a0\u00a0\u00a0\u00a0\u00a0\u00a0\u00a0\u00a0\u00a0\u00a0\u00a0\u00a0\u00a0\u00a0\u00a0\u00a0\u00a0\u00a0\u00a0\u00a0\u00a0\u00a0\u00a0\u00a0\u00a0\u00a0\u00a0\u00a0\u00a0\u00a0\u00a0\u00a0\u00a0\u00a0\u00a0\u00a0\u00a0\u00a0\u00a0\u00a0\u00a0\u00a0\u00a0\u00a0\u00a0\u00a0\u00a0\u00a0\u00a0\u00a0\u00a0\u00a0\u00a0\u00a0\u00a0\u00a0\u00a0\u00a0\u00a0\u00a0\u00a0\u00a0\u00a0\u00a0 \u00a0\u00a0\u00a0\u00a0\u00a0\u00a0\u00a0\u00a0\u00a0\u00a0\u00a0\u00a020\u066a<\/p>\n<p>\u0627\u0644\u0643\u0631\u0628\u0648\u0646 \u0627\u0644\u0639\u0636\u0648\u064a\u00a0\u00a0\u00a0\u00a0\u00a0\u00a0\u00a0\u00a0\u00a0\u00a0\u00a0\u00a0\u00a0\u00a0\u00a0\u00a0\u00a0\u00a0\u00a0\u00a0\u00a0\u00a0\u00a0\u00a0\u00a0\u00a0\u00a0\u00a0\u00a0\u00a0\u00a0\u00a0\u00a0\u00a0\u00a0\u00a0\u00a0\u00a0\u00a0\u00a0\u00a0\u00a0\u00a0\u00a0\u00a0\u00a0\u00a0\u00a0\u00a0\u00a0\u00a0\u00a0 \u00a0\u00a0\u00a0\u00a0\u00a0\u00a0\u00a0\u00a0\u00a0\u00a0\u00a0\u00a0\u00a0\u00a0\u00a0\u00a0\u00a0\u00a0\u00a0\u00a0\u00a0\u00a0\u00a0\u00a0\u00a0\u00a0\u00a0\u00a08\u066a<\/p>\n<p>\u0646\u064a\u062a\u0631\u0648\u062c\u064a\u0646 \u0639\u0636\u0648\u064a\u00a0\u00a0\u00a0\u00a0\u00a0\u00a0\u00a0\u00a0\u00a0\u00a0\u00a0\u00a0\u00a0\u00a0\u00a0\u00a0\u00a0\u00a0\u00a0\u00a0\u00a0\u00a0\u00a0\u00a0\u00a0\u00a0\u00a0\u00a0\u00a0\u00a0\u00a0\u00a0\u00a0\u00a0\u00a0\u00a0\u00a0\u00a0\u00a0\u00a0\u00a0\u00a0\u00a0\u00a0\u00a0\u00a0\u00a0\u00a0\u00a0\u00a0\u00a0\u00a0\u00a0\u00a0\u00a0\u00a0\u00a0\u00a0\u00a0\u00a0\u00a0\u00a0\u00a0\u00a0\u00a0\u00a0\u00a0\u00a0\u00a0\u00a0\u00a0\u00a0\u00a0\u00a0\u00a0\u00a0\u00a0\u00a0\u00a0 3\u066a<\/p>\n<p>\u0627\u0644\u0623\u062d\u0645\u0627\u0636 \u0627\u0644\u0623\u0645\u064a\u0646\u064a\u0629 \u0627\u0644\u062d\u0631\u0629\u00a0\u00a0\u00a0\u00a0\u00a0\u00a0\u00a0\u00a0\u00a0\u00a0\u00a0\u00a0\u00a0\u00a0\u00a0\u00a0\u00a0\u00a0\u00a0\u00a0\u00a0\u00a0\u00a0\u00a0\u00a0\u00a0\u00a0\u00a0\u00a0\u00a0\u00a0\u00a0\u00a0\u00a0\u00a0\u00a0\u00a0\u00a0\u00a0\u00a0\u00a0\u00a0\u00a0\u00a0\u00a0\u00a0\u00a0\u00a0\u00a0\u00a0\u00a0\u00a0\u00a0 \u00a0\u00a0\u00a0\u00a0\u00a0\u00a0\u00a0\u00a0\u00a0\u00a0\u00a0\u00a0\u00a0\u00a0\u00a0\u00a0\u00a020\u066a<\/p>\n<p>\u0623\u0643\u0633\u064a\u062f \u0627\u0644\u0628\u0648\u062a\u0627\u0633\u064a\u0648\u0645 \u0627\u0644\u0642\u0627\u0628\u0644 \u0644\u0644\u0630\u0648\u0628\u0627\u0646 \u0641\u064a \u0627\u0644\u0645\u0627\u0621\u00a0\u00a0\u00a0\u00a0\u00a0\u00a0\u00a0\u00a0\u00a0\u00a0\u00a0\u00a0\u00a0\u00a0\u00a0\u00a0\u00a0\u00a0\u00a0\u00a0\u00a0\u00a0\u00a0\u00a0\u00a0\u00a0\u00a0\u00a0\u00a0\u00a0\u00a0\u00a0\u00a0\u00a0\u00a0\u00a0\u00a0\u00a0\u00a0\u00a0\u00a0\u00a0\u00a0\u00a0\u00a0\u00a0\u00a0\u00a0\u00a0\u00a0\u00a0 15\u066a<\/p>\n<p>PH:10-12<\/p>\n<p>\u062e\u0635\u0627\u0626\u0635\u0647 :<\/p>\n<p>Tempus \u0647\u0648 \u063a\u0630\u0627\u0621 \u0646\u0628\u0627\u062a\u064a \u0639\u0636\u0648\u064a \u0641\u0631\u064a\u062f \u0645\u0646 \u0646\u0648\u0639\u0647 \u064a\u062d\u062a\u0648\u064a \u0639\u0644\u0649 \u0623\u0639\u0644\u0649 \u0643\u0645\u064a\u0629\u00a0 \u0645\u0646 \u0627\u0644\u0623\u062d\u0645\u0627\u0636 \u0627\u0644\u0623\u0645\u064a\u0646\u064a\u0629 \u0627\u0644\u062d\u064a\u0648\u0627\u0646\u064a\u0629 \u0639\u0627\u0644\u064a\u0629 \u0627\u0644\u062c\u0648\u062f\u0629(20%) \u064815% \u0645\u0646 \u0623\u0643\u0633\u064a\u062f \u0627\u0644\u0628\u0648\u062a\u0627\u0633\u064a\u0648\u0645 (K2O). \u064a\u0645\u0643\u0646 \u0627\u0633\u062a\u062e\u062f\u0627\u0645 Tempus \u0641\u064a \u0645\u064a\u0627\u0647 \u0627\u0644\u0631\u064a \u0623\u0648 \u0643\u062a\u0637\u0628\u064a\u0642 \u0648\u0631\u0642\u064a\u060c \u0648\u0628\u0645\u0627 \u0623\u0646 \u0642\u0627\u0628\u0644\u064a\u062a\u0647 \u0644\u0644\u0630\u0648\u0628\u0627\u0646 \u0641\u064a \u0627\u0644\u0645\u0627\u0621 \u0639\u0627\u0644\u064a\u0629 \u062c\u062f\u0627\u064b\u060c \u0641\u0627\u0646\u0647 \u064a\u0645\u062a\u0635 \u0645\u0646 \u0637\u0631\u0641 \u0627\u0644\u0646\u0628\u0627\u062a\u0627\u062a \u0628\u0633\u0631\u0639\u0629 \u0648\u064a\u0646\u062a\u0642\u0644 \u0628\u0634\u0643\u0644 \u0646\u0638\u0627\u0645\u064a \u0625\u0644\u0649 \u062c\u0645\u064a\u0639 \u0623\u062c\u0632\u0627\u0621 \u0627\u0644\u0646\u0628\u0627\u062a.<\/p>\n<p><strong>\u0641\u0648\u0627\u0626\u062f\u0647<\/strong>:<\/p>\n<p>-\u064a\u0633\u0645\u062d \u0644\u0644\u0646\u0628\u0627\u062a\u0627\u062a \u0628\u0645\u062a\u0627\u0628\u0639\u0629 \u0627\u0644\u0623\u0646\u0634\u0637\u0629 \u0627\u0644\u0623\u064a\u0636\u064a\u0629 \u0628\u0633\u0644\u0627\u0633\u0629.<\/p>\n<p>&#8211; \u0627\u0644\u0645\u062d\u062a\u0648\u0649 \u0627\u0644\u0639\u0627\u0644\u064a \u0645\u0646 \u0627\u0644\u0623\u062d\u0645\u0627\u0636 \u0627\u0644\u0623\u0645\u064a\u0646\u064a\u0629 \u0627\u0644\u062d\u0631\u0629 (15%) \u064a\u0632\u064a\u062f \u0645\u0646 \u0645\u0642\u0627\u0648\u0645\u0629 \u0627\u0644\u0646\u0628\u0627\u062a \u0644\u0638\u0631\u0648\u0641 \u0627\u0644\u0625\u062c\u0647\u0627\u062f \u063a\u064a\u0631 \u0627\u0644\u062d\u064a\u0648\u064a \u0648\u064a\u062c\u0639\u0644\u0647 \u0623\u0643\u062b\u0631 \u0645\u0642\u0627\u0648\u0645\u0629 \u0644\u0644\u0636\u063a\u0648\u0637\u0627\u062a \u0627\u0644\u0628\u064a\u0626\u064a\u0629 (\u062f\u0631\u062c\u0627\u062a \u0627\u0644\u062d\u0631\u0627\u0631\u0629 \u0627\u0644\u0645\u0631\u062a\u0641\u0639\u0629 \u0648\u0627\u0644\u0645\u0646\u062e\u0641\u0636\u0629\u060c \u0625\u062c\u0647\u0627\u062f \u0645\u0627 \u0628\u0639\u062f \u0627\u0644\u0632\u0631\u0627\u0639\u0629\u060c \u0627\u0644\u0645\u0644\u0648\u062d\u0629\u060c \u0627\u0644\u0633\u0645\u064a\u0629 \u0627\u0644\u0646\u0628\u0627\u062a\u064a\u0629\u060c \u0627\u0644\u062e).<\/p>\n<p>\u0628\u0641\u0636\u0644 \u0627\u0644\u0623\u062d\u0645\u0627\u0636 \u0627\u0644\u0623\u0645\u064a\u0646\u064a\u0629 \u0627\u0644\u062d\u0631\u0629 \u0648\u0627\u0644\u0628\u0628\u062a\u064a\u062f\u0627\u062a \u0642\u0635\u064a\u0631\u0629 \u0627\u0644\u0633\u0644\u0633\u0644\u0629 \u0627\u0644\u062a\u064a \u064a\u062d\u062a\u0648\u064a \u0639\u0644\u064a\u0647\u0627\u060c \u0628\u0627\u0644\u0625\u0636\u0627\u0641\u0629 \u0625\u0644\u0649 \u062a\u062e\u0644\u064a\u0642 \u0627\u0644\u0643\u0644\u0648\u0631\u0648\u0641\u064a\u0644 \u0648 \u0632\u064a\u0627\u062f\u0629 \u0627\u0644\u062e\u0635\u0648\u0628\u0629 \u0648\u062a\u0646\u0634\u064a\u0637 \u0627\u0644\u0625\u0646\u0632\u064a\u0645\u0627\u062a \u0648\u062a\u0623\u062b\u064a\u0631\u0647 \u0627\u0644\u062a\u062e\u0644\u064a\u0628\u064a\u060c \u0641\u0625\u0646\u0647 \u064a\u0633\u0645\u062d \u0628\u0632\u064a\u0627\u062f\u0629 \u0627\u0644\u0646\u0645\u0648 \u0627\u0644\u062e\u0636\u0631\u064a \u0648\u0627\u0644\u062a\u0648\u0644\u064a\u062f\u064a \u0644\u0644\u0646\u0628\u0627\u062a \u0628\u0623\u0641\u0636\u0644 \u0637\u0631\u064a\u0642\u0629 \u0645\u0645\u0643\u0646\u0629. \u0644\u0647 \u062a\u0623\u062b\u064a\u0631 \u0639\u0627\u0644\u064a \u062c\u062f\u0627\u064b \u0639\u0644\u0649 \u0627\u0644\u0625\u062e\u0635\u0627\u0628 \u0648\u062a\u0643\u0648\u064a\u0646 \u0627\u0644\u062b\u0645\u0627\u0631.<\/p>\n<p>&#8211; \u064a\u0648\u0641\u0631 \u0641\u0639\u0627\u0644\u064a\u0629 \u062b\u0627\u0628\u062a\u0629 \u0648\u0637\u0648\u064a\u0644\u0629 \u0627\u0644\u0623\u0645\u062f \u0628\u0641\u0636\u0644 \u062a\u0623\u062b\u064a\u0631\u0647 \u0627\u0644\u062f\u0627\u0626\u0645 \u0641\u064a \u0627\u0644\u062a\u0631\u0628\u0629 \u0628\u0645\u0627 \u064a\u062d\u062a\u0648\u064a\u0647 \u0645\u0646 \u0627\u0644\u0628\u0628\u062a\u064a\u062f\u0627\u062a \u0637\u0648\u064a\u0644\u0629 \u0627\u0644\u0633\u0644\u0633\u0644\u0629.<\/p>\n<p>&#8211; \u064a\u062d\u0641\u0632 \u0627\u0644\u062d\u064a\u0648\u064a\u0629 \u0627\u0644\u0645\u064a\u0643\u0631\u0648\u0628\u064a\u0629 \u0641\u064a \u0627\u0644\u062a\u0631\u0628\u0629 \u00a0\u0648 \u064a\u062e\u0644\u0642 \u0627\u0644\u0638\u0631\u0648\u0641 \u0627\u0644\u0645\u062b\u0627\u0644\u064a\u0629 \u0644\u0644\u0646\u0628\u0627\u062a.<\/p>\n<p>&#8211; \u0628\u0641\u0636\u0644 \u0648\u0632\u0646\u0647 \u0627\u0644\u062c\u0632\u064a\u0626\u064a \u0627\u0644\u0645\u0646\u062e\u0641\u0636\u060c \u0641\u0625\u0646\u0647 \u064a\u0648\u0641\u0631 \u0627\u0645\u062a\u0635\u0627\u0635\u064b\u0627 \u0648\u0646\u0642\u0644\u064b\u0627 \u0648\u0627\u0633\u062a\u062e\u062f\u0627\u0645\u064b\u0627 \u0633\u0631\u064a\u0639\u064b\u0627 \u0644\u0644\u063a\u0627\u064a\u0629.<\/p>\n<p>&#8211; \u064a\u0636\u0645\u0646 \u0633\u0631\u0639\u0629 \u0627\u0644\u0627\u0645\u062a\u0635\u0627\u0635 \u0648\u0627\u0644\u0646\u0642\u0644 \u0641\u064a \u0627\u0644\u062d\u0627\u0644\u0627\u062a \u0627\u0644\u062a\u064a \u064a\u062a\u0645 \u0641\u064a\u0647\u0627 \u062a\u0637\u0628\u064a\u0642 \u00a0\u0627\u0644\u0645\u0628\u064a\u062f\u0627\u062a \u0648\u0627\u0644\u0623\u0633\u0645\u062f\u0629 \u0641\u064a \u0646\u0641\u0633 \u0627\u0644\u0648\u0642\u062a.<\/p>\n<p>&#8211; \u064a\u062e\u0644\u0642 \u062a\u0623\u062b\u064a\u0631\u064b\u0627 \u062a\u0622\u0632\u0631\u064a\u064b\u0627 \u0645\u0639 \u0627\u0644\u0639\u0646\u0627\u0635\u0631 \u0627\u0644\u063a\u0630\u0627\u0626\u064a\u0629\u060c \u0641\u0647\u0648 \u062e\u0627\u0644\u0628 \u0639\u0636\u0648\u064a \u0639\u0627\u0644\u064a \u0627\u0644\u0645\u0633\u062a\u0648\u0649.<\/p>\n<p>&#8211; \u064a\u0632\u064a\u062f \u0645\u0646 \u0627\u0644\u062c\u0648\u062f\u0629 \u0627\u0644\u062f\u0627\u062e\u0644\u064a\u0629 \u0648\u0627\u0644\u062e\u0627\u0631\u062c\u064a\u0629 \u0644\u0644\u0645\u0646\u062a\u062c \u0648\u0628\u0627\u0644\u062a\u0627\u0644\u064a \u062c\u0648\u062f\u0629 \u0627\u0644\u062b\u0645\u0631\u0629 \u0648\u0642\u064a\u0645\u062a\u0647\u0627 \u0627\u0644\u062a\u062c\u0627\u0631\u064a\u0629<\/p>\n<p><strong>\u0641\u062a\u0631\u0629 \u0627\u0644\u0627\u0633\u062a\u062e\u062f\u0627\u0645<\/strong><\/p>\n<p>-\u0641\u064a \u0628\u062f\u0627\u064a\u0629 \u0627\u0644\u0646\u0645\u0648 \u0627\u0644\u062e\u0636\u0631\u064a \u0644\u0644\u0646\u0628\u0627\u062a.<\/p>\n<p>&#8211; \u0623\u062b\u0646\u0627\u0621 \u0627\u0644\u062a\u0632\u0647\u064a\u0631 \u0648\u0633\u0642\u0648\u0637 \u0627\u0644\u0628\u062a\u0644\u0627\u062a.<\/p>\n<p>-\u062e\u0644\u0627\u0644 \u0641\u062a\u0631\u0629 \u0646\u0645\u0648 \u0627\u0644\u062b\u0645\u0627\u0631.<\/p>\n<table>\n<tbody>\n<tr>\n<td colspan=\"3\" width=\"347\"><strong>\u0645\u062c\u0627\u0644\u0627\u062a\u00a0 \u0648\u0627\u0644\u0623\u0634\u0643\u0627\u0644 \u0627\u0644\u062a\u0637\u0628\u064a\u0642 \u0648\u0627\u0644\u0627\u0633\u062a\u062e\u062f\u0627\u0645\u0627\u062a\u0647<\/strong><\/td>\n<\/tr>\n<tr>\n<td width=\"121\"><strong>\u0646\u0648\u0639 \u0627\u0644\u0645\u0646\u062a\u0648\u062c<\/strong><\/td>\n<td width=\"123\"><strong>\u062a\u0637\u0628\u064a\u0642 <\/strong><strong>\u0639\u0644\u0649 \u0627\u0644\u062a\u0631\u0628\u0629<\/strong><\/td>\n<td width=\"104\"><strong>\u062a\u0637\u0628\u064a\u0642 \u0648\u0631\u0642\u064a<\/strong><\/td>\n<\/tr>\n<tr>\n<td width=\"121\">\u0627\u0644\u062e\u0636\u0627\u0631<\/td>\n<td width=\"123\">600-1000 \u00a0\u0633\u0645<sup>3<\/sup>\/\u062f\u0648\u0646\u0645<\/p>\n<p>&nbsp;<\/p>\n<p>(\u062a\u0637\u0628\u064a\u0642 \u0648\u0627\u062d\u062f \u062e\u0644\u0627\u0644 20 \u064a\u0648\u0645\u064b\u0627 \u062e\u0644\u0627\u0644 \u0641\u062a\u0631\u0629 \u0627\u0644\u0646\u0645\u0648)<\/td>\n<td width=\"104\">200-300 \u00a0\u0633\u0645<sup>3<\/sup>\/100 \u0644\u062a\u0631 \u0645\u0627\u0621 (4 \u0645\u0631\u0627\u062a \u0643\u0644 20 \u064a\u0648\u0645\u064b\u0627 \u062e\u0644\u0627\u0644 \u0641\u062a\u0631\u0629 \u0627\u0644\u0646\u0645\u0648)<\/td>\n<\/tr>\n<tr>\n<td width=\"121\">\u0627\u0644\u0641\u0627\u0643\u0647\u0629<\/td>\n<td width=\"123\">750-1000 \u00a0\u0633\u0645<sup>3<\/sup>\/\u062f\u0648\u0646\u0645<\/p>\n<p>(3-4 \u062a\u0637\u0628\u064a\u0642\u0627\u062a \u062e\u0644\u0627\u0644 \u0641\u062a\u0631\u0629 \u0646\u0645\u0648 \u0627\u0644\u0646\u0628\u0627\u062a)<\/td>\n<td width=\"104\">200-300 \u00a0\u0633\u0645<sup>3<\/sup>\/100 \u0644\u062a\u0631 \u0645\u0627\u0621 (3 \u0645\u0631\u0627\u062a \u0643\u0644 15-20 \u064a\u0648\u0645\u064b\u0627 \u062e\u0644\u0627\u0644 \u0641\u062a\u0631\u0629 \u0627\u0644\u0646\u0645\u0648)<\/td>\n<\/tr>\n<tr>\n<td width=\"121\">\u0627\u0644\u062d\u0628\u0648\u0628 \u0648\u0628\u0646\u062c\u0631 \u0627\u0644\u0633\u0643\u0631 \u0648\u0627\u0644\u0628\u0637\u0627\u0637\u0633<\/td>\n<td width=\"123\">400-800 \u00a0\u0633\u0645<sup>3<\/sup>\/\u062f\u0648\u0646\u0645 \u0645\u0646 \u0627\u0644\u062a\u0631\u0628\u0629 \u0642\u0628\u0644 \u0638\u0647\u0648\u0631\u0647\u0627 \u06483 \u0645\u0631\u0627\u062a \u0645\u0639 \u0623\u0646\u0638\u0645\u0629 \u0627\u0644\u0631\u064a \u062e\u0644\u0627\u0644 \u0641\u062a\u0631\u0629 \u0646\u0645\u0648 \u0627\u0644\u0646\u0628\u0627\u062a<\/p>\n<p>200-250 \u0633\u06453\/100 \u0644\u062a\u0631 \u0645\u0627\u0621<\/td>\n<td width=\"104\">200-250 \u00a0\u0633\u0645<sup>3<\/sup>\/100 \u0644\u062a\u0631 \u0645\u0627\u0621 (3 \u0645\u0631\u0627\u062a \u0643\u0644 15-20 \u064a\u0648\u0645\u064b\u0627 \u062e\u0644\u0627\u0644 \u0641\u062a\u0631\u0629 \u0627\u0644\u0646\u0645\u0648)<\/td>\n<\/tr>\n<\/tbody>\n<\/table>\n<p>&#8211; \u0641\u064a \u0623\u064a \u0641\u062a\u0631\u0629 \u0625\u062c\u0647\u0627\u062f.<\/p>\n<p>&nbsp;<\/p>\n<p>&nbsp;<\/p>\n<p>&nbsp;<\/p>\n<p>&nbsp;<\/p>\n<p>&nbsp;<\/p>\n<p>&nbsp;<\/p>\n<p><strong>\u00a0<\/strong><\/p>\n<p><strong>\u00a0<\/strong><\/p>\n","protected":false},"excerpt":{"rendered":"<h3><strong>HAYVANSAL MEN\u015eEL\u0130 AM\u0130NO AS\u0130T<\/strong><\/h3>\n","protected":false},"featured_media":854,"template":"","meta":[],"product_cat":[275],"product_tag":[],"_links":{"self":[{"href":"https:\/\/www.nobeltarim.com\/index.php?rest_route=\/wp\/v2\/product\/1037"}],"collection":[{"href":"https:\/\/www.nobeltarim.com\/index.php?rest_route=\/wp\/v2\/product"}],"about":[{"href":"https:\/\/www.nobeltarim.com\/index.php?rest_route=\/wp\/v2\/types\/product"}],"wp:featuredmedia":[{"embeddable":true,"href":"https:\/\/www.nobeltarim.com\/index.php?rest_route=\/wp\/v2\/media\/854"}],"wp:attachment":[{"href":"https:\/\/www.nobeltarim.com\/index.php?rest_route=%2Fwp%2Fv2%2Fmedia&parent=1037"}],"wp:term":[{"taxonomy":"product_cat","embeddable":true,"href":"https:\/\/www.nobeltarim.com\/index.php?rest_route=%2Fwp%2Fv2%2Fproduct_cat&post=1037"},{"taxonomy":"product_tag","embeddable":true,"href":"https:\/\/www.nobeltarim.com\/index.php?rest_route=%2Fwp%2Fv2%2Fproduct_tag&post=1037"}],"curies":[{"name":"wp","href":"https:\/\/api.w.org\/{rel}","templated":true}]}}