{"id":1036,"date":"2023-11-28T21:52:05","date_gmt":"2023-11-28T18:52:05","guid":{"rendered":"https:\/\/www.nobeltarim.com\/?post_type=product&#038;p=1036"},"modified":"2023-11-28T21:52:05","modified_gmt":"2023-11-28T18:52:05","slug":"tempus-2","status":"publish","type":"product","link":"https:\/\/www.nobeltarim.com\/?product=tempus-2&lang=ru","title":{"rendered":"TEMPUS"},"content":{"rendered":"<p><strong>TEMPUS<\/strong><\/p>\n<p><strong>%20 \u0410\u043c\u0438\u043d\u043e\u043a\u0438\u0441\u043b\u043e\u0442\u0430 \u0436\u0438\u0432\u043e\u0442\u043d\u043e\u0433\u043e \u043f\u0440\u043e\u0438\u0441\u0445\u043e\u0436\u0434\u0435\u043d\u0438\u044f<\/strong><\/p>\n<p>\u0413\u0430\u0440\u0430\u043d\u0442\u0438\u0440\u043e\u0432\u0430\u043d\u043d\u044b\u0439 \u0430\u043d\u0430\u043b\u0438\u0437\u00a0\u00a0\u00a0\u00a0\u00a0\u00a0\u00a0\u00a0\u00a0\u00a0\u00a0\u00a0\u00a0\u00a0\u00a0\u00a0 \u00a0\u00a0\u00a0\u00a0\u00a0\u00a0\u00a0\u00a0 \u00a0\u00a0\u00a0\u00a0\u00a0\u00a0\u00a0\u00a0\u00a0\u00a0\u00a0 \u00a0W\/W<\/p>\n<p>\u041e\u0440\u0433\u0430\u043d\u0438\u0447\u0435\u0441\u043a\u043e\u0435 \u0432\u0435\u0449\u0435\u0441\u0442\u0432\u043e \u00a0\u00a0\u00a0\u00a0\u00a0\u00a0\u00a0\u00a0\u00a0\u00a0\u00a0 \u00a0\u00a0\u00a0\u00a0\u00a0\u00a0\u00a0\u00a0\u00a0\u00a0\u00a0\u00a0\u00a0\u00a0\u00a0\u00a0\u00a0\u00a0\u00a0\u00a0\u00a0\u00a0\u00a0 \u00a020%<\/p>\n<p>\u041e\u0440\u0433\u0430\u043d\u0438\u0447\u0435\u0441\u043a\u0438\u0439 \u0443\u0433\u043b\u0435\u0440\u043e\u0434 (C)\u00a0\u00a0\u00a0\u00a0\u00a0\u00a0\u00a0\u00a0\u00a0 \u00a0\u00a0\u00a0\u00a0\u00a0\u00a0\u00a0\u00a0\u00a0\u00a0\u00a0\u00a0\u00a0\u00a0\u00a0\u00a0\u00a0\u00a0\u00a0\u00a0\u00a0\u00a0 \u00a0 8%<\/p>\n<p>\u041e\u0440\u0433\u0430\u043d\u0438\u0447\u0435\u0441\u043a\u0438\u0439 \u0430\u0437\u043e\u0442 (N) \u00a0\u00a0\u00a0\u00a0\u00a0\u00a0\u00a0\u00a0\u00a0\u00a0\u00a0\u00a0\u00a0 \u00a0\u00a0\u00a0\u00a0\u00a0\u00a0\u00a0\u00a0\u00a0\u00a0\u00a0 \u00a0\u00a0\u00a0\u00a0\u00a0\u00a0\u00a0\u00a0\u00a0\u00a0\u00a0 \u00a0\u00a03%<\/p>\n<p>\u0421\u0432\u043e\u0431\u043e\u0434\u043d\u044b\u0435 \u0430\u043c\u0438\u043d\u043e\u043a\u0438\u0441\u043b\u043e\u0442\u044b \u00a0\u00a0\u00a0\u00a0\u00a0\u00a0\u00a0\u00a0\u00a0\u00a0\u00a0\u00a0\u00a0\u00a0\u00a0\u00a0\u00a0\u00a0\u00a0\u00a0 \u00a0\u00a0\u00a0\u00a0\u00a0\u00a0\u00a0\u00a0\u00a0\u00a0\u00a0 \u00a0\u00a020%<\/p>\n<p>\u0420\u0430\u0441\u0442\u0432\u043e\u0440\u0438\u043c\u044b\u0439 \u0432 \u0432\u043e\u0434\u0435 \u043e\u043a\u0441\u0438\u0434 \u043a\u0430\u043b\u0438\u044f (K\u2082O)\u00a0\u00a0 \u00a0\u00a0\u00a0\u00a0\u00a0\u00a0\u00a0\u00a0\u00a0\u00a0\u00a0\u00a0 \u00a0\u00a015%<\/p>\n<p>PH\u00a0\u00a0\u00a0\u00a0\u00a0\u00a0\u00a0\u00a0\u00a0\u00a0\u00a0\u00a0\u00a0\u00a0\u00a0\u00a0\u00a0\u00a0\u00a0\u00a0\u00a0\u00a0\u00a0\u00a0\u00a0\u00a0\u00a0\u00a0\u00a0\u00a0\u00a0\u00a0\u00a0\u00a0\u00a0\u00a0\u00a0\u00a0\u00a0\u00a0\u00a0\u00a0\u00a0\u00a0\u00a0\u00a0\u00a0\u00a0\u00a0\u00a0\u00a0\u00a0\u00a0\u00a0\u00a0\u00a0\u00a0\u00a0\u00a0\u00a0\u00a0\u00a0\u00a0\u00a0\u00a0\u00a0\u00a0\u00a0\u00a0 \u00a0\u00a0\u00a0\u00a0\u00a0\u00a0\u00a0 \u00a0\u00a010-12<\/p>\n<p><strong>\u041e\u0441\u043e\u0431\u0435\u043d\u043d\u043e\u0441\u0442\u0438:<\/strong><\/p>\n<p>Tempus &#8211; \u044d\u0442\u043e \u0443\u043d\u0438\u043a\u0430\u043b\u044c\u043d\u0430\u044f \u043e\u0440\u0433\u0430\u043d\u0438\u0447\u0435\u0441\u043a\u0430\u044f \u043f\u043e\u0434\u043a\u043e\u0440\u043c\u043a\u0430 \u0434\u043b\u044f \u0440\u0430\u0441\u0442\u0435\u043d\u0438\u0439, \u043a\u043e\u0442\u043e\u0440\u0430\u044f \u0441\u043e\u0434\u0435\u0440\u0436\u0438\u0442 \u043d\u0430\u0438\u0431\u043e\u043b\u044c\u0448\u0435\u0435 \u043a\u043e\u043b\u0438\u0447\u0435\u0441\u0442\u0432\u043e (20%) \u0432\u044b\u0441\u043e\u043a\u043e\u043a\u0430\u0447\u0435\u0441\u0442\u0432\u0435\u043d\u043d\u044b\u0445 \u0430\u043c\u0438\u043d\u043e\u043a\u0438\u0441\u043b\u043e\u0442 \u0436\u0438\u0432\u043e\u0442\u043d\u043e\u0433\u043e \u043f\u0440\u043e\u0438\u0441\u0445\u043e\u0436\u0434\u0435\u043d\u0438\u044f \u0438 15% \u043e\u043a\u0441\u0438\u0434\u0430 \u043a\u0430\u043b\u0438\u044f (K2O). Tempus \u043c\u043e\u0436\u043d\u043e \u0438\u0441\u043f\u043e\u043b\u044c\u0437\u043e\u0432\u0430\u0442\u044c \u0432 \u043f\u043e\u043b\u0438\u0432\u043d\u043e\u0439 \u0432\u043e\u0434\u0435 \u0438\u043b\u0438 \u0432 \u043a\u0430\u0447\u0435\u0441\u0442\u0432\u0435 \u0432\u043d\u0435\u043a\u043e\u0440\u043d\u0435\u0432\u043e\u0439 \u043f\u043e\u0434\u043a\u043e\u0440\u043c\u043a\u0438. \u0411\u043b\u0430\u0433\u043e\u0434\u0430\u0440\u044f \u0432\u044b\u0441\u043e\u043a\u043e\u0439 \u0440\u0430\u0441\u0442\u0432\u043e\u0440\u0438\u043c\u043e\u0441\u0442\u0438 \u0432 \u0432\u043e\u0434\u0435, \u043e\u043d \u0431\u044b\u0441\u0442\u0440\u043e \u043f\u043e\u0433\u043b\u043e\u0449\u0430\u0435\u0442\u0441\u044f \u0440\u0430\u0441\u0442\u0435\u043d\u0438\u044f\u043c\u0438 \u0438 \u043f\u0435\u0440\u0435\u043d\u043e\u0441\u0438\u0442\u0441\u044f \u0432\u043e \u0432\u0441\u0435 \u0447\u0430\u0441\u0442\u0438 \u0440\u0430\u0441\u0442\u0435\u043d\u0438\u044f.<\/p>\n<p><strong>\u042d\u0444\u0444\u0435\u043a\u0442\u044b<\/strong><\/p>\n<p>-\u041f\u043e\u0437\u0432\u043e\u043b\u044f\u0435\u0442 \u0431\u0435\u0441\u043f\u0440\u0435\u043f\u044f\u0442\u0441\u0442\u0432\u0435\u043d\u043d\u043e \u043f\u0440\u043e\u0434\u043e\u043b\u0436\u0430\u0442\u044c \u043c\u0435\u0442\u0430\u0431\u043e\u043b\u0438\u0447\u0435\u0441\u043a\u0443\u044e \u0434\u0435\u044f\u0442\u0435\u043b\u044c\u043d\u043e\u0441\u0442\u044c \u0440\u0430\u0441\u0442\u0435\u043d\u0438\u0439.<\/p>\n<p>-\u0412\u044b\u0441\u043e\u043a\u043e\u0435 \u0441\u043e\u0434\u0435\u0440\u0436\u0430\u043d\u0438\u0435 \u0441\u0432\u043e\u0431\u043e\u0434\u043d\u044b\u0445 \u0430\u043c\u0438\u043d\u043e\u043a\u0438\u0441\u043b\u043e\u0442 (15%) \u043f\u043e\u0432\u044b\u0448\u0430\u0435\u0442 \u0443\u0441\u0442\u043e\u0439\u0447\u0438\u0432\u043e\u0441\u0442\u044c \u0440\u0430\u0441\u0442\u0435\u043d\u0438\u0439 \u043a \u0430\u0431\u0438\u043e\u0442\u0438\u0447\u0435\u0441\u043a\u0438\u043c \u0441\u0442\u0440\u0435\u0441\u0441\u043e\u0432\u044b\u043c \u0443\u0441\u043b\u043e\u0432\u0438\u044f\u043c \u0438 \u0434\u0435\u043b\u0430\u0435\u0442 \u0438\u0445 \u0431\u043e\u043b\u0435\u0435 \u0443\u0441\u0442\u043e\u0439\u0447\u0438\u0432\u044b\u043c\u0438 \u043a \u0441\u0442\u0440\u0435\u0441\u0441\u043e\u0432\u044b\u043c \u0444\u0430\u043a\u0442\u043e\u0440\u0430\u043c \u043e\u043a\u0440\u0443\u0436\u0430\u044e\u0449\u0435\u0439 \u0441\u0440\u0435\u0434\u044b (\u0432\u044b\u0441\u043e\u043a\u0438\u0435 \u0438 \u043d\u0438\u0437\u043a\u0438\u0435 \u0442\u0435\u043c\u043f\u0435\u0440\u0430\u0442\u0443\u0440\u044b, \u043f\u043e\u0441\u0442\u043f\u043b\u0430\u043d\u0442\u0430\u0446\u0438\u043e\u043d\u043d\u044b\u0439 \u0441\u0442\u0440\u0435\u0441\u0441, \u0437\u0430\u0441\u043e\u043b\u0435\u043d\u0438\u0435, \u0444\u0438\u0442\u043e\u0442\u043e\u043a\u0441\u0438\u0447\u043d\u043e\u0441\u0442\u044c \u0438 \u0442.\u0434.).<\/p>\n<p>\u0411\u043b\u0430\u0433\u043e\u0434\u0430\u0440\u044f \u0441\u043e\u0434\u0435\u0440\u0436\u0430\u0449\u0438\u043c\u0441\u044f \u0432 \u043d\u0435\u043c \u0441\u0432\u043e\u0431\u043e\u0434\u043d\u044b\u043c \u0430\u043c\u0438\u043d\u043e\u043a\u0438\u0441\u043b\u043e\u0442\u0430\u043c \u0438 \u043a\u043e\u0440\u043e\u0442\u043a\u043e\u0446\u0435\u043f\u043e\u0447\u0435\u0447\u043d\u044b\u043c \u043f\u0435\u043f\u0442\u0438\u0434\u0430\u043c (\u043e\u043b\u0438\u0433\u043e\u043f\u0435\u043f\u0442\u0438\u0434\u0430\u043c), \u043e\u043d \u043e\u0431\u0435\u0441\u043f\u0435\u0447\u0438\u0432\u0430\u0435\u0442 \u043d\u0430\u0438\u043b\u0443\u0447\u0448\u0435\u0435 \u0432\u0435\u0433\u0435\u0442\u0430\u0442\u0438\u0432\u043d\u043e\u0435 \u0438 \u0433\u0435\u043d\u0435\u0440\u0430\u0442\u0438\u0432\u043d\u043e\u0435 \u0440\u0430\u0437\u0432\u0438\u0442\u0438\u0435 \u0440\u0430\u0441\u0442\u0435\u043d\u0438\u044f \u0441 \u0441\u0438\u043d\u0442\u0435\u0437\u043e\u043c \u0445\u043b\u043e\u0440\u043e\u0444\u0438\u043b\u043b\u0430, \u0444\u0435\u0440\u0442\u0438\u043b\u044c\u043d\u043e\u0441\u0442\u044c\u044e, \u0430\u043a\u0442\u0438\u0432\u0430\u0446\u0438\u0435\u0439 \u0444\u0435\u0440\u043c\u0435\u043d\u0442\u043e\u0432 \u0438 \u0445\u0435\u043b\u0430\u0442\u0438\u0440\u0443\u044e\u0449\u0438\u043c \u044d\u0444\u0444\u0435\u043a\u0442\u043e\u043c. \u041e\u043d \u043e\u043a\u0430\u0437\u044b\u0432\u0430\u0435\u0442 \u043e\u0447\u0435\u043d\u044c \u0432\u044b\u0441\u043e\u043a\u043e\u0435 \u0432\u043b\u0438\u044f\u043d\u0438\u0435 \u043d\u0430 \u043e\u043f\u043b\u043e\u0434\u043e\u0442\u0432\u043e\u0440\u0435\u043d\u0438\u0435 \u0438 \u043f\u043b\u043e\u0434\u043e\u043e\u0431\u0440\u0430\u0437\u043e\u0432\u0430\u043d\u0438\u0435.<\/p>\n<p>\u041e\u0431\u0435\u0441\u043f\u0435\u0447\u0438\u0432\u0430\u0435\u0442 \u0434\u043b\u0438\u0442\u0435\u043b\u044c\u043d\u0443\u044e \u0438 \u0441\u0442\u0430\u0431\u0438\u043b\u044c\u043d\u0443\u044e (\u043f\u043e\u0441\u0442\u043e\u044f\u043d\u043d\u0443\u044e) \u0430\u043a\u0442\u0438\u0432\u043d\u043e\u0441\u0442\u044c \u0431\u043b\u0430\u0433\u043e\u0434\u0430\u0440\u044f \u043f\u043e\u0441\u0442\u043e\u044f\u043d\u043d\u043e\u043c\u0443 \u0432\u043e\u0437\u0434\u0435\u0439\u0441\u0442\u0432\u0438\u044e \u0432 \u043f\u043e\u0447\u0432\u0435 \u0441\u043e\u0434\u0435\u0440\u0436\u0430\u0449\u0438\u0445\u0441\u044f \u0432 \u043d\u0435\u043c \u0434\u043b\u0438\u043d\u043d\u043e\u0446\u0435\u043f\u043e\u0447\u0435\u0447\u043d\u044b\u0445 \u043f\u0435\u043f\u0442\u0438\u0434\u043e\u0432.<\/p>\n<p>-\u0421\u0442\u0438\u043c\u0443\u043b\u0438\u0440\u0443\u0435\u0442 \u0436\u0438\u0437\u043d\u0435\u0434\u0435\u044f\u0442\u0435\u043b\u044c\u043d\u043e\u0441\u0442\u044c \u043c\u0438\u043a\u0440\u043e\u043e\u0440\u0433\u0430\u043d\u0438\u0437\u043c\u043e\u0432 \u0432 \u043f\u043e\u0447\u0432\u0435, \u0433\u0434\u0435 \u043e\u043d \u043f\u0440\u0438\u043c\u0435\u043d\u044f\u0435\u0442\u0441\u044f, \u0438 \u0441\u043f\u043e\u0441\u043e\u0431\u0441\u0442\u0432\u0443\u0435\u0442 \u0444\u043e\u0440\u043c\u0438\u0440\u043e\u0432\u0430\u043d\u0438\u044e \u043d\u0430\u0438\u0431\u043e\u043b\u0435\u0435 \u0438\u0434\u0435\u0430\u043b\u044c\u043d\u044b\u0445 \u0443\u0441\u043b\u043e\u0432\u0438\u0439 \u0434\u043b\u044f \u0440\u0430\u0441\u0442\u0435\u043d\u0438\u0439.<\/p>\n<p>\u0411\u043b\u0430\u0433\u043e\u0434\u0430\u0440\u044f \u043d\u0438\u0437\u043a\u043e\u043c\u0443 \u043c\u043e\u043b\u0435\u043a\u0443\u043b\u044f\u0440\u043d\u043e\u043c\u0443 \u0432\u0435\u0441\u0443 \u043e\u0431\u0435\u0441\u043f\u0435\u0447\u0438\u0432\u0430\u0435\u0442 \u043e\u0447\u0435\u043d\u044c \u0431\u044b\u0441\u0442\u0440\u043e\u0435 \u043f\u043e\u0433\u043b\u043e\u0449\u0435\u043d\u0438\u0435, \u0442\u0440\u0430\u043d\u0441\u043f\u043e\u0440\u0442\u0438\u0440\u043e\u0432\u043a\u0443 \u0438 \u0438\u0441\u043f\u043e\u043b\u044c\u0437\u043e\u0432\u0430\u043d\u0438\u0435. \u041e\u0431\u0435\u0441\u043f\u0435\u0447\u0438\u0432\u0430\u0435\u0442 \u0431\u044b\u0441\u0442\u0440\u043e\u0435 \u043f\u043e\u0433\u043b\u043e\u0449\u0435\u043d\u0438\u0435 \u0438 \u0442\u0440\u0430\u043d\u0441\u043f\u043e\u0440\u0442\u0438\u0440\u043e\u0432\u043a\u0443 \u0432 \u0441\u043b\u0443\u0447\u0430\u044f\u0445, \u043a\u043e\u0433\u0434\u0430 \u043f\u0440\u043e\u0434\u0443\u043a\u0442\u044b (\u043f\u0435\u0441\u0442\u0438\u0446\u0438\u0434\u044b \u0438 \u0443\u0434\u043e\u0431\u0440\u0435\u043d\u0438\u044f) \u043f\u0440\u0438\u043c\u0435\u043d\u044f\u044e\u0442\u0441\u044f \u0432\u043c\u0435\u0441\u0442\u0435.<\/p>\n<p>-\u0421\u043e\u0437\u0434\u0430\u0435\u0442 \u0441\u0438\u043d\u0435\u0440\u0433\u0435\u0442\u0438\u0447\u0435\u0441\u043a\u0438\u0439 \u044d\u0444\u0444\u0435\u043a\u0442 \u0441 \u043f\u0438\u0442\u0430\u0442\u0435\u043b\u044c\u043d\u044b\u043c\u0438 \u0432\u0435\u0449\u0435\u0441\u0442\u0432\u0430\u043c\u0438, \u044f\u0432\u043b\u044f\u0435\u0442\u0441\u044f \u043e\u0440\u0433\u0430\u043d\u0438\u0447\u0435\u0441\u043a\u0438\u043c \u0445\u0435\u043b\u0430\u0442\u043e\u0440\u043e\u043c \u0432\u044b\u0441\u043e\u043a\u043e\u0433\u043e \u0443\u0440\u043e\u0432\u043d\u044f.<\/p>\n<p>-\u0423\u0432\u0435\u043b\u0438\u0447\u0438\u0432\u0430\u0435\u0442 \u0432\u043d\u0443\u0442\u0440\u0435\u043d\u043d\u0435\u0435 \u0438 \u0432\u043d\u0435\u0448\u043d\u0435\u0435 \u043a\u0430\u0447\u0435\u0441\u0442\u0432\u043e \u043f\u0440\u043e\u0434\u0443\u043a\u0442\u0430, \u0441\u043b\u0435\u0434\u043e\u0432\u0430\u0442\u0435\u043b\u044c\u043d\u043e, \u043a\u0430\u0447\u0435\u0441\u0442\u0432\u043e \u043f\u043b\u043e\u0434\u043e\u0432 \u0438 \u0438\u0445 \u043a\u043e\u043c\u043c\u0435\u0440\u0447\u0435\u0441\u043a\u0443\u044e \u0446\u0435\u043d\u043d\u043e\u0441\u0442\u044c.<\/p>\n<p>&nbsp;<\/p>\n<p><strong>\u041f\u0415\u0420\u0418\u041e\u0414 \u0418\u0421\u041f\u041e\u041b\u042c\u0417\u041e\u0412\u0410\u041d\u0418\u042f<\/strong><\/p>\n<p>-\u0412 \u043d\u0430\u0447\u0430\u043b\u0435 \u0432\u0435\u0433\u0435\u0442\u0430\u0442\u0438\u0432\u043d\u043e\u0433\u043e \u0440\u043e\u0441\u0442\u0430 \u0440\u0430\u0441\u0442\u0435\u043d\u0438\u044f.<\/p>\n<p>&#8211; \u0412\u043e \u0432\u0440\u0435\u043c\u044f \u0446\u0432\u0435\u0442\u0435\u043d\u0438\u044f \u0438 \u043e\u043f\u0430\u0434\u0430\u043d\u0438\u044f \u043b\u0435\u043f\u0435\u0441\u0442\u043a\u043e\u0432.<\/p>\n<p>-\u0412 \u043f\u0435\u0440\u0438\u043e\u0434 \u0440\u0430\u0437\u0432\u0438\u0442\u0438\u044f \u043f\u043b\u043e\u0434\u043e\u0432.<\/p>\n<table>\n<tbody>\n<tr>\n<td colspan=\"3\" width=\"510\"><strong>\u041e\u0411\u041b\u0410\u0421\u0422\u0418 \u041f\u0420\u0418\u041c\u0415\u041d\u0415\u041d\u0418\u042f, \u0424\u041e\u0420\u041c\u042b \u0418 \u0421\u041f\u041e\u0421\u041e\u0411\u042b \u0418\u0421\u041f\u041e\u041b\u042c\u0417\u041e\u0412\u0410\u041d\u0418\u042f<\/strong><\/td>\n<\/tr>\n<tr>\n<td width=\"126\"><strong>\u0422\u0418\u041f \u041f\u0420\u041e\u0414\u0423\u041a\u0422\u0410<\/strong><\/td>\n<td width=\"205\"><strong>\u0412\u041d\u0415\u0421\u0415\u041d\u0418\u0415 \u0412 \u041f\u041e\u0427\u0412\u0423<\/strong><\/td>\n<td width=\"180\"><strong>\u0412\u041d\u0415\u041a\u041e\u0420\u041d\u0415\u0412\u0410\u042f \u041f\u041e\u0414\u041a\u041e\u0420\u041c\u041a\u0410<\/strong><\/td>\n<\/tr>\n<tr>\n<td width=\"126\">\u041f\u0420\u0418\u041c\u0415\u041d\u0415\u041d\u0418\u0415 \u0412 \u041e\u0412\u041e\u0429\u0415\u0412\u041e\u0414\u0421\u0422\u0412\u0415<\/td>\n<td width=\"205\">600-1000 \u043a\u0443\u0431. \u0441\u043c\/\u0434\u0430<\/p>\n<p>&nbsp;<\/p>\n<p>(1 \u043f\u0440\u0438\u043c\u0435\u043d\u0435\u043d\u0438\u0435 \u0447\u0435\u0440\u0435\u0437 20 \u0434\u043d\u0435\u0439 \u0432 \u043f\u0435\u0440\u0438\u043e\u0434 \u0440\u043e\u0441\u0442\u0430)<\/td>\n<td width=\"180\">200-300 \u043a\u0443\u0431. \u0441\u043c\/100 \u043b \u0432\u043e\u0434\u044b (4 \u043f\u0440\u0438\u043c\u0435\u043d\u0435\u043d\u0438\u044f \u043a\u0430\u0436\u0434\u044b\u0435 20 \u0434\u043d\u0435\u0439 \u0432 \u0442\u0435\u0447\u0435\u043d\u0438\u0435 \u043f\u0435\u0440\u0438\u043e\u0434\u0430 \u0440\u043e\u0441\u0442\u0430)<\/td>\n<\/tr>\n<tr>\n<td width=\"126\">\u041f\u0420\u0418\u041c\u0415\u041d\u0415\u041d\u0418\u0415 \u0412 \u041f\u041b\u041e\u0414\u0410\u0425<\/td>\n<td width=\"205\">750-1000 \u0441\u043c3\/\u0414\u0430<\/p>\n<p>(3-4 \u043f\u0440\u0438\u043c\u0435\u043d\u0435\u043d\u0438\u044f \u0432 \u043f\u0435\u0440\u0438\u043e\u0434 \u0440\u043e\u0441\u0442\u0430 \u0440\u0430\u0441\u0442\u0435\u043d\u0438\u044f)<\/td>\n<td width=\"180\">200-300 \u043a\u0443\u0431. \u0441\u043c\/100 \u043b \u0432\u043e\u0434\u044b (3 \u043f\u0440\u0438\u043c\u0435\u043d\u0435\u043d\u0438\u044f \u043a\u0430\u0436\u0434\u044b\u0435 15-20 \u0434\u043d\u0435\u0439 \u0432 \u043f\u0435\u0440\u0438\u043e\u0434 \u0440\u043e\u0441\u0442\u0430)<\/td>\n<\/tr>\n<tr>\n<td width=\"126\">\u041f\u0420\u0418\u041c\u0415\u041d\u0415\u041d\u0418\u0415 \u0412 \u0417\u0415\u0420\u041d\u041e\u0412\u042b\u0425, \u0421\u0410\u0425\u0410\u0420\u041d\u041e\u0419 \u0421\u0412\u0415\u041a\u041b\u0415, \u041a\u0410\u0420\u0422\u041e\u0424\u0415\u041b\u0415<\/td>\n<td width=\"205\">400-800 \u043a\u0443\u0431. \u0441\u043c\/\u0414\u0430 \u0432 \u043f\u043e\u0447\u0432\u0443 \u0434\u043e \u043f\u043e\u044f\u0432\u043b\u0435\u043d\u0438\u044f \u0432\u0441\u0445\u043e\u0434\u043e\u0432 \u0438 3 \u0440\u0430\u0437\u0430 \u043f\u0440\u0438 \u0438\u0441\u043f\u043e\u043b\u044c\u0437\u043e\u0432\u0430\u043d\u0438\u0438 \u043e\u0440\u043e\u0441\u0438\u0442\u0435\u043b\u044c\u043d\u044b\u0445 \u0441\u0438\u0441\u0442\u0435\u043c \u0432 \u043f\u0435\u0440\u0438\u043e\u0434 \u0440\u0430\u0437\u0432\u0438\u0442\u0438\u044f \u0440\u0430\u0441\u0442\u0435\u043d\u0438\u0439<\/p>\n<p>200-250 \u043a\u0443\u0431. \u0441\u043c\/100 \u043b \u0432\u043e\u0434\u044b<\/td>\n<td width=\"180\">200-250 \u043a\u0443\u0431. \u0441\u043c\/100 \u043b \u0432\u043e\u0434\u044b (3 \u043f\u0440\u0438\u043c\u0435\u043d\u0435\u043d\u0438\u044f \u043a\u0430\u0436\u0434\u044b\u0435 15-20 \u0434\u043d\u0435\u0439 \u0432 \u043f\u0435\u0440\u0438\u043e\u0434 \u0440\u043e\u0441\u0442\u0430)<\/td>\n<\/tr>\n<\/tbody>\n<\/table>\n<p>&#8211; \u0412 \u043b\u044e\u0431\u043e\u0439 \u043f\u0435\u0440\u0438\u043e\u0434 \u0441\u0442\u0440\u0435\u0441\u0441\u0430 \u0440\u0430\u0441\u0442\u0435\u043d\u0438\u0439.<\/p>\n<p>&nbsp;<\/p>\n<p><strong>\u00a0<\/strong><\/p>\n<p><strong>\u00a0<\/strong><\/p>\n<p><strong>\u00a0<\/strong><\/p>\n<p><strong>\u00a0<\/strong><\/p>\n<p><strong>\u00a0<\/strong><\/p>\n<p><strong>\u00a0<\/strong><\/p>\n","protected":false},"excerpt":{"rendered":"<h3><strong>HAYVANSAL MEN\u015eEL\u0130 AM\u0130NO AS\u0130T<\/strong><\/h3>\n","protected":false},"featured_media":854,"template":"","meta":[],"product_cat":[271],"product_tag":[],"_links":{"self":[{"href":"https:\/\/www.nobeltarim.com\/index.php?rest_route=\/wp\/v2\/product\/1036"}],"collection":[{"href":"https:\/\/www.nobeltarim.com\/index.php?rest_route=\/wp\/v2\/product"}],"about":[{"href":"https:\/\/www.nobeltarim.com\/index.php?rest_route=\/wp\/v2\/types\/product"}],"wp:featuredmedia":[{"embeddable":true,"href":"https:\/\/www.nobeltarim.com\/index.php?rest_route=\/wp\/v2\/media\/854"}],"wp:attachment":[{"href":"https:\/\/www.nobeltarim.com\/index.php?rest_route=%2Fwp%2Fv2%2Fmedia&parent=1036"}],"wp:term":[{"taxonomy":"product_cat","embeddable":true,"href":"https:\/\/www.nobeltarim.com\/index.php?rest_route=%2Fwp%2Fv2%2Fproduct_cat&post=1036"},{"taxonomy":"product_tag","embeddable":true,"href":"https:\/\/www.nobeltarim.com\/index.php?rest_route=%2Fwp%2Fv2%2Fproduct_tag&post=1036"}],"curies":[{"name":"wp","href":"https:\/\/api.w.org\/{rel}","templated":true}]}}