{"id":1032,"date":"2023-11-28T21:46:52","date_gmt":"2023-11-28T18:46:52","guid":{"rendered":"https:\/\/www.nobeltarim.com\/?post_type=product&#038;p=1032"},"modified":"2023-11-28T21:46:53","modified_gmt":"2023-11-28T18:46:53","slug":"carrier-85-4","status":"publish","type":"product","link":"https:\/\/www.nobeltarim.com\/?product=carrier-85-4&lang=fr","title":{"rendered":"CARRIER 85"},"content":{"rendered":"<p><strong>CARRIER 85<\/strong><\/p>\n<p><strong>R\u00c9GULATEUR ORGANIQUE DU SOL<\/strong><\/p>\n<p><strong>LEONARDIT<\/strong><\/p>\n<p><strong>Acide humique granulaire \u00e0 85<\/strong><\/p>\n<p>Contenu garanti<\/p>\n<p>Mati\u00e8re organique totale&#8230;&#8230;&#8230;&#8230;&#8230;&#8230;&#8230;&#8230;&#8230;&#8230;&#8230;. 75% w\/w<\/p>\n<p>Acides humiques et fulviques totaux&#8230;&#8230;&#8230;&#8230;&#8230;&#8230;&#8230;&#8230; 65% w\/w<\/p>\n<p>Humidit\u00e9 maximale &#8230;&#8230;&#8230;&#8230;&#8230;&#8230;&#8230;&#8230;&#8230;&#8230;&#8230;&#8230;&#8230;&#8230;&#8230;.. 30<\/p>\n<p>Mati\u00e8re premi\u00e8re utilis\u00e9e dans le produit&#8230;&#8230;&#8230;&#8230;.Leonardite<\/p>\n<p>pH:26-4,6<\/p>\n<p>CARACT\u00c9RISTIQUES<\/p>\n<p>-Il est appliqu\u00e9 directement sur le sol.<\/p>\n<p>-Il permet aux plantes d&#8217;absorber plus facilement les \u00e9l\u00e9ments nutritifs du sol.<\/p>\n<p>&#8211; Favorise le d\u00e9veloppement des racines des plantes.<\/p>\n<p>-All\u00e8ge la structure des sols lourds, argileux et durs.<\/p>\n<p>&#8211; r\u00e9g\u00e9n\u00e8re les sols dont le niveau de mati\u00e8re organique a diminu\u00e9 en raison de pratiques agricoles intensives.<\/p>\n<p>USAGE ET DOSES<\/p>\n<table>\n<tbody>\n<tr>\n<td width=\"205\">PLANTES<\/td>\n<td width=\"205\">Dosage<\/td>\n<td width=\"205\">P\u00c9RIODE D&#8217;UTILISATION<\/td>\n<\/tr>\n<tr>\n<td width=\"205\">&#8211; L\u00c9GUMES EN SERRE<\/p>\n<p>&nbsp;<\/p>\n<p>&nbsp;<\/p>\n<p>&nbsp;<\/p>\n<p>&nbsp;<\/p>\n<p>&nbsp;<\/p>\n<p>-AU JARDIN<\/p>\n<p>&nbsp;<\/p>\n<p>-DAS LES P\u00c9PINS<\/p>\n<p>&nbsp;<\/td>\n<td width=\"205\">40 kg\/ daa<\/p>\n<p>(comme enrobage)<\/p>\n<p>&nbsp;<\/p>\n<p>&nbsp;<\/p>\n<p>&nbsp;<\/p>\n<p>&nbsp;<\/p>\n<p>20 kg\/ daa<\/p>\n<p>(application en bande)<\/p>\n<p>&nbsp;<\/p>\n<p>15 kg\/ daa<\/td>\n<td width=\"205\">Lors de la pr\u00e9paration du sol, la quantit\u00e9 recommand\u00e9e de Marshalls Carrier 85 est appliqu\u00e9e au sol. Une application en bande de 1 mt. doit effectu\u00e9e \u00e0 la m\u00eame dose utilis\u00e9e avant de planter dans les produits sem\u00e9s<\/p>\n<p>&nbsp;<\/p>\n<p>&nbsp;<\/p>\n<p>&nbsp;<\/p>\n<p>Il est appliqu\u00e9 dans les coussins o\u00f9 les semis seront plant\u00e9s et m\u00e9lang\u00e9 au sol \u00e0 une profondeur de 6 cm.<\/td>\n<\/tr>\n<tr>\n<td width=\"205\">FRUIT<\/p>\n<p>DANS LES JARDINS<\/p>\n<p>dans le vignoble<\/td>\n<td width=\"205\">10 kg\/ daa<\/td>\n<td width=\"205\">Apr\u00e8s la chute des feuilles, il sea donn\u00e9 \u00e0 la zone racinaire et m\u00e9lang\u00e9 au sol, en tenant compte du nombre d&#8217;arbres dans le jardin. Avant le d\u00e9but de la croissance au printemps, une autre application sera faite \u00e0 la m\u00eame dose.<\/td>\n<\/tr>\n<tr>\n<td width=\"205\">LA PLANTATION DE SEMIS<\/td>\n<td width=\"205\">Pour chaque plante\u00a0 125 gr.<\/td>\n<td width=\"205\">Fruits nouvellement \u00e9tablis, agrumes, olives, etc.<\/p>\n<p>Il sera m\u00e9lang\u00e9 \u00e0 la terre qui sera utilis\u00e9e pour recouvrir les fosses ouvertes qui seont remplies de ce m\u00e9lange.<\/td>\n<\/tr>\n<tr>\n<td width=\"205\">AGRUMES<\/td>\n<td width=\"205\">10kg\/ daa<\/td>\n<td width=\"205\">Il doit \u00eatre appliqu\u00e9 dans la zone des racines des agrumes au printemps et m\u00e9lang\u00e9 \u00e0 la terre. Saupoudrez 500 gr. par arbre dans la zone des racines des agrumes et m\u00e9langez-les \u00e0 la terre.<\/td>\n<\/tr>\n<tr>\n<td width=\"205\">Fraise<\/td>\n<td width=\"205\">10-20kg\/ daa<\/td>\n<td width=\"205\">Pour les nouvelles plantes, 20 kg sur l&#8217;ensemble du champ avant la plantation ou 10 kg \u00e0 la bande.<\/p>\n<p>Pour les vieilles plantes, 10 kg. \u00e0 la bande doit \u00eatre m\u00e9lang\u00e9 avec les engrais chimiques dans le sol<\/td>\n<\/tr>\n<tr>\n<td width=\"205\">Banane<\/td>\n<td width=\"205\">15-20kg\/ daa<\/td>\n<td width=\"205\">Au printemps, il doit m\u00e9lang\u00e9 avec des engrais chimiques et des pesticides n\u00e9matodes ou sera utilis\u00e9e seul dans le sol.<\/td>\n<\/tr>\n<tr>\n<td width=\"205\">LES GRANDES CULTURES (C\u00c9R\u00c9ALES, MA\u00cfS, TOURNESOL, COTON, ETC.)<\/p>\n<p>&nbsp;<\/p>\n<p>en plantant des graines<\/td>\n<td width=\"205\">15kg\/ daa<\/p>\n<p>&nbsp;<\/p>\n<p>&nbsp;<\/p>\n<p>&nbsp;<\/p>\n<p>15kg\/ daa<\/td>\n<td width=\"205\">Avant le labourage du champ, il doit saupoudr\u00e9 directement sur le sol avant le semis en automne ou au printemps dans le cadre de la pr\u00e9paration du sol,ou\u00a0 il peut \u00eatre appliqu\u00e9 en m\u00e9lange avec des engrais.<\/p>\n<p>&nbsp;<\/p>\n<p>Lors de la plantation des graines dans le champ, et cond la tr\u00e9mie d&#8217;engrais du semoir est plac\u00e9e, sera m\u00e9lang\u00e9e \u00e0 l&#8217;engrais et donn\u00e9e au lit de semence.<\/td>\n<\/tr>\n<\/tbody>\n<\/table>\n<p><strong>\u00a0<\/strong><\/p>\n","protected":false},"excerpt":{"rendered":"<p>CARRIER 85 R\u00c9GULATEUR ORGANIQUE DU SOL LEONARDIT Acide humique granulaire \u00e0 85 Contenu garanti Mati\u00e8re organique totale&#8230;&#8230;&#8230;&#8230;&#8230;&#8230;&#8230;&#8230;&#8230;&#8230;&#8230;. 75% w\/w Acides humiques et fulviques totaux&#8230;&#8230;&#8230;&#8230;&#8230;&#8230;&#8230;&#8230; 65% w\/w Humidit\u00e9 maximale &#8230;&#8230;&#8230;&#8230;&#8230;&#8230;&#8230;&#8230;&#8230;&#8230;&#8230;&#8230;&#8230;&#8230;&#8230;.. 30 Mati\u00e8re premi\u00e8re utilis\u00e9e dans le produit&#8230;&#8230;&#8230;&#8230;.Leonardite pH:26-4,6 CARACT\u00c9RISTIQUES -Il est appliqu\u00e9 directement sur le sol. -Il permet aux plantes d&#8217;absorber plus facilement les \u00e9l\u00e9ments nutritifs [&#8230;]\n","protected":false},"featured_media":453,"template":"","meta":[],"product_cat":[278],"product_tag":[],"_links":{"self":[{"href":"https:\/\/www.nobeltarim.com\/index.php?rest_route=\/wp\/v2\/product\/1032"}],"collection":[{"href":"https:\/\/www.nobeltarim.com\/index.php?rest_route=\/wp\/v2\/product"}],"about":[{"href":"https:\/\/www.nobeltarim.com\/index.php?rest_route=\/wp\/v2\/types\/product"}],"wp:featuredmedia":[{"embeddable":true,"href":"https:\/\/www.nobeltarim.com\/index.php?rest_route=\/wp\/v2\/media\/453"}],"wp:attachment":[{"href":"https:\/\/www.nobeltarim.com\/index.php?rest_route=%2Fwp%2Fv2%2Fmedia&parent=1032"}],"wp:term":[{"taxonomy":"product_cat","embeddable":true,"href":"https:\/\/www.nobeltarim.com\/index.php?rest_route=%2Fwp%2Fv2%2Fproduct_cat&post=1032"},{"taxonomy":"product_tag","embeddable":true,"href":"https:\/\/www.nobeltarim.com\/index.php?rest_route=%2Fwp%2Fv2%2Fproduct_tag&post=1032"}],"curies":[{"name":"wp","href":"https:\/\/api.w.org\/{rel}","templated":true}]}}