{"id":1027,"date":"2023-11-28T21:41:42","date_gmt":"2023-11-28T18:41:42","guid":{"rendered":"https:\/\/www.nobeltarim.com\/?post_type=product&#038;p=1027"},"modified":"2023-11-28T21:41:43","modified_gmt":"2023-11-28T18:41:43","slug":"bia-mangan-2","status":"publish","type":"product","link":"https:\/\/www.nobeltarim.com\/?product=bia-mangan-2&lang=fr","title":{"rendered":"BIA MANGAN"},"content":{"rendered":"<p><strong>BIA MANGAN<\/strong><\/p>\n<p><strong>\u00a0<\/strong><\/p>\n<p><strong>Contenu garanti<\/strong> \u00a0\u00a0\u00a0\u00a0\u00a0\u00a0\u00a0\u00a0\u00a0\u00a0\u00a0<strong>p\/p<\/strong><\/p>\n<p>Mangan\u00e8se total (Mn) : 17%<\/p>\n<p><strong>\u00a0\u00a0\u00a0\u00a0\u00a0\u00a0\u00a0\u00a0\u00a0\u00a0\u00a0\u00a0\u00a0\u00a0\u00a0\u00a0\u00a0\u00a0\u00a0\u00a0\u00a0\u00a0\u00a0\u00a0\u00a0\u00a0 <\/strong><\/p>\n<p><strong>AVANTAGES<\/strong><\/p>\n<p>&#8211; <strong>Bio Mangan<\/strong> est un produit d\u00e9velopp\u00e9 pour lutter contre les probl\u00e8mes de maturation et de coloration tardive caus\u00e9e par les conditions climatiques et p\u00e9dologiques pendant la p\u00e9riode de r\u00e9colte.<\/p>\n<p>-Il ne colore que les fruits et l\u00e9gumes ayant atteint une taille r\u00e9coltable en peu de temps, il ne provoque donc pas de perte de tonnage \u00e0 la r\u00e9colte.<\/p>\n<p>-Il a un effet remarquable, notamment sur les tomates et les aubergines.<\/p>\n<p><strong>USAGE<br \/>\n<\/strong>Ce produit est appliqu\u00e9 sur le sol uniquement avec un syst\u00e8me d&#8217;irrigation goutte \u00e0 goutte. L&#8217;application foliaire ne doit pas \u00eatre effectu\u00e9e.<\/p>\n<p>Il ne doit \u00eatre m\u00e9lang\u00e9 \u00e0 aucun engrais ni m\u00e9dicament.<\/p>\n<p><strong>PLANTES ET DOSES RECOMMAND\u00c9ES\u00a0\u00a0\u00a0\u00a0\u00a0\u00a0 <\/strong><\/p>\n<p>La dose pour toutes les plantes est de 300 \u00e0 500 gr par d\u00e9care.<\/p>\n<p>&nbsp;<\/p>\n","protected":false},"excerpt":{"rendered":"<p>BIA MANGAN \u00a0 Contenu garanti \u00a0\u00a0\u00a0\u00a0\u00a0\u00a0\u00a0\u00a0\u00a0\u00a0\u00a0p\/p Mangan\u00e8se total (Mn) : 17% \u00a0\u00a0\u00a0\u00a0\u00a0\u00a0\u00a0\u00a0\u00a0\u00a0\u00a0\u00a0\u00a0\u00a0\u00a0\u00a0\u00a0\u00a0\u00a0\u00a0\u00a0\u00a0\u00a0\u00a0\u00a0\u00a0 AVANTAGES &#8211; Bio Mangan est un produit d\u00e9velopp\u00e9 pour lutter contre les probl\u00e8mes de maturation et de coloration tardive caus\u00e9e par les conditions climatiques et p\u00e9dologiques pendant la p\u00e9riode de r\u00e9colte. -Il ne colore que les fruits et l\u00e9gumes ayant atteint une taille [&#8230;]\n","protected":false},"featured_media":589,"template":"","meta":[],"product_cat":[179],"product_tag":[],"_links":{"self":[{"href":"https:\/\/www.nobeltarim.com\/index.php?rest_route=\/wp\/v2\/product\/1027"}],"collection":[{"href":"https:\/\/www.nobeltarim.com\/index.php?rest_route=\/wp\/v2\/product"}],"about":[{"href":"https:\/\/www.nobeltarim.com\/index.php?rest_route=\/wp\/v2\/types\/product"}],"wp:featuredmedia":[{"embeddable":true,"href":"https:\/\/www.nobeltarim.com\/index.php?rest_route=\/wp\/v2\/media\/589"}],"wp:attachment":[{"href":"https:\/\/www.nobeltarim.com\/index.php?rest_route=%2Fwp%2Fv2%2Fmedia&parent=1027"}],"wp:term":[{"taxonomy":"product_cat","embeddable":true,"href":"https:\/\/www.nobeltarim.com\/index.php?rest_route=%2Fwp%2Fv2%2Fproduct_cat&post=1027"},{"taxonomy":"product_tag","embeddable":true,"href":"https:\/\/www.nobeltarim.com\/index.php?rest_route=%2Fwp%2Fv2%2Fproduct_tag&post=1027"}],"curies":[{"name":"wp","href":"https:\/\/api.w.org\/{rel}","templated":true}]}}