{"id":1026,"date":"2023-11-28T21:34:09","date_gmt":"2023-11-28T18:34:09","guid":{"rendered":"https:\/\/www.nobeltarim.com\/?post_type=product&#038;p=1026"},"modified":"2023-11-28T21:34:10","modified_gmt":"2023-11-28T18:34:10","slug":"ever-time-8","status":"publish","type":"product","link":"https:\/\/www.nobeltarim.com\/?product=ever-time-8&lang=fr","title":{"rendered":"EVER  TIME"},"content":{"rendered":"<p><strong>EVER \u00a0TIME<\/strong><\/p>\n<p>&nbsp;<\/p>\n<ol>\n<li><strong>S\u00c9R\u0130E DE NPK SOLUBLE DANS L&#8217;EAU<\/strong><\/li>\n<\/ol>\n<p><strong>S\u00c9R\u0130E DE NPK SOLUBLE DANS L&#8217;EAU<\/strong><\/p>\n<p><strong>Formulations<\/strong><\/p>\n<p><strong>Sac kraft de 20<\/strong>\u00a0\u00a0\u00a0\u00a0\u00a0\u00a0\u00a0\u00a0\u00a0\u00a0\u00a0\u00a0\u00a0\u00a0\u00a0\u00a0\u00a0\u00a0\u00a0\u00a0\u00a0\u00a0 \u00a0\u00a0\u00a0\u00a0\u00a0\u00a0\u00a0\u00a0<strong>Bo\u00eete de 1kg<\/strong><\/p>\n<p>20.20.20+ME \u00a0\u00a0\u00a0\u00a0\u00a0\u00a0\u00a0\u00a0\u00a0\u00a0\u00a0\u00a0\u00a0\u00a0\u00a0\u00a0\u00a0\u00a0\u00a0\u00a0\u00a0\u00a0\u00a0\u00a0\u00a0\u00a0\u00a0\u00a0\u00a0\u00a0\u00a0\u00a0\u00a0\u00a018-18-18+ME<\/p>\n<p>5.12.40+ME \u00a0\u00a0\u00a0\u00a0\u00a0\u00a0\u00a0\u00a0\u00a0\u00a0\u00a0\u00a0\u00a0\u00a0\u00a0\u00a0\u00a0\u00a0\u00a0\u00a0\u00a0\u00a0\u00a0\u00a0\u00a0\u00a0\u00a0\u00a0\u00a0\u00a0\u00a0\u00a0\u00a0\u00a0\u00a0\u00a010.10.35+ME<\/p>\n<p>10.45.10+ME \u00a0\u00a0\u00a0\u00a0\u00a0\u00a0\u00a0\u00a0\u00a0\u00a0\u00a0\u00a0\u00a0\u00a0\u00a0\u00a0\u00a0\u00a0\u00a0\u00a0\u00a0\u00a0\u00a0\u00a0\u00a0\u00a0\u00a0\u00a0\u00a0\u00a0\u00a0\u00a010.35.10+ME<\/p>\n<p>16.8.24+ME<\/p>\n<p>20.10.20+ME<\/p>\n<p>20.05.30+ME<\/p>\n<p>30.10.10+ME<\/p>\n<p>630.30+ME<\/p>\n<p>15.10.30+ME<\/p>\n<p>12.0.43+ME<\/p>\n<p>10.52.10+ME<\/p>\n<p>0.40.40+ME<\/p>\n<p><strong>Caract\u00e9ristiques :<\/strong><\/p>\n<p>&#8211; Toutes les s\u00e9ries EVER TIME contiennent des oligo-\u00e9l\u00e9ments ch\u00e9lat\u00e9s par EDTA en plus du N.P.K<\/p>\n<p>&#8211; Comme il est produit avec une technologie avanc\u00e9e, chaque particule a la m\u00eame formulation, Haute puret\u00e9, Sa solubilit\u00e9 dans l&#8217;eau est au niveau maximum, ne laisse aucun r\u00e9sidu et peut \u00eatre utilis\u00e9 avec toutes sortes de syst\u00e8mes d&#8217;irrigation et de pulv\u00e9risation.<\/p>\n<p>-Ne contient pas de substances nocives telles que le chlore, le biuret.<\/p>\n<p>-M\u00eame dans les conditions climatiques les plus difficiles (saison hivernale), lorsque la plante est sous des condition de stresse, son absorption par la plante est \u00e0 un niveau \u00e9lev\u00e9. Gr\u00e2ce \u00e0 cette caract\u00e9ristique, toutes les s\u00e9ries EVER TIME sont des engrais \u00e0 haute performance.<\/p>\n<p>&#8211; Il peut \u00eatre utilis\u00e9 pour tous les produits agricoles \u00e0 toutes les p\u00e9riodes.<\/p>\n<p>&#8211; Lorsqu&#8217;il est utilis\u00e9 en m\u00e9lange avec des pesticides, il r\u00e9duit le pH du m\u00e9lange et emp\u00eache l&#8217;effet des pesticides de diminuer.<\/p>\n<p><strong>Application g\u00e9n\u00e9rale Dosage :<\/strong><\/p>\n<p>-Utilisation foliaire ; 200 gr pour 100L d&#8217;eau.<\/p>\n<p>&#8211; Avec irrigation goutte \u00e0 goutte ; 1-1,5 kg par d\u00e9care<\/p>\n","protected":false},"excerpt":{"rendered":"<h3><strong>Suda \u00c7\u00f6z\u00fcn\u00fcr NPK Serisi<\/strong><\/h3>\n","protected":false},"featured_media":843,"template":"","meta":[],"product_cat":[253],"product_tag":[],"_links":{"self":[{"href":"https:\/\/www.nobeltarim.com\/index.php?rest_route=\/wp\/v2\/product\/1026"}],"collection":[{"href":"https:\/\/www.nobeltarim.com\/index.php?rest_route=\/wp\/v2\/product"}],"about":[{"href":"https:\/\/www.nobeltarim.com\/index.php?rest_route=\/wp\/v2\/types\/product"}],"wp:featuredmedia":[{"embeddable":true,"href":"https:\/\/www.nobeltarim.com\/index.php?rest_route=\/wp\/v2\/media\/843"}],"wp:attachment":[{"href":"https:\/\/www.nobeltarim.com\/index.php?rest_route=%2Fwp%2Fv2%2Fmedia&parent=1026"}],"wp:term":[{"taxonomy":"product_cat","embeddable":true,"href":"https:\/\/www.nobeltarim.com\/index.php?rest_route=%2Fwp%2Fv2%2Fproduct_cat&post=1026"},{"taxonomy":"product_tag","embeddable":true,"href":"https:\/\/www.nobeltarim.com\/index.php?rest_route=%2Fwp%2Fv2%2Fproduct_tag&post=1026"}],"curies":[{"name":"wp","href":"https:\/\/api.w.org\/{rel}","templated":true}]}}