{"id":1025,"date":"2023-11-28T21:33:20","date_gmt":"2023-11-28T18:33:20","guid":{"rendered":"https:\/\/www.nobeltarim.com\/?post_type=product&#038;p=1025"},"modified":"2023-11-28T21:33:21","modified_gmt":"2023-11-28T18:33:21","slug":"ever-time-7","status":"publish","type":"product","link":"https:\/\/www.nobeltarim.com\/?product=ever-time-7&lang=ar","title":{"rendered":"EVER  TIME"},"content":{"rendered":"<p><strong>\u00a0<\/strong><\/p>\n<p><strong>EVER \u00a0TIME<\/strong><\/p>\n<p>&nbsp;<\/p>\n<p><strong>\u0633\u0644\u0633\u0644\u0629<\/strong><strong> NPK<\/strong> <strong>\u0642\u0627\u0628\u0644 \u0644\u0644\u0630\u0648\u0628\u0627\u0646 \u0641\u064a \u0627\u0644\u0645\u0627\u0621\u00a0\u00a0\u00a0\u00a0\u00a0\u00a0 <\/strong><\/p>\n<p>&nbsp;<\/p>\n<p><strong>\u0633\u0644\u0633\u0644\u0629<\/strong> <strong>\u0627\u0644\u0623\u0633\u0645\u062f\u0629<\/strong><strong> NPK<\/strong><\/p>\n<p><strong>\u0627\u0644\u062a\u0631\u0643\u064a\u0628\u0627\u062a<\/strong><\/p>\n<p><strong>\u0643\u064a\u0633<\/strong> <strong>\u0643\u0631\u0627\u0641\u062a<\/strong> <strong>\u0645\u0646 <\/strong><strong>\u00a020<\/strong>\u00a0 \u0631\u0637\u0644\u00a0\u00a0\u00a0\u00a0\u00a0\u00a0\u00a0\u00a0\u00a0\u00a0\u00a0\u00a0\u00a0\u00a0\u00a0\u00a0\u00a0 <strong>\u0639\u0644\u0628\u0629 \u0628\u0633\u0639\u0629 1 \u0643\u063a<\/strong><\/p>\n<p>20.20.20 + ME \u00a0\u00a0\u00a0\u00a0\u00a0\u00a0\u00a0\u00a0\u00a0\u00a0\u00a0\u00a0\u00a0\u00a0\u00a0\u00a0\u00a0\u00a0\u00a0\u00a0\u00a0\u00a0\u00a0\u00a0\u00a0\u00a018-18-18-18+ME<\/p>\n<p>18-18-18-18-ME\u00a0\u00a0\u00a0\u00a0\u00a0\u00a0\u00a0\u00a0\u00a0\u00a0\u00a0\u00a0\u00a0\u00a0\u00a0\u00a0\u00a0\u00a0\u00a0\u00a0\u00a0\u00a0\u00a0\u00a0\u00a0 10.10.35+ME<\/p>\n<p>5.12.40 + ME \u00a0\u00a0\u00a0\u00a0\u00a0\u00a0\u00a0\u00a0\u00a0\u00a0\u00a0\u00a0\u00a0\u00a0\u00a0\u00a0\u00a0\u00a0\u00a0\u00a0\u00a0\u00a0\u00a0\u00a0\u00a0\u00a0\u00a0\u00a0\u00a010.35 10+ME<\/p>\n<p>10.10.35 ME<\/p>\n<p>10.45.10 + ME<\/p>\n<p>10.35 10+ME<\/p>\n<p>16.8.24 + ME<\/p>\n<p>20.10.20 + ME<\/p>\n<p>20.05.30 + ME<\/p>\n<p>30.10.10 + ME<\/p>\n<p>630.30 + ME<\/p>\n<p>15.10.30 + ME<\/p>\n<p>12.0.43 + ME<\/p>\n<p>10.52.10 + ME<\/p>\n<p>0.40.40 + ME<\/p>\n<p><strong>\u062e\u0635\u0627\u0626\u0635 :<\/strong><\/p>\n<p>&#8211; \u062a\u062d\u062a\u0648\u064a \u062c\u0645\u064a\u0639 \u0645\u062c\u0645\u0648\u0639\u0627\u062a EVER TIME \u0639\u0644\u0649 \u0627\u0644\u0639\u0646\u0627\u0635\u0631 \u0627\u0644\u0646\u0632\u0631\u0629 \u0645\u062e\u0644\u0628\u0629 \u0628\u0648\u0627\u0633\u0637\u0629 EDTA \u0628\u0627\u0644\u0625\u0636\u0627\u0641\u0629 \u0625\u0644\u0649 \u0639\u0646\u0627\u0635\u0631 \u00a0N.P.K.<\/p>\n<p>&#8211; \u0646\u0638\u0631\u064b\u0627 \u0644\u0623\u0646\u0647 \u064a\u062a\u0645 \u0625\u0646\u062a\u0627\u062c\u0647 \u0628\u0627\u0633\u062a\u062e\u062f\u0627\u0645 \u062a\u0642\u0646\u064a\u0629 \u0645\u062a\u0642\u062f\u0645\u0629 \u060c \u0641\u0625\u0646 \u0643\u0644 \u062c\u0633\u064a\u0645 \u0644\u0647 \u0646\u0641\u0633 \u0627\u0644\u0635\u064a\u063a\u0629. \u0639\u0627\u0644\u064a\u0629 \u0627\u0644\u0646\u0642\u0627\u0621. \u0630\u0648\u0628\u0627\u0646\u0647 \u0641\u064a \u0627\u0644\u0645\u0627\u0621 \u0639\u0646\u062f \u0627\u0644\u062d\u062f \u0627\u0644\u0623\u0642\u0635\u0649 \u060c \u0648\u0644\u0627 \u064a\u062a\u0631\u0643 \u0623\u064a \u0628\u0642\u0627\u064a\u0627 \u0648\u064a\u0645\u0643\u0646 \u0627\u0633\u062a\u062e\u062f\u0627\u0645\u0647 \u0645\u0639 \u062c\u0645\u064a\u0639 \u0623\u0646\u0648\u0627\u0639 \u0623\u0646\u0638\u0645\u0629 \u0627\u0644\u0631\u064a.<\/p>\n<p>&#8211; \u0644\u0627 \u064a\u062d\u062a\u0648\u064a \u0639\u0644\u0649 \u0645\u0648\u0627\u062f \u0636\u0627\u0631\u0629 \u0645\u062b\u0644 \u0627\u0644\u0643\u0644\u0648\u0631 \u0648\u0627\u0644\u0628\u064a\u0648\u0631\u064a\u062a.<\/p>\n<p>&#8211; \u062d\u062a\u0649 \u0641\u064a \u0623\u0635\u0639\u0628 \u0627\u0644\u0638\u0631\u0648\u0641 \u0627\u0644\u0645\u0646\u0627\u062e\u064a\u0629) \u0641\u0635\u0644 \u0627\u0644\u0634\u062a\u0627\u0621( \u060c \u0639\u0646\u062f\u0645\u0627 \u064a\u0643\u0648\u0646 \u0627\u0644\u0646\u0628\u0627\u062a \u0645\u062c\u0647\u062f\u0627\u064b \u060c \u064a\u0643\u0648\u0646 \u0627\u0645\u062a\u0635\u0627\u0635\u0647 \u0645\u0646 \u0642\u0628\u0644 \u0627\u0644\u0646\u0628\u0627\u062a \u0639\u0644\u0649 \u0645\u0633\u062a\u0648\u0649 \u0639\u0627\u0644\u064d. \u0628\u0641\u0636\u0644 \u0647\u0630\u0647 \u0627\u0644\u0645\u064a\u0632\u0629 \u060c \u062c\u0645\u064a\u0639 \u0645\u062c\u0645\u0648\u0639\u0627\u062a EVER TIME \u0639\u0628\u0627\u0631\u0629 \u0639\u0646 \u0623\u0633\u0645\u062f\u0629 \u0639\u0627\u0644\u064a\u0629 \u0627\u0644\u0623\u062f\u0627\u0621.<\/p>\n<p>&#8211; \u064a\u0645\u0643\u0646 \u0627\u0633\u062a\u062e\u062f\u0627\u0645\u0647 \u0644\u062c\u0645\u064a\u0639 \u0627\u0644\u0645\u0646\u062a\u062c\u0627\u062a \u0627\u0644\u0632\u0631\u0627\u0639\u064a\u0629 \u0641\u064a \u062c\u0645\u064a\u0639 \u0627\u0644\u0623\u0648\u0642\u0627\u062a.<\/p>\n<p>&#8211; \u0639\u0646\u062f \u0627\u0633\u062a\u062e\u062f\u0627\u0645\u0647 \u0645\u0639 \u0627\u0644\u0645\u0628\u064a\u062f\u0627\u062a \u0627\u0644\u062d\u0634\u0631\u064a\u0629 \u060c \u0641\u0625\u0646\u0647 \u064a\u0642\u0644\u0644 \u0645\u0646 \u062f\u0631\u062c\u0629 \u0627\u0644\u062d\u0645\u0648\u0636\u0629 \u0641\u064a \u0627\u0644\u062e\u0644\u064a\u0637 \u00a0\u0628\u062d\u064a\u062b \u0644\u0627 \u064a\u0623\u062b\u0631 \u0639\u0644\u0649 \u0641\u0639\u0627\u0644\u064a\u0629 \u0627\u0644\u0645\u0628\u064a\u062f\u0627\u062a.<\/p>\n<p><strong>\u062c\u0631\u0639\u0629<\/strong> <strong>\u0627\u0644\u062a\u0637\u0628\u064a\u0642<\/strong> <strong>\u0627\u0644\u0639\u0627\u0645\u0629<\/strong><strong>:<\/strong><\/p>\n<p>&#8211; \u0627\u0633\u062a\u062e\u062f\u0627\u0645\u0647 \u0639\u0644\u0649 \u0627\u0644\u0623\u0648\u0631\u0627\u0642: 200 \u063a\u0631\u0627\u0645 \u0644\u0643\u0644 100 \u0644 \u0645\u0627\u0621.<\/p>\n<p>&#8211; \u0639\u0646 \u0637\u0631\u064a\u0642 \u0627\u0644\u0631\u064a \u0628\u0627\u0644\u062a\u0646\u0642\u064a\u0637:. 1.5-1 \u0643\u062c\u0645 \u0644\u0644\u062f\u0648\u0646\u0645 \u0627\u0644\u0648\u0627\u062d\u062f<\/p>\n","protected":false},"excerpt":{"rendered":"<h3><strong>Suda \u00c7\u00f6z\u00fcn\u00fcr NPK Serisi<\/strong><\/h3>\n","protected":false},"featured_media":843,"template":"","meta":[],"product_cat":[257],"product_tag":[],"_links":{"self":[{"href":"https:\/\/www.nobeltarim.com\/index.php?rest_route=\/wp\/v2\/product\/1025"}],"collection":[{"href":"https:\/\/www.nobeltarim.com\/index.php?rest_route=\/wp\/v2\/product"}],"about":[{"href":"https:\/\/www.nobeltarim.com\/index.php?rest_route=\/wp\/v2\/types\/product"}],"wp:featuredmedia":[{"embeddable":true,"href":"https:\/\/www.nobeltarim.com\/index.php?rest_route=\/wp\/v2\/media\/843"}],"wp:attachment":[{"href":"https:\/\/www.nobeltarim.com\/index.php?rest_route=%2Fwp%2Fv2%2Fmedia&parent=1025"}],"wp:term":[{"taxonomy":"product_cat","embeddable":true,"href":"https:\/\/www.nobeltarim.com\/index.php?rest_route=%2Fwp%2Fv2%2Fproduct_cat&post=1025"},{"taxonomy":"product_tag","embeddable":true,"href":"https:\/\/www.nobeltarim.com\/index.php?rest_route=%2Fwp%2Fv2%2Fproduct_tag&post=1025"}],"curies":[{"name":"wp","href":"https:\/\/api.w.org\/{rel}","templated":true}]}}