{"id":1024,"date":"2023-11-28T21:32:20","date_gmt":"2023-11-28T18:32:20","guid":{"rendered":"https:\/\/www.nobeltarim.com\/?post_type=product&#038;p=1024"},"modified":"2023-11-28T21:32:20","modified_gmt":"2023-11-28T18:32:20","slug":"ever-time-6","status":"publish","type":"product","link":"https:\/\/www.nobeltarim.com\/?product=ever-time-6&lang=ru","title":{"rendered":"EVER  TIME"},"content":{"rendered":"<p>&nbsp;<\/p>\n<p><strong>EVER\u00a0 TIME<\/strong><\/p>\n<ol>\n<li><strong>C\u0435\u0440\u0438\u044f B\u043e\u0434\u043e\u0440\u0430\u0441\u0442\u0432\u043e\u0440\u0438\u043c\u044b\u0445 NPK<\/strong><\/li>\n<\/ol>\n<p><strong>\u00a0<\/strong><strong>\u0421\u0435\u0440\u0438\u044f B\u043e\u0434\u043e\u0440\u0430\u0441\u0442\u0432\u043e\u0440\u0438\u043c\u044b\u0445 NPK<\/strong><\/p>\n<p><strong>\u00a0<\/strong><strong>\u0424\u043e\u0440\u043c\u0443\u043b\u044b<\/strong><\/p>\n<p>&nbsp;<\/p>\n<p>20 \u0444\u0443\u043d\u0442\u043e\u0432 \u043a\u0440\u0430\u0444\u0442-\u043c\u0435\u0448\u043e\u043a\u00a0\u00a0\u00a0\u00a0\u00a0\u00a0\u00a0\u00a0\u00a0\u00a0\u00a0\u00a0\u00a0\u00a0\u00a0\u00a0\u00a0\u00a0\u00a0\u00a0 1 \u043a\u0433 \u043a\u043e\u0440\u043e\u0431\u043a\u0430<\/p>\n<p>20.20.20.20-\u041c\u0415 \u00a0\u00a0\u00a0\u00a0\u00a0\u00a0\u00a0\u00a0\u00a0\u00a0\u00a0\u00a0\u00a0\u00a0\u00a0\u00a0\u00a0\u00a0\u00a0\u00a0\u00a0\u00a0\u00a0\u00a0\u00a0\u00a0\u00a0\u00a0\u00a0\u00a0\u00a0\u00a0\u00a0 18-18-18-18-\u041c\u0415<\/p>\n<p>5.12.40-ME \u00a0\u00a0\u00a0\u00a0\u00a0\u00a0\u00a0\u00a0\u00a0\u00a0\u00a0\u00a0\u00a0\u00a0\u00a0\u00a0\u00a0\u00a0\u00a0\u00a0\u00a0\u00a0\u00a0\u00a0\u00a0\u00a0\u00a0\u00a0\u00a0\u00a0\u00a0\u00a0\u00a0\u00a0\u00a0\u00a0\u00a0\u00a0 10.10.35 ME<\/p>\n<p>10.40.10+ME \u00a0\u00a0\u00a0\u00a0\u00a0\u00a0\u00a0\u00a0\u00a0\u00a0\u00a0\u00a0\u00a0\u00a0\u00a0\u00a0\u00a0\u00a0\u00a0\u00a0\u00a0\u00a0\u00a0\u00a0\u00a0\u00a0\u00a0\u00a0\u00a0\u00a0\u00a0\u00a0\u00a0\u00a0\u00a0\u00a0 10.35 10-ME<\/p>\n<p>16.8.24-\u041cE<\/p>\n<p>20.10.20+\u041c\u0415<\/p>\n<p>20.05.30-\u041cE<\/p>\n<p>30.10.10-\u041cE<\/p>\n<p>630.30+\u041c\u0415<\/p>\n<p>15.10.30+\u041c\u0415<\/p>\n<p>12.0.43+\u041c\u0415<\/p>\n<p>10.52.10+\u041c\u0415<\/p>\n<p>0.40.40+\u041c\u0415<\/p>\n<p>&nbsp;<\/p>\n<p>\u0425\u0430\u0440\u0430\u043a\u0442\u0435\u0440\u0438\u0441\u0442\u0438\u043a\u0438:<\/p>\n<p>&nbsp;<\/p>\n<p>-\u0412\u0441\u044f \u0441\u0435\u0440\u0438\u044f GEVER TIME \u043f\u043e\u043c\u0438\u043c\u043e N.PK \u0441\u043e\u0434\u0435\u0440\u0436\u0438\u0442 \u0445\u0435\u043b\u0430\u0442\u0438\u0440\u043e\u0432\u0430\u043d\u043d\u044b\u0435 \u043c\u0438\u043a\u0440\u043e\u044d\u043b\u0435\u043c\u0435\u043d\u0442\u044b EDTA.<\/p>\n<p>&#8211; \u041f\u043e\u0441\u043a\u043e\u043b\u044c\u043a\u0443 \u043e\u043d\u0438 \u043f\u0440\u043e\u0438\u0437\u0432\u043e\u0434\u044f\u0442\u0441\u044f \u043f\u043e \u043f\u0435\u0440\u0435\u0434\u043e\u0432\u043e\u0439 \u0442\u0435\u0445\u043d\u043e\u043b\u043e\u0433\u0438\u0438, \u043a\u0430\u0436\u0434\u0430\u044f \u0447\u0430\u0441\u0442\u0438\u0446\u0430 \u0438\u043c\u0435\u0435\u0442 \u043e\u0434\u0438\u043d\u0430\u043a\u043e\u0432\u0443\u044e \u0444\u043e\u0440\u043c\u0443\u043b\u0443. \u0412\u044b\u0441\u043e\u043a\u0430\u044f \u0441\u0442\u0435\u043f\u0435\u043d\u044c \u043e\u0447\u0438\u0441\u0442\u043a\u0438. \u0421\u043f\u043e\u0441\u043e\u0431\u043d\u043e\u0441\u0442\u044c \u0440\u0430\u0441\u0442\u0432\u043e\u0440\u044f\u0442\u044c\u0441\u044f \u0432 \u0432\u043e\u0434\u0435 \u043d\u0430\u0445\u043e\u0434\u0438\u0442\u0441\u044f \u043d\u0430 \u043c\u0430\u043a\u0441\u0438\u043c\u0430\u043b\u044c\u043d\u043e\u043c \u0443\u0440\u043e\u0432\u043d\u0435, \u043d\u0435 \u043e\u0441\u0442\u0430\u0432\u043b\u044f\u0435\u0442 \u043e\u0441\u0430\u0434\u043a\u0430, \u043c\u043e\u0436\u0435\u0442 \u0438\u0441\u043f\u043e\u043b\u044c\u0437\u043e\u0432\u0430\u0442\u044c\u0441\u044f \u0441\u043e \u0432\u0441\u0435\u043c\u0438 \u0432\u0438\u0434\u0430\u043c\u0438 \u0441\u0438\u0441\u0442\u0435\u043c \u043e\u0440\u043e\u0448\u0435\u043d\u0438\u044f \u0438 \u043e\u043f\u0440\u044b\u0441\u043a\u0438\u0432\u0430\u043d\u0438\u044f.<\/p>\n<p>-\u041d\u0435 \u0441\u043e\u0434\u0435\u0440\u0436\u0438\u0442 \u0432\u0440\u0435\u0434\u043d\u044b\u0445 \u0432\u0435\u0449\u0435\u0441\u0442\u0432, \u0442\u0430\u043a\u0438\u0445 \u043a\u0430\u043a \u0445\u043b\u043e\u0440, \u0431\u0438\u0443\u0440\u0435\u0442. -\u0414\u0430\u0436\u0435 \u0432 \u0441\u0430\u043c\u044b\u0445 \u0441\u043b\u043e\u0436\u043d\u044b\u0445 \u043a\u043b\u0438\u043c\u0430\u0442\u0438\u0447\u0435\u0441\u043a\u0438\u0445 \u0443\u0441\u043b\u043e\u0432\u0438\u044f\u0445 (\u0437\u0438\u043c\u043d\u0438\u0439 \u043f\u0435\u0440\u0438\u043e\u0434), \u043a\u043e\u0433\u0434\u0430 \u0440\u0430\u0441\u0442\u0435\u043d\u0438\u0435 \u0438\u0441\u043f\u044b\u0442\u044b\u0432\u0430\u0435\u0442 \u0441\u0442\u0440\u0435\u0441\u0441, \u0435\u0433\u043e \u0443\u0441\u0432\u043e\u0435\u043d\u0438\u0435 \u0440\u0430\u0441\u0442\u0435\u043d\u0438\u0435\u043c \u043d\u0430\u0445\u043e\u0434\u0438\u0442\u0441\u044f \u043d\u0430 \u0432\u044b\u0441\u043e\u043a\u043e\u043c \u0443\u0440\u043e\u0432\u043d\u0435. \u0411\u043b\u0430\u0433\u043e\u0434\u0430\u0440\u044f \u044d\u0442\u043e\u0439 \u043e\u0441\u043e\u0431\u0435\u043d\u043d\u043e\u0441\u0442\u0438 \u0432\u0441\u0435 \u0443\u0434\u043e\u0431\u0440\u0435\u043d\u0438\u044f \u0441\u0435\u0440\u0438\u0438 GROW TIME \u044f\u0432\u043b\u044f\u044e\u0442\u0441\u044f \u0432\u044b\u0441\u043e\u043a\u043e\u044d\u0444\u0444\u0435\u043a\u0442\u0438\u0432\u043d\u044b\u043c\u0438.<\/p>\n<p>&#8211; \u0415\u0433\u043e \u043c\u043e\u0436\u043d\u043e \u0438\u0441\u043f\u043e\u043b\u044c\u0437\u043e\u0432\u0430\u0442\u044c \u0432 \u043b\u044e\u0431\u043e\u0439 \u0441\u0435\u043b\u044c\u0441\u043a\u043e\u0445\u043e\u0437\u044f\u0439\u0441\u0442\u0432\u0435\u043d\u043d\u043e\u0439 \u043f\u0440\u043e\u0434\u0443\u043a\u0446\u0438\u0438 \u0432 \u043b\u044e\u0431\u043e\u0439 \u043f\u0435\u0440\u0438\u043e\u0434.<\/p>\n<p>&#8211; \u041f\u0440\u0438 \u0438\u0441\u043f\u043e\u043b\u044c\u0437\u043e\u0432\u0430\u043d\u0438\u0438 \u0432 \u0441\u043c\u0435\u0441\u0438 \u0441 \u043f\u0435\u0441\u0442\u0438\u0446\u0438\u0434\u0430\u043c\u0438 \u0441\u043d\u0438\u0436\u0430\u0435\u0442 \u0440\u041d \u0441\u043c\u0435\u0441\u0438 \u0438 \u043f\u0440\u0435\u043f\u044f\u0442\u0441\u0442\u0432\u0443\u0435\u0442 \u0441\u043d\u0438\u0436\u0435\u043d\u0438\u044e \u0434\u0435\u0439\u0441\u0442\u0432\u0438\u044f \u043f\u0435\u0441\u0442\u0438\u0446\u0438\u0434\u043e\u0432.<\/p>\n<p>\u041e\u0431\u0449\u0435\u0435 \u043f\u0440\u0438\u043c\u0435\u043d\u0435\u043d\u0438\u0435 \u0414\u043e\u0437\u0438\u0440\u043e\u0432\u043a\u0430:<\/p>\n<p>-\u0432\u043d\u0435\u043a\u043e\u0440\u043d\u0435\u0432\u043e\u0435 \u043f\u0440\u0438\u043c\u0435\u043d\u0435\u043d\u0438\u0435; 200 \u0433 \u043d\u0430 100 \u043b \u0432\u043e\u0434\u044b<\/p>\n<p>&#8211; \u041f\u0440\u0438 \u043a\u0430\u043f\u0435\u043b\u044c\u043d\u043e\u043c \u043e\u0440\u043e\u0448\u0435\u043d\u0438\u0438; 1-1,5 \u043a\u0433 \u043d\u0430 \u0434\u0435\u043a\u0430\u0440\u0435<\/p>\n<p>&nbsp;<\/p>\n","protected":false},"excerpt":{"rendered":"<h3><strong>Suda \u00c7\u00f6z\u00fcn\u00fcr NPK Serisi<\/strong><\/h3>\n","protected":false},"featured_media":843,"template":"","meta":[],"product_cat":[260],"product_tag":[],"_links":{"self":[{"href":"https:\/\/www.nobeltarim.com\/index.php?rest_route=\/wp\/v2\/product\/1024"}],"collection":[{"href":"https:\/\/www.nobeltarim.com\/index.php?rest_route=\/wp\/v2\/product"}],"about":[{"href":"https:\/\/www.nobeltarim.com\/index.php?rest_route=\/wp\/v2\/types\/product"}],"wp:featuredmedia":[{"embeddable":true,"href":"https:\/\/www.nobeltarim.com\/index.php?rest_route=\/wp\/v2\/media\/843"}],"wp:attachment":[{"href":"https:\/\/www.nobeltarim.com\/index.php?rest_route=%2Fwp%2Fv2%2Fmedia&parent=1024"}],"wp:term":[{"taxonomy":"product_cat","embeddable":true,"href":"https:\/\/www.nobeltarim.com\/index.php?rest_route=%2Fwp%2Fv2%2Fproduct_cat&post=1024"},{"taxonomy":"product_tag","embeddable":true,"href":"https:\/\/www.nobeltarim.com\/index.php?rest_route=%2Fwp%2Fv2%2Fproduct_tag&post=1024"}],"curies":[{"name":"wp","href":"https:\/\/api.w.org\/{rel}","templated":true}]}}