{"id":1021,"date":"2023-11-28T21:29:00","date_gmt":"2023-11-28T18:29:00","guid":{"rendered":"https:\/\/www.nobeltarim.com\/?post_type=product&#038;p=1021"},"modified":"2023-11-28T21:29:00","modified_gmt":"2023-11-28T18:29:00","slug":"sequferrine-2","status":"publish","type":"product","link":"https:\/\/www.nobeltarim.com\/?product=sequferrine-2&lang=fr","title":{"rendered":"SEQUFERRINE"},"content":{"rendered":"<p><strong>SEQUFERRINE<\/strong><\/p>\n<p><strong>\u00a0<\/strong><\/p>\n<p><strong>ANALYSE GARANTIE : (% P\/P) <\/strong><\/p>\n<p>Fer soluble dans l&#8217;eau (EDDHA-Fe) : 6%<\/p>\n<p><strong>(Fer m\u00e9tallique ortho-ortho EDDHA-Fe 6% de) <\/strong><\/p>\n<p>Il se pr\u00e9sente sous forme de micro-granules et est facilement soluble dans l&#8217;eau. C&#8217;est une source efficace de fer qui \u00e9limine la carence en fer dans les l\u00e9gumes, les vignobles, les fraises, les plantes ornementales, les arbres fruitiers tels que les pommiers, les p\u00eachers et les pistachiers et les agrumes. Il s&#8217;absorbe par les racines. Il favorise la croissance des plantes et donne une couleur vert fonc\u00e9 saine aux parties vertes sans sympt\u00f4mes de carence en fer. Par cons\u00e9quent, il fournit plus de bourgeons et de fleurs et permet d&#8217;obtenir un rendement \u00e9lev\u00e9 et des cultures de qualit\u00e9, en particulier dans les sols alcalins calcaires o\u00f9 le fer ne peut pas \u00eatre absorb\u00e9 en quantit\u00e9 suffisante par les plantes. La dose d&#8217;utilisation varie en fonction du degr\u00e9 de chlorose des plantes et du type de sol. La dose d&#8217;usage g\u00e9n\u00e9ral est de gramme par d\u00e9care. Un dosage plus \u00e9lev\u00e9 peut \u00eatre n\u00e9cessaire dans les sols lourds. Une application plus pr\u00e9coce et plus fr\u00e9quente doit \u00eatre faite dans un sol l\u00e9ger.<\/p>\n<p><strong>\u00a0<\/strong><\/p>\n<p><strong>M\u00e9thode, Temps et dosage d&#8217;application :<\/strong><\/p>\n<p>Il s&#8217;applique uniquement par aspersion sur le sol ou par syst\u00e8me d&#8217;irrigation goutte \u00e0 goutte. A la dose recommand\u00e9e par arbre, juste avant la pr\u00e9cipitation ou l&#8217;irrigation, le sol est excav\u00e9 circulairement de 15 \u00e0 20 cm sur la partie de la zone racinaire au sol ou \u00e0 la projection des branches ext\u00e9rieures de l&#8217;arbre. et on verse dans le trou creus\u00e9 la dose recommand\u00e9e par arbre, s\u00e8che ou dilu\u00e9e. Ensuite, lorsqu&#8217;elle sera recouverte de terre et arros\u00e9e, elle sera rapidement absorb\u00e9e par les racines capillaires et atteindra le corps de la plante.<\/p>\n<p>&nbsp;<\/p>\n<p><strong>P\u00e9riode d&#8217;application :<\/strong><\/p>\n<p>L&#8217;application doit \u00eatre faite lorsque des sympt\u00f4mes de carence en fer sont attendus. Le meilleur moment pour l&#8217;application est la p\u00e9riode o\u00f9 les arbres commencent \u00e0 se r\u00e9veiller au printemps. Dans les vergers et les p\u00e9pini\u00e8res, l&#8217;application se fait au d\u00e9but du printemps avant l&#8217;ouverture des bourgeons et des fleurs.<\/p>\n<p><strong>\u00a0<\/strong><\/p>\n<p><strong>MIXABILIT\u00c9 :<\/strong><\/p>\n<p>Il peut \u00eatre utilis\u00e9 en m\u00e9lange avec des engrais secs et liquides. Cependant, il ne doit pas \u00eatre m\u00e9lang\u00e9 avec des m\u00e9dicaments contenant des m\u00e9taux lourds tels que le cuivre.<\/p>\n<p><strong>\u00a0<\/strong><\/p>\n","protected":false},"excerpt":{"rendered":"<p>SEQUFERRINE \u00a0 ANALYSE GARANTIE : (% P\/P) Fer soluble dans l&#8217;eau (EDDHA-Fe) : 6% (Fer m\u00e9tallique ortho-ortho EDDHA-Fe 6% de) Il se pr\u00e9sente sous forme de micro-granules et est facilement soluble dans l&#8217;eau. C&#8217;est une source efficace de fer qui \u00e9limine la carence en fer dans les l\u00e9gumes, les vignobles, les fraises, les plantes ornementales, [&#8230;]\n","protected":false},"featured_media":0,"template":"","meta":[],"product_cat":[253],"product_tag":[],"_links":{"self":[{"href":"https:\/\/www.nobeltarim.com\/index.php?rest_route=\/wp\/v2\/product\/1021"}],"collection":[{"href":"https:\/\/www.nobeltarim.com\/index.php?rest_route=\/wp\/v2\/product"}],"about":[{"href":"https:\/\/www.nobeltarim.com\/index.php?rest_route=\/wp\/v2\/types\/product"}],"wp:attachment":[{"href":"https:\/\/www.nobeltarim.com\/index.php?rest_route=%2Fwp%2Fv2%2Fmedia&parent=1021"}],"wp:term":[{"taxonomy":"product_cat","embeddable":true,"href":"https:\/\/www.nobeltarim.com\/index.php?rest_route=%2Fwp%2Fv2%2Fproduct_cat&post=1021"},{"taxonomy":"product_tag","embeddable":true,"href":"https:\/\/www.nobeltarim.com\/index.php?rest_route=%2Fwp%2Fv2%2Fproduct_tag&post=1021"}],"curies":[{"name":"wp","href":"https:\/\/api.w.org\/{rel}","templated":true}]}}