{"id":1014,"date":"2023-11-28T21:24:28","date_gmt":"2023-11-28T18:24:28","guid":{"rendered":"https:\/\/www.nobeltarim.com\/?post_type=product&#038;p=1014"},"modified":"2023-11-28T21:24:29","modified_gmt":"2023-11-28T18:24:29","slug":"zona-4","status":"publish","type":"product","link":"https:\/\/www.nobeltarim.com\/?product=zona-4&lang=fr","title":{"rendered":"ZONA"},"content":{"rendered":"<p><strong>ZONA<\/strong><\/p>\n<p><strong>0-50-30<\/strong><\/p>\n<p><strong>\u00a0<\/strong><\/p>\n<p><strong>Contenu garanti<\/strong> \u00a0\u00a0\u00a0\u00a0\u00a0\u00a0\u00a0\u00a0\u00a0\u00a0\u00a0\u00a0\u00a0\u00a0\u00a0\u00a0\u00a0\u00a0\u00a0\u00a0\u00a0\u00a0\u00a0\u00a0\u00a0\u00a0\u00a0\u00a0\u00a0\u00a0\u00a0\u00a0\u00a0\u00a0\u00a0\u00a0\u00a0\u00a0\u00a0\u00a0\u00a0\u00a0\u00a0\u00a0\u00a0\u00a0\u00a0\u00a0\u00a0\u00a0\u00a0\u00a0\u00a0\u00a0\u00a0\u00a0\u00a0\u00a0\u00a0\u00a0\u00a0\u00a0\u00a0\u00a0\u00a0\u00a0\u00a0\u00a0\u00a0\u00a0\u00a0\u00a0\u00a0\u00a0\u00a0\u00a0\u00a0<strong>p\/p<\/strong><\/p>\n<p>Penta-oxyde de phosphore soluble dans l&#8217;eau (P\u2082O\u2085) : \u00a0\u00a0\u00a0\u00a0\u00a0\u00a0\u00a0\u00a0\u00a0\u00a0\u00a0\u00a050%<\/p>\n<p>Oxyde de potassium soluble dans l&#8217;eau (K\u2082O) :\u00a0\u00a0\u00a0\u00a0\u00a0\u00a0\u00a0\u00a0\u00a0\u00a0\u00a0\u00a0\u00a0\u00a0\u00a0\u00a0\u00a0\u00a0\u00a0\u00a0\u00a0\u00a0\u00a0 30%<\/p>\n<p>&nbsp;<\/p>\n<p><strong>Zona 0-50-30;<\/strong><\/p>\n<p>-C&#8217;est un produit additif sp\u00e9cial qui augmente le d\u00e9veloppement des racines capillaires des plantes.<\/p>\n<p>-Il s&#8217;utilise apr\u00e8s la plantation des semis.<\/p>\n<p>&#8211; Il s&#8217;utilise \u00e0 la dose de 500gr (1 bo\u00eete) par d\u00e9care.<\/p>\n<p>-L&#8217;utilisation foliaire du <strong>ZONA 0-50-30<\/strong> permet \u00e0 la plante de d\u00e9velopper des tiges saines, stables et solides. Il augmente la formation des fleurs et pr\u00e9vient la perte des fleurs et des fruits.<\/p>\n<p>-Dans ce but, 150-200 gr s&#8217;utilisent dans 100 It d&#8217;eau par application foliaire.<\/p>\n<p>-Il peut \u00eatre utilis\u00e9 en le m\u00e9langeant avec de nombreux produits.<\/p>\n","protected":false},"excerpt":{"rendered":"<p>ZONA 0-50-30 \u00a0 Contenu garanti \u00a0\u00a0\u00a0\u00a0\u00a0\u00a0\u00a0\u00a0\u00a0\u00a0\u00a0\u00a0\u00a0\u00a0\u00a0\u00a0\u00a0\u00a0\u00a0\u00a0\u00a0\u00a0\u00a0\u00a0\u00a0\u00a0\u00a0\u00a0\u00a0\u00a0\u00a0\u00a0\u00a0\u00a0\u00a0\u00a0\u00a0\u00a0\u00a0\u00a0\u00a0\u00a0\u00a0\u00a0\u00a0\u00a0\u00a0\u00a0\u00a0\u00a0\u00a0\u00a0\u00a0\u00a0\u00a0\u00a0\u00a0\u00a0\u00a0\u00a0\u00a0\u00a0\u00a0\u00a0\u00a0\u00a0\u00a0\u00a0\u00a0\u00a0\u00a0\u00a0\u00a0\u00a0\u00a0\u00a0\u00a0p\/p Penta-oxyde de phosphore soluble dans l&#8217;eau (P\u2082O\u2085) : \u00a0\u00a0\u00a0\u00a0\u00a0\u00a0\u00a0\u00a0\u00a0\u00a0\u00a0\u00a050% Oxyde de potassium soluble dans l&#8217;eau (K\u2082O) :\u00a0\u00a0\u00a0\u00a0\u00a0\u00a0\u00a0\u00a0\u00a0\u00a0\u00a0\u00a0\u00a0\u00a0\u00a0\u00a0\u00a0\u00a0\u00a0\u00a0\u00a0\u00a0\u00a0 30% &nbsp; Zona 0-50-30; -C&#8217;est un produit additif sp\u00e9cial qui augmente le d\u00e9veloppement des racines capillaires des plantes. -Il s&#8217;utilise apr\u00e8s la plantation des semis. &#8211; Il s&#8217;utilise \u00e0 la dose de [&#8230;]\n","protected":false},"featured_media":607,"template":"","meta":[],"product_cat":[253],"product_tag":[],"_links":{"self":[{"href":"https:\/\/www.nobeltarim.com\/index.php?rest_route=\/wp\/v2\/product\/1014"}],"collection":[{"href":"https:\/\/www.nobeltarim.com\/index.php?rest_route=\/wp\/v2\/product"}],"about":[{"href":"https:\/\/www.nobeltarim.com\/index.php?rest_route=\/wp\/v2\/types\/product"}],"wp:featuredmedia":[{"embeddable":true,"href":"https:\/\/www.nobeltarim.com\/index.php?rest_route=\/wp\/v2\/media\/607"}],"wp:attachment":[{"href":"https:\/\/www.nobeltarim.com\/index.php?rest_route=%2Fwp%2Fv2%2Fmedia&parent=1014"}],"wp:term":[{"taxonomy":"product_cat","embeddable":true,"href":"https:\/\/www.nobeltarim.com\/index.php?rest_route=%2Fwp%2Fv2%2Fproduct_cat&post=1014"},{"taxonomy":"product_tag","embeddable":true,"href":"https:\/\/www.nobeltarim.com\/index.php?rest_route=%2Fwp%2Fv2%2Fproduct_tag&post=1014"}],"curies":[{"name":"wp","href":"https:\/\/api.w.org\/{rel}","templated":true}]}}