{"id":1009,"date":"2023-11-28T21:22:00","date_gmt":"2023-11-28T18:22:00","guid":{"rendered":"https:\/\/www.nobeltarim.com\/?post_type=product&#038;p=1009"},"modified":"2023-11-28T21:22:00","modified_gmt":"2023-11-28T18:22:00","slug":"g-t-mangan-edta-2","status":"publish","type":"product","link":"https:\/\/www.nobeltarim.com\/?product=g-t-mangan-edta-2&lang=fr","title":{"rendered":"G.T MANGAN-EDTA"},"content":{"rendered":"<p><strong>G.T MANGAN-EDTA<\/strong><\/p>\n<p>&nbsp;<\/p>\n<p><strong>Contenu garanti<\/strong> \u00a0\u00a0\u00a0\u00a0\u00a0\u00a0\u00a0\u00a0\u00a0\u00a0\u00a0\u00a0\u00a0\u00a0\u00a0\u00a0\u00a0\u00a0\u00a0\u00a0\u00a0\u00a0\u00a0\u00a0\u00a0\u00a0\u00a0\u00a0\u00a0\u00a0\u00a0\u00a0\u00a0\u00a0\u00a0<strong>p\/p<\/strong><\/p>\n<p>Mangan\u00e8se soluble dans l&#8217;eau (Mn) : 12%<\/p>\n<p><strong>\u00d6ZELL\u0130KLER\u0130<\/strong><\/p>\n<p>&#8211; Ch\u00e9lat\u00e9 \u00e0 80 % avec de l&#8217;EDTA.<\/p>\n<p>-Il s&#8217;absorbait enti\u00e8rement et s\u2019exploitait par les plantes.<\/p>\n<p>-Il est efficace pendant une longue p\u00e9riode.<\/p>\n<p>&#8211; Il s&#8217;utilise pour \u00e9liminer les carences des plantes en Mangase.<\/p>\n<p>&#8211; Il contribue positivement \u00e0 la formation de la couleur des fruits.<\/p>\n<p>-Il joue un r\u00f4le important dans la photosynth\u00e8se.<\/p>\n<p>&#8211; Augmente la r\u00e9sistance aux maladies et au froid.<\/p>\n<p><strong>Dosage g\u00e9n\u00e9ral de l&#8217;utilisation:<\/strong> 100-200 gr pour 100 litres d&#8217;eau en application foliaire. Il peut \u00eatre donn\u00e9 jusqu&#8217;\u00e0 400-600 grammes par d\u00e9care avec un syst\u00e8me d&#8217;irrigation goutte \u00e0 goutte.<\/p>\n","protected":false},"excerpt":{"rendered":"<p>G.T MANGAN-EDTA &nbsp; Contenu garanti \u00a0\u00a0\u00a0\u00a0\u00a0\u00a0\u00a0\u00a0\u00a0\u00a0\u00a0\u00a0\u00a0\u00a0\u00a0\u00a0\u00a0\u00a0\u00a0\u00a0\u00a0\u00a0\u00a0\u00a0\u00a0\u00a0\u00a0\u00a0\u00a0\u00a0\u00a0\u00a0\u00a0\u00a0\u00a0p\/p Mangan\u00e8se soluble dans l&#8217;eau (Mn) : 12% \u00d6ZELL\u0130KLER\u0130 &#8211; Ch\u00e9lat\u00e9 \u00e0 80 % avec de l&#8217;EDTA. -Il s&#8217;absorbait enti\u00e8rement et s\u2019exploitait par les plantes. -Il est efficace pendant une longue p\u00e9riode. &#8211; Il s&#8217;utilise pour \u00e9liminer les carences des plantes en Mangase. &#8211; Il contribue positivement \u00e0 la formation [&#8230;]\n","protected":false},"featured_media":557,"template":"","meta":[],"product_cat":[253],"product_tag":[],"_links":{"self":[{"href":"https:\/\/www.nobeltarim.com\/index.php?rest_route=\/wp\/v2\/product\/1009"}],"collection":[{"href":"https:\/\/www.nobeltarim.com\/index.php?rest_route=\/wp\/v2\/product"}],"about":[{"href":"https:\/\/www.nobeltarim.com\/index.php?rest_route=\/wp\/v2\/types\/product"}],"wp:featuredmedia":[{"embeddable":true,"href":"https:\/\/www.nobeltarim.com\/index.php?rest_route=\/wp\/v2\/media\/557"}],"wp:attachment":[{"href":"https:\/\/www.nobeltarim.com\/index.php?rest_route=%2Fwp%2Fv2%2Fmedia&parent=1009"}],"wp:term":[{"taxonomy":"product_cat","embeddable":true,"href":"https:\/\/www.nobeltarim.com\/index.php?rest_route=%2Fwp%2Fv2%2Fproduct_cat&post=1009"},{"taxonomy":"product_tag","embeddable":true,"href":"https:\/\/www.nobeltarim.com\/index.php?rest_route=%2Fwp%2Fv2%2Fproduct_tag&post=1009"}],"curies":[{"name":"wp","href":"https:\/\/api.w.org\/{rel}","templated":true}]}}