{"id":1008,"date":"2023-11-28T21:21:04","date_gmt":"2023-11-28T18:21:04","guid":{"rendered":"https:\/\/www.nobeltarim.com\/?post_type=product&#038;p=1008"},"modified":"2023-11-28T21:21:05","modified_gmt":"2023-11-28T18:21:05","slug":"g-t-cinko-edta-4","status":"publish","type":"product","link":"https:\/\/www.nobeltarim.com\/?product=g-t-cinko-edta-4&lang=fr","title":{"rendered":"G.T \u00c7\u0130NKO-EDTA"},"content":{"rendered":"<p><strong>G.T \u00c7\u0130NKO-EDTA<\/strong><\/p>\n<p>&nbsp;<\/p>\n<p><strong>Contenu garanti\u00a0\u00a0\u00a0\u00a0\u00a0\u00a0\u00a0\u00a0\u00a0\u00a0\u00a0\u00a0\u00a0\u00a0\u00a0\u00a0\u00a0\u00a0\u00a0\u00a0\u00a0 \u00a0p\/p<\/strong><\/p>\n<p>Zinc soluble dans l&#8217;eau (Zn) : \u00a014%<\/p>\n<p><strong>CARACT\u00c9RISTIQUES<\/strong><\/p>\n<p>-Ch\u00e9lat\u00e9 \u00e0 80 % avec de l&#8217;EDTA.<\/p>\n<p>-Il s&#8217;absorbe enti\u00e8rement et s&#8217;utilise par les plantes.<\/p>\n<p>-Il est efficace pendant une longue p\u00e9riode.<\/p>\n<p>-Il s&#8217;utilise pour \u00e9liminer les carences des plantes en zinc.<\/p>\n<p>-Pr\u00e9vient le rabougrissement et les l&#8217;empilement des feuilles observ\u00e9s en cas de carence en zinc.<\/p>\n<p>Dosage g\u00e9n\u00e9ral de l&#8217;utilisation: 100-200 gr pour 100 litres d&#8217;eau en application foliaire. Il peut \u00eatre donn\u00e9 jusqu&#8217;\u00e0 200-400 grammes par d\u00e9care avec un syst\u00e8me d&#8217;irrigation goutte \u00e0 goutte.<\/p>\n<p>&nbsp;<\/p>\n","protected":false},"excerpt":{"rendered":"<p>G.T \u00c7\u0130NKO-EDTA &nbsp; Contenu garanti\u00a0\u00a0\u00a0\u00a0\u00a0\u00a0\u00a0\u00a0\u00a0\u00a0\u00a0\u00a0\u00a0\u00a0\u00a0\u00a0\u00a0\u00a0\u00a0\u00a0\u00a0 \u00a0p\/p Zinc soluble dans l&#8217;eau (Zn) : \u00a014% CARACT\u00c9RISTIQUES -Ch\u00e9lat\u00e9 \u00e0 80 % avec de l&#8217;EDTA. -Il s&#8217;absorbe enti\u00e8rement et s&#8217;utilise par les plantes. -Il est efficace pendant une longue p\u00e9riode. -Il s&#8217;utilise pour \u00e9liminer les carences des plantes en zinc. -Pr\u00e9vient le rabougrissement et les l&#8217;empilement des feuilles observ\u00e9s [&#8230;]\n","protected":false},"featured_media":555,"template":"","meta":[],"product_cat":[253],"product_tag":[],"_links":{"self":[{"href":"https:\/\/www.nobeltarim.com\/index.php?rest_route=\/wp\/v2\/product\/1008"}],"collection":[{"href":"https:\/\/www.nobeltarim.com\/index.php?rest_route=\/wp\/v2\/product"}],"about":[{"href":"https:\/\/www.nobeltarim.com\/index.php?rest_route=\/wp\/v2\/types\/product"}],"wp:featuredmedia":[{"embeddable":true,"href":"https:\/\/www.nobeltarim.com\/index.php?rest_route=\/wp\/v2\/media\/555"}],"wp:attachment":[{"href":"https:\/\/www.nobeltarim.com\/index.php?rest_route=%2Fwp%2Fv2%2Fmedia&parent=1008"}],"wp:term":[{"taxonomy":"product_cat","embeddable":true,"href":"https:\/\/www.nobeltarim.com\/index.php?rest_route=%2Fwp%2Fv2%2Fproduct_cat&post=1008"},{"taxonomy":"product_tag","embeddable":true,"href":"https:\/\/www.nobeltarim.com\/index.php?rest_route=%2Fwp%2Fv2%2Fproduct_tag&post=1008"}],"curies":[{"name":"wp","href":"https:\/\/api.w.org\/{rel}","templated":true}]}}