{"id":1006,"date":"2023-11-28T21:20:12","date_gmt":"2023-11-28T18:20:12","guid":{"rendered":"https:\/\/www.nobeltarim.com\/?post_type=product&#038;p=1006"},"modified":"2023-11-28T21:20:12","modified_gmt":"2023-11-28T18:20:12","slug":"g-t-cinko-edta-2","status":"publish","type":"product","link":"https:\/\/www.nobeltarim.com\/?product=g-t-cinko-edta-2&lang=ru","title":{"rendered":"G.T \u00c7\u0130NKO-EDTA"},"content":{"rendered":"<p><strong>G.T \u00c7\u0130NKO-EDTA<\/strong><\/p>\n<p><strong>\u00a0<\/strong><\/p>\n<p><strong>\u0413\u0430\u0440\u0430\u043d\u0442\u0438\u0440\u043e\u0432\u0430\u043d\u043d\u043e\u0435 \u0441\u043e\u0434\u0435\u0440\u0436\u0430\u043d\u0438\u0435<\/strong><\/p>\n<p>\u0412\u043e\u0434\u043e\u0440\u0430\u0441\u0442\u0432\u043e\u0440\u0438\u043c\u044b\u0439 \u0446\u0438\u043d\u043a (Zn): \u00a0\u00a0\u00a0\u00a0\u00a0\u00a0\u00a0\u00a0\u00a0\u00a0\u00a0\u00a0\u00a0\u00a0\u00a0\u00a0\u00a0\u00a0\u00a0\u00a0\u00a0\u00a0\u00a0 14% w\/w.<\/p>\n<p>&nbsp;<\/p>\n<p><strong>\u041e\u0421\u041e\u0411\u0415\u041d\u041d\u041e\u0421\u0422\u0418<\/strong><\/p>\n<p>-\u0421\u043e\u0434\u0435\u0440\u0436\u0438\u0442 \u042d\u0414\u0422\u0410 \u043d\u0430 80%.<\/p>\n<p>-\u041f\u043e\u043b\u043d\u043e\u0441\u0442\u044c\u044e \u043f\u043e\u0433\u043b\u043e\u0449\u0430\u0435\u0442\u0441\u044f \u0438 \u0438\u0441\u043f\u043e\u043b\u044c\u0437\u0443\u0435\u0442\u0441\u044f \u0440\u0430\u0441\u0442\u0435\u043d\u0438\u044f\u043c\u0438.<\/p>\n<p>-\u0414\u0435\u0439\u0441\u0442\u0432\u0443\u0435\u0442 \u0432 \u0442\u0435\u0447\u0435\u043d\u0438\u0435 \u0434\u043b\u0438\u0442\u0435\u043b\u044c\u043d\u043e\u0433\u043e \u0432\u0440\u0435\u043c\u0435\u043d\u0438.<\/p>\n<p>-\u041f\u0440\u0438\u043c\u0435\u043d\u044f\u0435\u0442\u0441\u044f \u0434\u043b\u044f \u0443\u0441\u0442\u0440\u0430\u043d\u0435\u043d\u0438\u044f \u0434\u0435\u0444\u0438\u0446\u0438\u0442\u0430 \u0446\u0438\u043d\u043a\u0430 \u0432 \u0440\u0430\u0441\u0442\u0435\u043d\u0438\u044f\u0445.<\/p>\n<p>-\u041f\u0440\u0435\u0434\u0443\u043f\u0440\u0435\u0436\u0434\u0430\u0435\u0442 \u043e\u0442\u0441\u0442\u0430\u0432\u0430\u043d\u0438\u0435 \u0432 \u0440\u043e\u0441\u0442\u0435 \u0438 \u0440\u043e\u0437\u0435\u0442\u043a\u043e\u043e\u0431\u0440\u0430\u0437\u043e\u0432\u0430\u043d\u0438\u0438, \u043d\u0430\u0431\u043b\u044e\u0434\u0430\u0435\u043c\u043e\u0435 \u043f\u0440\u0438 \u0434\u0435\u0444\u0438\u0446\u0438\u0442\u0435 \u0446\u0438\u043d\u043a\u0430.<\/p>\n<p>&nbsp;<\/p>\n<p><strong>\u041e\u0431\u0449\u0430\u044f \u0434\u043e\u0437\u0438\u0440\u043e\u0432\u043a\u0430 \u043f\u0440\u0438\u043c\u0435\u043d\u0435\u043d\u0438\u044f:<\/strong><\/p>\n<p>\u0412 \u043a\u0430\u0447\u0435\u0441\u0442\u0432\u0435 \u0432\u043d\u0435\u043a\u043e\u0440\u043d\u0435\u0432\u044b\u0445 \u043f\u043e\u0434\u043a\u043e\u0440\u043c\u043e\u043a &#8211; 100-200 \u0433 \u043d\u0430 100 \u043b \u0432\u043e\u0434\u044b. \u041f\u0440\u0438 \u043a\u0430\u043f\u0435\u043b\u044c\u043d\u043e\u043c \u043e\u0440\u043e\u0448\u0435\u043d\u0438\u0438 \u043c\u043e\u0436\u043d\u043e \u0432\u043d\u043e\u0441\u0438\u0442\u044c \u0434\u043e 200-400 \u0433 \u043d\u0430 \u0434\u0435\u043a\u0430\u043d.<\/p>\n<p>&nbsp;<\/p>\n","protected":false},"excerpt":{"rendered":"<p>G.T \u00c7\u0130NKO-EDTA \u00a0 \u0413\u0430\u0440\u0430\u043d\u0442\u0438\u0440\u043e\u0432\u0430\u043d\u043d\u043e\u0435 \u0441\u043e\u0434\u0435\u0440\u0436\u0430\u043d\u0438\u0435 \u0412\u043e\u0434\u043e\u0440\u0430\u0441\u0442\u0432\u043e\u0440\u0438\u043c\u044b\u0439 \u0446\u0438\u043d\u043a (Zn): \u00a0\u00a0\u00a0\u00a0\u00a0\u00a0\u00a0\u00a0\u00a0\u00a0\u00a0\u00a0\u00a0\u00a0\u00a0\u00a0\u00a0\u00a0\u00a0\u00a0\u00a0\u00a0\u00a0 14% w\/w. &nbsp; \u041e\u0421\u041e\u0411\u0415\u041d\u041d\u041e\u0421\u0422\u0418 -\u0421\u043e\u0434\u0435\u0440\u0436\u0438\u0442 \u042d\u0414\u0422\u0410 \u043d\u0430 80%. -\u041f\u043e\u043b\u043d\u043e\u0441\u0442\u044c\u044e \u043f\u043e\u0433\u043b\u043e\u0449\u0430\u0435\u0442\u0441\u044f \u0438 \u0438\u0441\u043f\u043e\u043b\u044c\u0437\u0443\u0435\u0442\u0441\u044f \u0440\u0430\u0441\u0442\u0435\u043d\u0438\u044f\u043c\u0438. -\u0414\u0435\u0439\u0441\u0442\u0432\u0443\u0435\u0442 \u0432 \u0442\u0435\u0447\u0435\u043d\u0438\u0435 \u0434\u043b\u0438\u0442\u0435\u043b\u044c\u043d\u043e\u0433\u043e \u0432\u0440\u0435\u043c\u0435\u043d\u0438. -\u041f\u0440\u0438\u043c\u0435\u043d\u044f\u0435\u0442\u0441\u044f \u0434\u043b\u044f \u0443\u0441\u0442\u0440\u0430\u043d\u0435\u043d\u0438\u044f \u0434\u0435\u0444\u0438\u0446\u0438\u0442\u0430 \u0446\u0438\u043d\u043a\u0430 \u0432 \u0440\u0430\u0441\u0442\u0435\u043d\u0438\u044f\u0445. -\u041f\u0440\u0435\u0434\u0443\u043f\u0440\u0435\u0436\u0434\u0430\u0435\u0442 \u043e\u0442\u0441\u0442\u0430\u0432\u0430\u043d\u0438\u0435 \u0432 \u0440\u043e\u0441\u0442\u0435 \u0438 \u0440\u043e\u0437\u0435\u0442\u043a\u043e\u043e\u0431\u0440\u0430\u0437\u043e\u0432\u0430\u043d\u0438\u0438, \u043d\u0430\u0431\u043b\u044e\u0434\u0430\u0435\u043c\u043e\u0435 \u043f\u0440\u0438 \u0434\u0435\u0444\u0438\u0446\u0438\u0442\u0435 \u0446\u0438\u043d\u043a\u0430. &nbsp; \u041e\u0431\u0449\u0430\u044f \u0434\u043e\u0437\u0438\u0440\u043e\u0432\u043a\u0430 \u043f\u0440\u0438\u043c\u0435\u043d\u0435\u043d\u0438\u044f: \u0412 \u043a\u0430\u0447\u0435\u0441\u0442\u0432\u0435 \u0432\u043d\u0435\u043a\u043e\u0440\u043d\u0435\u0432\u044b\u0445 \u043f\u043e\u0434\u043a\u043e\u0440\u043c\u043e\u043a &#8211; 100-200 \u0433 [&#8230;]\n","protected":false},"featured_media":555,"template":"","meta":[],"product_cat":[260],"product_tag":[],"_links":{"self":[{"href":"https:\/\/www.nobeltarim.com\/index.php?rest_route=\/wp\/v2\/product\/1006"}],"collection":[{"href":"https:\/\/www.nobeltarim.com\/index.php?rest_route=\/wp\/v2\/product"}],"about":[{"href":"https:\/\/www.nobeltarim.com\/index.php?rest_route=\/wp\/v2\/types\/product"}],"wp:featuredmedia":[{"embeddable":true,"href":"https:\/\/www.nobeltarim.com\/index.php?rest_route=\/wp\/v2\/media\/555"}],"wp:attachment":[{"href":"https:\/\/www.nobeltarim.com\/index.php?rest_route=%2Fwp%2Fv2%2Fmedia&parent=1006"}],"wp:term":[{"taxonomy":"product_cat","embeddable":true,"href":"https:\/\/www.nobeltarim.com\/index.php?rest_route=%2Fwp%2Fv2%2Fproduct_cat&post=1006"},{"taxonomy":"product_tag","embeddable":true,"href":"https:\/\/www.nobeltarim.com\/index.php?rest_route=%2Fwp%2Fv2%2Fproduct_tag&post=1006"}],"curies":[{"name":"wp","href":"https:\/\/api.w.org\/{rel}","templated":true}]}}