{"id":1003,"date":"2023-11-28T21:03:54","date_gmt":"2023-11-28T18:03:54","guid":{"rendered":"https:\/\/www.nobeltarim.com\/?post_type=product&#038;p=1003"},"modified":"2023-11-28T21:03:54","modified_gmt":"2023-11-28T18:03:54","slug":"ever-time-3","status":"publish","type":"product","link":"https:\/\/www.nobeltarim.com\/?product=ever-time-3&lang=fr","title":{"rendered":"EVER\u00a0 TIME"},"content":{"rendered":"<p>&nbsp;<\/p>\n<p><strong>EVER\u00a0 TIME\u00a0 S\u00c9RIE D&#8217;OL\u0130GO-\u00c9L\u00c9MENTS LIQUIDES<\/strong><\/p>\n<p>&nbsp;<\/p>\n<p><strong>Formulations<\/strong><\/p>\n<p>EVER TIME COPPER:\u00a0\u00a0\u00a0\u00a0\u00a0\u00a0\u00a0\u00a0\u00a0\u00a0\u00a0\u00a0\u00a0 % 6 cuivre<\/p>\n<p>EVER TIME CALCIUM :\u00a0\u00a0\u00a0\u00a0\u00a0\u00a0\u00a0\u00a0\u00a0\u00a0 % 12 Calcium<\/p>\n<p>EVER TIME ZINC :\u00a0\u00a0\u00a0\u00a0\u00a0\u00a0\u00a0\u00a0\u00a0\u00a0\u00a0\u00a0\u00a0\u00a0\u00a0\u00a0\u00a0\u00a0\u00a0 % 8 Zinc<\/p>\n<p>EVER TIME IRON :\u00a0\u00a0\u00a0\u00a0\u00a0\u00a0\u00a0\u00a0\u00a0\u00a0\u00a0\u00a0\u00a0\u00a0\u00a0\u00a0\u00a0\u00a0 % 6 Fer<\/p>\n<p>EVER TIME BOR:\u00a0\u00a0\u00a0\u00a0\u00a0\u00a0\u00a0\u00a0\u00a0\u00a0\u00a0\u00a0\u00a0\u00a0\u00a0\u00a0\u00a0\u00a0\u00a0\u00a0\u00a0 % 10 Bor<\/p>\n<p>EVER TIME MANGAN :\u00a0\u00a0\u00a0\u00a0\u00a0\u00a0\u00a0\u00a0\u00a0\u00a0\u00a0 % 8 Mangan\u00e8se<\/p>\n<p>&nbsp;<\/p>\n<p>EVER TIME MAGNESIUM:\u00a0\u00a0\u00a0\u00a0\u00a0\u00a0\u00a0 % 6 Magn\u00e9sium<\/p>\n<p>EVER TIME MOLIBOR :\u00a0\u00a0\u00a0\u00a0\u00a0\u00a0\u00a0\u00a0\u00a0\u00a0\u00a0\u00a0 % 6 Bor , % 1 Molybd\u00e8ne<\/p>\n<p><strong>Caract\u00e9ristiques :<\/strong><\/p>\n<p>&#8211; Toute la s\u00e9rie d&#8217;oligo-\u00e9l\u00e9ments de EVER TIME LIQUID est ch\u00e9lat\u00e9e avec des acides amin\u00e9s de haute puret\u00e9. Cela garantit un niveau \u00e9lev\u00e9 d&#8217;absorption par les plantes.<\/p>\n<p>&#8211; Les mati\u00e8res premi\u00e8res utilis\u00e9es dans la s\u00e9rie d&#8217;oligo-\u00e9l\u00e9ments EVER TIME liquide sont \u00e9galements de la plus haute puret\u00e9 et ne contiennent pas de produits qui peuvent \u00eatre nocifs pour les plantes. Il peut \u00eatre utilis\u00e9 en toute s\u00e9curit\u00e9 dans toutes les p\u00e9riodes dont les plantes ont besoin.<\/p>\n<p>Les doses G\u00e9n\u00e9rales d&#8217;Utilisation: Bien que cela varie selon le type, l&#8217;application foliaire peut g\u00e9n\u00e9ralement \u00eatre jusqu&#8217;\u00e0 400-600 grammes par d\u00e9care avec 50-100 ml d&#8217;irrigation pour 100 It.<\/p>\n<p>&nbsp;<\/p>\n","protected":false},"excerpt":{"rendered":"<p>&nbsp; EVER\u00a0 TIME\u00a0 S\u00c9RIE D&#8217;OL\u0130GO-\u00c9L\u00c9MENTS LIQUIDES &nbsp; Formulations EVER TIME COPPER:\u00a0\u00a0\u00a0\u00a0\u00a0\u00a0\u00a0\u00a0\u00a0\u00a0\u00a0\u00a0\u00a0 % 6 cuivre EVER TIME CALCIUM :\u00a0\u00a0\u00a0\u00a0\u00a0\u00a0\u00a0\u00a0\u00a0\u00a0 % 12 Calcium EVER TIME ZINC :\u00a0\u00a0\u00a0\u00a0\u00a0\u00a0\u00a0\u00a0\u00a0\u00a0\u00a0\u00a0\u00a0\u00a0\u00a0\u00a0\u00a0\u00a0\u00a0 % 8 Zinc EVER TIME IRON :\u00a0\u00a0\u00a0\u00a0\u00a0\u00a0\u00a0\u00a0\u00a0\u00a0\u00a0\u00a0\u00a0\u00a0\u00a0\u00a0\u00a0\u00a0 % 6 Fer EVER TIME BOR:\u00a0\u00a0\u00a0\u00a0\u00a0\u00a0\u00a0\u00a0\u00a0\u00a0\u00a0\u00a0\u00a0\u00a0\u00a0\u00a0\u00a0\u00a0\u00a0\u00a0\u00a0 % 10 Bor EVER TIME MANGAN :\u00a0\u00a0\u00a0\u00a0\u00a0\u00a0\u00a0\u00a0\u00a0\u00a0\u00a0 % 8 Mangan\u00e8se &nbsp; EVER TIME MAGNESIUM:\u00a0\u00a0\u00a0\u00a0\u00a0\u00a0\u00a0 % 6 Magn\u00e9sium [&#8230;]\n","protected":false},"featured_media":606,"template":"","meta":[],"product_cat":[253],"product_tag":[],"_links":{"self":[{"href":"https:\/\/www.nobeltarim.com\/index.php?rest_route=\/wp\/v2\/product\/1003"}],"collection":[{"href":"https:\/\/www.nobeltarim.com\/index.php?rest_route=\/wp\/v2\/product"}],"about":[{"href":"https:\/\/www.nobeltarim.com\/index.php?rest_route=\/wp\/v2\/types\/product"}],"wp:featuredmedia":[{"embeddable":true,"href":"https:\/\/www.nobeltarim.com\/index.php?rest_route=\/wp\/v2\/media\/606"}],"wp:attachment":[{"href":"https:\/\/www.nobeltarim.com\/index.php?rest_route=%2Fwp%2Fv2%2Fmedia&parent=1003"}],"wp:term":[{"taxonomy":"product_cat","embeddable":true,"href":"https:\/\/www.nobeltarim.com\/index.php?rest_route=%2Fwp%2Fv2%2Fproduct_cat&post=1003"},{"taxonomy":"product_tag","embeddable":true,"href":"https:\/\/www.nobeltarim.com\/index.php?rest_route=%2Fwp%2Fv2%2Fproduct_tag&post=1003"}],"curies":[{"name":"wp","href":"https:\/\/api.w.org\/{rel}","templated":true}]}}