{"id":1002,"date":"2023-11-28T21:02:59","date_gmt":"2023-11-28T18:02:59","guid":{"rendered":"https:\/\/www.nobeltarim.com\/?post_type=product&#038;p=1002"},"modified":"2023-11-28T21:02:59","modified_gmt":"2023-11-28T18:02:59","slug":"citro-maks-4","status":"publish","type":"product","link":"https:\/\/www.nobeltarim.com\/?product=citro-maks-4&lang=fr","title":{"rendered":"CITRO MAKS"},"content":{"rendered":"<p><strong>CITRO MAKS<\/strong><\/p>\n<p>SOLUTION DE POTASSIUM<\/p>\n<p><strong>\u00a0<\/strong><\/p>\n<p><strong>\u00a0<\/strong><\/p>\n<p><strong>\u00a0<\/strong><\/p>\n<p><strong>Contenu garanti\u00a0\u00a0\u00a0\u00a0\u00a0\u00a0\u00a0\u00a0\u00a0\u00a0\u00a0\u00a0\u00a0\u00a0\u00a0\u00a0\u00a0\u00a0\u00a0\u00a0\u00a0\u00a0\u00a0\u00a0\u00a0\u00a0\u00a0\u00a0\u00a0\u00a0\u00a0\u00a0\u00a0\u00a0\u00a0\u00a0\u00a0\u00a0\u00a0\u00a0\u00a0\u00a0\u00a0\u00a0\u00a0\u00a0 <\/strong>\u00a0<strong>p\/p<\/strong><\/p>\n<p>Oxyde de potassium soluble dans l&#8217;eau (K\u2082O) : 25%.<\/p>\n<p>&nbsp;<\/p>\n<p><strong>Avantages<\/strong> <strong>:<\/strong><\/p>\n<p>&#8211; Citro max est une source de potassium pur, maximalement ch\u00e9lat\u00e9 par l&#8217;acide citrique et enti\u00e8rement absorbable par les plantes.<\/p>\n<p>-Les mol\u00e9cules d&#8217;acides organiques transportent facilement et rapidement les \u00e9l\u00e9ments ch\u00e9lat\u00e9s vers les tissus v\u00e9g\u00e9taux. Les plantes l&#8217;utilisent dans leur m\u00e9tabolisme.<\/p>\n<p>&#8211; L&#8217;utilisation de CITRO MAKS, en particulier pendant la p\u00e9riode de croissance et de maturation des fruits, augmente le poids des fruits et leur teneur en Brix, et aide les fruits \u00e0 m\u00fbrir plus rapidement et \u00e0 obtenir une meilleure couleur.<\/p>\n<p>&#8211; Il ne contient pas de nitrate, de soufre, de chlore et de sodium.<\/p>\n<p>&nbsp;<\/p>\n<p><strong>Doses d&#8217;utilisation g\u00e9n\u00e9rale\u00a0:<\/strong><\/p>\n<p>-Utilisation foliaire 200 ml \/ 100 L d&#8217;eau<\/p>\n<p>-Irrigation goutte \u00e0 goutte, arrosage avec d&#8217;autres syst\u00e8mes d&#8217;irrigation 1,5-2 litres \/ d\u00e9care.<\/p>\n<p>&nbsp;<\/p>\n","protected":false},"excerpt":{"rendered":"<h3><strong>POTASYUM \u00c7\u00d6ZELT\u0130S\u0130<\/strong><\/h3>\n","protected":false},"featured_media":502,"template":"","meta":[],"product_cat":[235],"product_tag":[],"_links":{"self":[{"href":"https:\/\/www.nobeltarim.com\/index.php?rest_route=\/wp\/v2\/product\/1002"}],"collection":[{"href":"https:\/\/www.nobeltarim.com\/index.php?rest_route=\/wp\/v2\/product"}],"about":[{"href":"https:\/\/www.nobeltarim.com\/index.php?rest_route=\/wp\/v2\/types\/product"}],"wp:featuredmedia":[{"embeddable":true,"href":"https:\/\/www.nobeltarim.com\/index.php?rest_route=\/wp\/v2\/media\/502"}],"wp:attachment":[{"href":"https:\/\/www.nobeltarim.com\/index.php?rest_route=%2Fwp%2Fv2%2Fmedia&parent=1002"}],"wp:term":[{"taxonomy":"product_cat","embeddable":true,"href":"https:\/\/www.nobeltarim.com\/index.php?rest_route=%2Fwp%2Fv2%2Fproduct_cat&post=1002"},{"taxonomy":"product_tag","embeddable":true,"href":"https:\/\/www.nobeltarim.com\/index.php?rest_route=%2Fwp%2Fv2%2Fproduct_tag&post=1002"}],"curies":[{"name":"wp","href":"https:\/\/api.w.org\/{rel}","templated":true}]}}