{"id":725,"date":"2021-09-14T07:07:24","date_gmt":"2021-09-14T07:07:24","guid":{"rendered":"http:\/\/www.nobeltarim.com\/?page_id=725"},"modified":"2021-09-14T07:08:16","modified_gmt":"2021-09-14T07:08:16","slug":"product-groups","status":"publish","type":"page","link":"https:\/\/www.nobeltarim.com\/?page_id=725&lang=en","title":{"rendered":"Product Groups"},"content":{"rendered":"\n  <div class=\"banner has-hover has-parallax\" id=\"banner-513007738\">\n          <div class=\"banner-inner fill\">\n        <div class=\"banner-bg fill\" data-parallax=\"-2\" data-parallax-container=\".banner\" data-parallax-background>\n            <div class=\"bg fill bg-fill \"><\/div>\n                        <div class=\"overlay\"><\/div>            \n                    <\/div>\n        <div class=\"banner-layers container\">\n            <div class=\"fill banner-link\"><\/div>            \n   <div id=\"text-box-1082137325\" class=\"text-box banner-layer x50 md-x50 lg-x50 y50 md-y50 lg-y50 res-text\">\n                                <div class=\"text-box-content text dark text-shadow-1\">\n              \n              <div class=\"text-inner text-center\">\n                  \n<h3 class=\"uppercase\">NOBEL AGRICULTURAL PRODUCT GROUPS<\/h3>\n              <\/div>\n           <\/div>\n                            \n<style>\n#text-box-1082137325 {\n  width: 60%;\n}\n#text-box-1082137325 .text-box-content {\n  font-size: 100%;\n}\n@media (min-width:550px) {\n  #text-box-1082137325 {\n    width: 63%;\n  }\n}\n<\/style>\n    <\/div>\n \n        <\/div>\n      <\/div>\n\n            \n<style>\n#banner-513007738 {\n  padding-top: 360px;\n}\n#banner-513007738 .bg.bg-loaded {\n  background-image: url(https:\/\/www.nobeltarim.com\/wp-content\/uploads\/2021\/07\/green-grass-field-34-1400x438.jpg);\n}\n#banner-513007738 .overlay {\n  background-color: rgba(0, 0, 0, 0.16);\n}\n#banner-513007738 .bg {\n  background-position: 56% 97%;\n}\n<\/style>\n  <\/div>\n\n\n<div class=\"row\"  id=\"row-1862068494\">\n\n\t<div id=\"col-1040676868\" class=\"col large-12\"  >\n\t\t<div class=\"col-inner\"  >\n\t\t\t\n\t\t\t\n<div class=\"container section-title-container\" ><h3 class=\"section-title section-title-center\"><b><\/b><span class=\"section-title-main\" >OUR PRODUCT GROUPS<\/span><b><\/b><\/h3><\/div>\n\n  \n    <div class=\"row large-columns-4 medium-columns-3 small-columns-2 row-xsmall row-full-width\">\n          <div class=\"product-category col\" >\n            <div class=\"col-inner\">\n              <a href=\"https:\/\/www.nobeltarim.com\/?product_cat=organic-products&#038;lang=en\">                <div class=\"box box-category has-hover box-badge hover-dark \">\n                <div class=\"box-image\" >\n                  <div class=\"\" >\n                  <img src=\"http:\/\/www.nobeltarim.com\/wp-content\/uploads\/2021\/07\/placeholder.png\" alt=\"Organic Products\" width=\"300\" height=\"300\" \/>                                                      <\/div>\n                <\/div>\n                <div class=\"box-text text-center is-large\" >\n                  <div class=\"box-text-inner\">\n                      <h5 class=\"uppercase header-title\">\n                              Organic Products                      <\/h5>\n                                            \n                  <\/div>\n                <\/div>\n                <\/div>\n            <\/a>            <\/div>\n            <\/div>\n                <div class=\"product-category col\" >\n            <div class=\"col-inner\">\n              <a href=\"https:\/\/www.nobeltarim.com\/?product_cat=ozel-urunler-sivi\">                <div class=\"box box-category has-hover box-badge hover-dark \">\n                <div class=\"box-image\" >\n                  <div class=\"\" >\n                  <img src=\"http:\/\/www.nobeltarim.com\/wp-content\/uploads\/2021\/07\/placeholder.png\" alt=\"\u00d6zel \u00dcr\u00fcnler (SIVI)\" width=\"300\" height=\"300\" \/>                                                      <\/div>\n                <\/div>\n                <div class=\"box-text text-center is-large\" >\n                  <div class=\"box-text-inner\">\n                      <h5 class=\"uppercase header-title\">\n                              \u00d6zel \u00dcr\u00fcnler (SIVI)                      <\/h5>\n                                            \n                  <\/div>\n                <\/div>\n                <\/div>\n            <\/a>            <\/div>\n            <\/div>\n                <div class=\"product-category col\" >\n            <div class=\"col-inner\">\n              <a href=\"https:\/\/www.nobeltarim.com\/?product_cat=ozel-urunler-toz\">                <div class=\"box box-category has-hover box-badge hover-dark \">\n                <div class=\"box-image\" >\n                  <div class=\"\" >\n                  <img src=\"http:\/\/www.nobeltarim.com\/wp-content\/uploads\/2021\/07\/placeholder.png\" alt=\"\u00d6zel \u00dcr\u00fcnler (TOZ)\" width=\"300\" height=\"300\" \/>                                                      <\/div>\n                <\/div>\n                <div class=\"box-text text-center is-large\" >\n                  <div class=\"box-text-inner\">\n                      <h5 class=\"uppercase header-title\">\n                              \u00d6zel \u00dcr\u00fcnler (TOZ)                      <\/h5>\n                                            \n                  <\/div>\n                <\/div>\n                <\/div>\n            <\/a>            <\/div>\n            <\/div>\n                <div class=\"product-category col\" >\n            <div class=\"col-inner\">\n              <a href=\"https:\/\/www.nobeltarim.com\/?product_cat=yeni-urunler\">                <div class=\"box box-category has-hover box-badge hover-dark \">\n                <div class=\"box-image\" >\n                  <div class=\"\" >\n                  <img src=\"http:\/\/www.nobeltarim.com\/wp-content\/uploads\/2021\/07\/placeholder.png\" alt=\"Yeni \u00fcr\u00fcnler\" width=\"300\" height=\"300\" \/>                                                      <\/div>\n                <\/div>\n                <div class=\"box-text text-center is-large\" >\n                  <div class=\"box-text-inner\">\n                      <h5 class=\"uppercase header-title\">\n                              Yeni \u00fcr\u00fcnler                      <\/h5>\n                                            \n                  <\/div>\n                <\/div>\n                <\/div>\n            <\/a>            <\/div>\n            <\/div>\n                <div class=\"product-category col\" >\n            <div class=\"col-inner\">\n              <a href=\"https:\/\/www.nobeltarim.com\/?product_cat=sivi-gubreler\">                <div class=\"box box-category has-hover box-badge hover-dark \">\n                <div class=\"box-image\" >\n                  <div class=\"\" >\n                  <img src=\"http:\/\/www.nobeltarim.com\/wp-content\/uploads\/2021\/07\/placeholder.png\" alt=\"S\u0131v\u0131 G\u00fcbreler\" width=\"300\" height=\"300\" \/>                                                      <\/div>\n                <\/div>\n                <div class=\"box-text text-center is-large\" >\n                  <div class=\"box-text-inner\">\n                      <h5 class=\"uppercase header-title\">\n                              S\u0131v\u0131 G\u00fcbreler                      <\/h5>\n                                            \n                  <\/div>\n                <\/div>\n                <\/div>\n            <\/a>            <\/div>\n            <\/div>\n                <div class=\"product-category col\" >\n            <div class=\"col-inner\">\n              <a href=\"https:\/\/www.nobeltarim.com\/?product_cat=selatli-urunler\">                <div class=\"box box-category has-hover box-badge hover-dark \">\n                <div class=\"box-image\" >\n                  <div class=\"\" >\n                  <img src=\"http:\/\/www.nobeltarim.com\/wp-content\/uploads\/2021\/07\/placeholder.png\" alt=\"Yenilik\u00e7i \u00dcr\u00fcnler\" width=\"300\" height=\"300\" \/>                                                      <\/div>\n                <\/div>\n                <div class=\"box-text text-center is-large\" >\n                  <div class=\"box-text-inner\">\n                      <h5 class=\"uppercase header-title\">\n                              Yenilik\u00e7i \u00dcr\u00fcnler                      <\/h5>\n                                            \n                  <\/div>\n                <\/div>\n                <\/div>\n            <\/a>            <\/div>\n            <\/div>\n                <div class=\"product-category col\" >\n            <div class=\"col-inner\">\n              <a href=\"https:\/\/www.nobeltarim.com\/?product_cat=diger-urunler\">                <div class=\"box box-category has-hover box-badge hover-dark \">\n                <div class=\"box-image\" >\n                  <div class=\"\" >\n                  <img src=\"http:\/\/www.nobeltarim.com\/wp-content\/uploads\/2021\/07\/placeholder.png\" alt=\"Di\u011fer \u00dcr\u00fcnler\" width=\"300\" height=\"300\" \/>                                                      <\/div>\n                <\/div>\n                <div class=\"box-text text-center is-large\" >\n                  <div class=\"box-text-inner\">\n                      <h5 class=\"uppercase header-title\">\n                              Di\u011fer \u00dcr\u00fcnler                      <\/h5>\n                                            \n                  <\/div>\n                <\/div>\n                <\/div>\n            <\/a>            <\/div>\n            <\/div>\n        <\/div>\n\t\t<\/div>\n\t\t\t<\/div>\n\n\t\n<\/div>\n","protected":false},"excerpt":{"rendered":"","protected":false},"author":1,"featured_media":16,"parent":0,"menu_order":22,"comment_status":"closed","ping_status":"closed","template":"page-blank.php","meta":[],"_links":{"self":[{"href":"https:\/\/www.nobeltarim.com\/index.php?rest_route=\/wp\/v2\/pages\/725"}],"collection":[{"href":"https:\/\/www.nobeltarim.com\/index.php?rest_route=\/wp\/v2\/pages"}],"about":[{"href":"https:\/\/www.nobeltarim.com\/index.php?rest_route=\/wp\/v2\/types\/page"}],"author":[{"embeddable":true,"href":"https:\/\/www.nobeltarim.com\/index.php?rest_route=\/wp\/v2\/users\/1"}],"replies":[{"embeddable":true,"href":"https:\/\/www.nobeltarim.com\/index.php?rest_route=%2Fwp%2Fv2%2Fcomments&post=725"}],"version-history":[{"count":2,"href":"https:\/\/www.nobeltarim.com\/index.php?rest_route=\/wp\/v2\/pages\/725\/revisions"}],"predecessor-version":[{"id":727,"href":"https:\/\/www.nobeltarim.com\/index.php?rest_route=\/wp\/v2\/pages\/725\/revisions\/727"}],"wp:featuredmedia":[{"embeddable":true,"href":"https:\/\/www.nobeltarim.com\/index.php?rest_route=\/wp\/v2\/media\/16"}],"wp:attachment":[{"href":"https:\/\/www.nobeltarim.com\/index.php?rest_route=%2Fwp%2Fv2%2Fmedia&parent=725"}],"curies":[{"name":"wp","href":"https:\/\/api.w.org\/{rel}","templated":true}]}}